{"id":147111,"date":"2018-08-31T11:09:03","date_gmt":"2025-03-11T14:48:03","guid":{"rendered":"https:\/\/kingarms.ee\/product\/taktiniai-akiniai-juodi-3\/"},"modified":"2025-03-11T17:48:03","modified_gmt":"2025-03-11T14:48:03","slug":"taktiniai-akiniai-juodi-3","status":"publish","type":"product","link":"https:\/\/kingarms.ee\/lt\/product\/taktiniai-akiniai-juodi-3\/","title":{"rendered":"Taktiniai akiniai-juodi<br><br>"},"content":{"rendered":"<p><a href=\"https:\/\/kingarms.ee\/wp-content\/uploads\/2018\/05\/1152196165_1.jpg\"><img loading=\"lazy\" decoding=\"async\" class=\"size-medium wp-image-2661\" src=\"https:\/\/kingarms.ee\/wp-content\/uploads\/2018\/05\/1152196165_1-300x205.jpg\" alt=\"\" width=\"300\" height=\"205\"><\/a><\/p>\n","protected":false},"excerpt":{"rendered":"<p>Taktiniai akiniai-juodi<\/p>\n<p>Juodi tinkliniai akiniai<\/p>\n<p><span style=\"color: #ff0000;\">NB!<\/p>\n<p> Produktas n\u0117ra balistin\u0117 aki\u0173 apsauga ir jo naudojimas \u0161iam tikslui nesuderinamas su jo paskirtimi.<\/p>\n<p>Pardav\u0117jas ir gamintojas n\u0117ra atsakingi u\u017e produkto naudojim\u0105 vartotojo akims apsaugoti airsoft \u017eaidimuose naudojant airsoft kopijas.<\/p>\n<p> Tai taip pat taikoma galimoms vartotojo sveikatos problemoms ar turtinei \u017ealai, o skundas d\u0117l produkto netaikomas.<\/p>\n<p><\/span><\/p>\n","protected":false},"featured_media":106349,"template":"","meta":{"_acf_changed":false},"product_brand":[],"product_cat":[1211],"product_tag":[],"class_list":{"0":"post-147111","1":"product","2":"type-product","3":"status-publish","4":"has-post-thumbnail","6":"product_cat-airsoft-akiniai","8":"first","9":"instock","10":"purchasable","11":"product-type-simple"},"acf":[],"_links":{"self":[{"href":"https:\/\/kingarms.ee\/lt\/wp-json\/wp\/v2\/product\/147111","targetHints":{"allow":["GET"]}}],"collection":[{"href":"https:\/\/kingarms.ee\/lt\/wp-json\/wp\/v2\/product"}],"about":[{"href":"https:\/\/kingarms.ee\/lt\/wp-json\/wp\/v2\/types\/product"}],"wp:featuredmedia":[{"embeddable":true,"href":"https:\/\/kingarms.ee\/lt\/wp-json\/wp\/v2\/media\/106349"}],"wp:attachment":[{"href":"https:\/\/kingarms.ee\/lt\/wp-json\/wp\/v2\/media?parent=147111"}],"wp:term":[{"taxonomy":"product_brand","embeddable":true,"href":"https:\/\/kingarms.ee\/lt\/wp-json\/wp\/v2\/product_brand?post=147111"},{"taxonomy":"product_cat","embeddable":true,"href":"https:\/\/kingarms.ee\/lt\/wp-json\/wp\/v2\/product_cat?post=147111"},{"taxonomy":"product_tag","embeddable":true,"href":"https:\/\/kingarms.ee\/lt\/wp-json\/wp\/v2\/product_tag?post=147111"}],"curies":[{"name":"wp","href":"https:\/\/api.w.org\/{rel}","templated":true}]}}