{"id":147121,"date":"2018-08-31T11:08:45","date_gmt":"2025-03-11T15:14:52","guid":{"rendered":"https:\/\/kingarms.ee\/product\/apsaugine-kauke-dykuma\/"},"modified":"2025-03-11T18:14:52","modified_gmt":"2025-03-11T15:14:52","slug":"apsaugine-kauke-dykuma","status":"publish","type":"product","link":"https:\/\/kingarms.ee\/lt\/product\/apsaugine-kauke-dykuma\/","title":{"rendered":"Apsaugin\u0117 kauk\u0117-dykuma<br><br>"},"content":{"rendered":"<p><a href=\"https:\/\/kingarms.ee\/wp-content\/uploads\/2018\/03\/1152198258_1.jpg\"><img loading=\"lazy\" decoding=\"async\" class=\"size-medium wp-image-1672\" src=\"https:\/\/kingarms.ee\/wp-content\/uploads\/2018\/03\/1152198258_1-300x205.jpg\" alt=\"\" width=\"300\" height=\"205\"><\/a><\/p>\n","protected":false},"excerpt":{"rendered":"<p>Apsaugin\u0117 kauk\u0117-dykuma<\/p>\n<p>Populiarus veido dang\u0173 pasirinkimas.<\/p>\n<p> Puskauk\u0117 dengia \u017eaid\u0117jo veid\u0105 nuo nosies iki apatinio \u017eandikaulio, taip pat skruostus iki aus\u0173.<\/p>\n<p> Be puskauk\u0117s, \u017eaid\u0117jas turi \u012fsigyti akinius.<\/p>\n<p> Pusiau kauk\u0117s med\u017eiaga yra patvarus metalinis tinklelis.<\/p>\n<p><span style=\"color: #ff0000;\">NB!<\/p>\n<p> BB kulkos, paleistos \u012f tinkl\u0105, gali sulau\u017eyti ir pradurti metalin\u012f tinklel\u012f gabalais.<\/p>\n<p><\/span><\/p>\n","protected":false},"featured_media":105682,"template":"","meta":{"_acf_changed":false},"product_brand":[],"product_cat":[1215,1209],"product_tag":[],"class_list":{"0":"post-147121","1":"product","2":"type-product","3":"status-publish","4":"has-post-thumbnail","6":"product_cat-be-salmo-tvirtinimo","7":"product_cat-iranga","9":"first","10":"instock","11":"purchasable","12":"product-type-simple"},"acf":[],"_links":{"self":[{"href":"https:\/\/kingarms.ee\/lt\/wp-json\/wp\/v2\/product\/147121","targetHints":{"allow":["GET"]}}],"collection":[{"href":"https:\/\/kingarms.ee\/lt\/wp-json\/wp\/v2\/product"}],"about":[{"href":"https:\/\/kingarms.ee\/lt\/wp-json\/wp\/v2\/types\/product"}],"wp:featuredmedia":[{"embeddable":true,"href":"https:\/\/kingarms.ee\/lt\/wp-json\/wp\/v2\/media\/105682"}],"wp:attachment":[{"href":"https:\/\/kingarms.ee\/lt\/wp-json\/wp\/v2\/media?parent=147121"}],"wp:term":[{"taxonomy":"product_brand","embeddable":true,"href":"https:\/\/kingarms.ee\/lt\/wp-json\/wp\/v2\/product_brand?post=147121"},{"taxonomy":"product_cat","embeddable":true,"href":"https:\/\/kingarms.ee\/lt\/wp-json\/wp\/v2\/product_cat?post=147121"},{"taxonomy":"product_tag","embeddable":true,"href":"https:\/\/kingarms.ee\/lt\/wp-json\/wp\/v2\/product_tag?post=147121"}],"curies":[{"name":"wp","href":"https:\/\/api.w.org\/{rel}","templated":true}]}}