{"id":147123,"date":"2018-08-31T08:08:41","date_gmt":"2025-03-11T15:16:33","guid":{"rendered":"https:\/\/kingarms.ee\/product\/co2-kapsule-12g\/"},"modified":"2025-03-11T18:16:33","modified_gmt":"2025-03-11T15:16:33","slug":"co2-kapsule-12g","status":"publish","type":"product","link":"https:\/\/kingarms.ee\/lt\/product\/co2-kapsule-12g\/","title":{"rendered":"CO2 kapsul\u0117 (12G)<br><br>"},"content":{"rendered":"<p><a href=\"https:\/\/kingarms.ee\/wp-content\/uploads\/2018\/08\/UMAREX-Walther-12G-CO2-Cylinder-Pack-of-12-2252533-image_grande-300x300.jpg\"><img loading=\"lazy\" decoding=\"async\" class=\"alignnone size-medium wp-image-11432\" src=\"https:\/\/kingarms.ee\/wp-content\/uploads\/2018\/08\/UMAREX-Walther-12G-CO2-Cylinder-Pack-of-12-2252533-image_grande-300x300.jpg\" alt=\"\" width=\"300\" height=\"300\" srcset=\"https:\/\/kingarms.ee\/wp-content\/uploads\/2018\/08\/UMAREX-Walther-12G-CO2-Cylinder-Pack-of-12-2252533-image_grande-300x300.jpg 300w, https:\/\/kingarms.ee\/wp-content\/uploads\/2018\/08\/UMAREX-Walther-12G-CO2-Cylinder-Pack-of-12-2252533-image_grande-150x150.jpg 150w, https:\/\/kingarms.ee\/wp-content\/uploads\/2018\/08\/UMAREX-Walther-12G-CO2-Cylinder-Pack-of-12-2252533-image_grande-500x500.jpg 500w, https:\/\/kingarms.ee\/wp-content\/uploads\/2018\/08\/UMAREX-Walther-12G-CO2-Cylinder-Pack-of-12-2252533-image_grande.jpg 600w\" sizes=\"auto, (max-width: 300px) 100vw, 300px\" \/><\/a><\/p>\n","protected":false},"excerpt":{"rendered":"<p>12G CO2 kapsul\u0117 j\u016bs\u0173 airsoft ir oro ginklui.<\/p>\n","protected":false},"featured_media":108404,"template":"","meta":{"_acf_changed":false},"product_brand":[],"product_cat":[1251],"product_tag":[],"class_list":{"0":"post-147123","1":"product","2":"type-product","3":"status-publish","4":"has-post-thumbnail","6":"product_cat-co2-ir-aliejus","8":"first","9":"instock","10":"purchasable","11":"product-type-simple"},"acf":[],"_links":{"self":[{"href":"https:\/\/kingarms.ee\/lt\/wp-json\/wp\/v2\/product\/147123","targetHints":{"allow":["GET"]}}],"collection":[{"href":"https:\/\/kingarms.ee\/lt\/wp-json\/wp\/v2\/product"}],"about":[{"href":"https:\/\/kingarms.ee\/lt\/wp-json\/wp\/v2\/types\/product"}],"wp:featuredmedia":[{"embeddable":true,"href":"https:\/\/kingarms.ee\/lt\/wp-json\/wp\/v2\/media\/108404"}],"wp:attachment":[{"href":"https:\/\/kingarms.ee\/lt\/wp-json\/wp\/v2\/media?parent=147123"}],"wp:term":[{"taxonomy":"product_brand","embeddable":true,"href":"https:\/\/kingarms.ee\/lt\/wp-json\/wp\/v2\/product_brand?post=147123"},{"taxonomy":"product_cat","embeddable":true,"href":"https:\/\/kingarms.ee\/lt\/wp-json\/wp\/v2\/product_cat?post=147123"},{"taxonomy":"product_tag","embeddable":true,"href":"https:\/\/kingarms.ee\/lt\/wp-json\/wp\/v2\/product_tag?post=147123"}],"curies":[{"name":"wp","href":"https:\/\/api.w.org\/{rel}","templated":true}]}}