{"id":147127,"date":"2018-08-31T11:08:41","date_gmt":"2025-03-11T15:26:00","guid":{"rendered":"https:\/\/kingarms.ee\/product\/3h9h40-r6-optiline-sihik-bsa\/"},"modified":"2025-03-11T18:26:00","modified_gmt":"2025-03-11T15:26:00","slug":"3h9h40-r6-optiline-sihik-bsa","status":"publish","type":"product","link":"https:\/\/kingarms.ee\/lt\/product\/3h9h40-r6-optiline-sihik-bsa\/","title":{"rendered":"3h9h40 R6 optiline sihik (BSA)<br><br>"},"content":{"rendered":"<p><a href=\"https:\/\/kingarms.ee\/wp-content\/uploads\/2018\/02\/eng_pl_3-9x40-r6-scope-1152197311_1.jpg\"><img loading=\"lazy\" decoding=\"async\" class=\"alignnone size-medium wp-image-1568\" src=\"https:\/\/kingarms.ee\/wp-content\/uploads\/2018\/02\/eng_pl_3-9x40-r6-scope-1152197311_1-300x200.jpg\" alt=\"\" width=\"300\" height=\"200\"><\/a><\/p>\n","protected":false},"excerpt":{"rendered":"<p>3h9h40 R6 optiline sihik (BSA)<\/p>\n<p>3-9h40eg mil-dot tipo optinis taikiklis.<\/p>\n<p> Taikikl\u012f galima reguliuoti rankiniu b\u016bdu \u012f visas puses.<\/p>\n<p> Gaminio korpusas pagamintas i\u0161 metalo.<\/p>\n<p>Taip pat yra 22 mm RIS b\u0117gio laikiklis.<\/p>\n<p> Ilgis: 310mm, svoris 435g.<\/p>\n","protected":false},"featured_media":105611,"template":"","meta":{"_acf_changed":false},"product_brand":[],"product_cat":[1205],"product_tag":[],"class_list":{"0":"post-147127","1":"product","2":"type-product","3":"status-publish","4":"has-post-thumbnail","6":"product_cat-vaizdai-lt","8":"first","9":"instock","10":"purchasable","11":"product-type-simple"},"acf":[],"_links":{"self":[{"href":"https:\/\/kingarms.ee\/lt\/wp-json\/wp\/v2\/product\/147127","targetHints":{"allow":["GET"]}}],"collection":[{"href":"https:\/\/kingarms.ee\/lt\/wp-json\/wp\/v2\/product"}],"about":[{"href":"https:\/\/kingarms.ee\/lt\/wp-json\/wp\/v2\/types\/product"}],"wp:featuredmedia":[{"embeddable":true,"href":"https:\/\/kingarms.ee\/lt\/wp-json\/wp\/v2\/media\/105611"}],"wp:attachment":[{"href":"https:\/\/kingarms.ee\/lt\/wp-json\/wp\/v2\/media?parent=147127"}],"wp:term":[{"taxonomy":"product_brand","embeddable":true,"href":"https:\/\/kingarms.ee\/lt\/wp-json\/wp\/v2\/product_brand?post=147127"},{"taxonomy":"product_cat","embeddable":true,"href":"https:\/\/kingarms.ee\/lt\/wp-json\/wp\/v2\/product_cat?post=147127"},{"taxonomy":"product_tag","embeddable":true,"href":"https:\/\/kingarms.ee\/lt\/wp-json\/wp\/v2\/product_tag?post=147127"}],"curies":[{"name":"wp","href":"https:\/\/api.w.org\/{rel}","templated":true}]}}