{"id":147131,"date":"2018-08-31T11:08:28","date_gmt":"2025-03-11T15:42:29","guid":{"rendered":"https:\/\/kingarms.ee\/product\/super-sportas-708-borner\/"},"modified":"2025-03-11T18:42:29","modified_gmt":"2025-03-11T15:42:29","slug":"super-sportas-708-borner","status":"publish","type":"product","link":"https:\/\/kingarms.ee\/lt\/product\/super-sportas-708-borner\/","title":{"rendered":"SUPER Sportas 708 (Borner)<br><br>"},"content":{"rendered":"<p><a href=\"https:\/\/kingarms.ee\/wp-content\/uploads\/2018\/08\/img_4769_%D0%BD%D0%BE%D0%B2%D1%8B%D0%B9-%D1%80%D0%B0%D0%B7%D0%BC%D0%B5%D1%80.jpg\"><img loading=\"lazy\" decoding=\"async\" class=\"alignnone size-medium wp-image-11218\" src=\"https:\/\/kingarms.ee\/wp-content\/uploads\/2018\/08\/img_4769_%D0%BD%D0%BE%D0%B2%D1%8B%D0%B9-%D1%80%D0%B0%D0%B7%D0%BC%D0%B5%D1%80-300x192.jpg\" alt=\"\" width=\"300\" height=\"192\"><\/a><\/p>\n","protected":false},"excerpt":{"rendered":"<p>SUPER Sportas 708 (Borner)<\/p>\n<p>Metalo oro revolveris.<\/p>\n<p>Veikia CO2 (cilindras dedamas \u012f ranken\u0105).<\/p>\n<p>Kulkos \u012eki\u0161amos \u012f kasetes.<\/p>\n<p>Kalibras: 4,5 mm<\/p>\n<p>\u0160audmenys: plieniniai rutuliai<\/p>\n<p>Med\u017eiaga: metalas<\/p>\n<p>Ilgis: 15cm<\/p>\n<p>Svoris: 840 g<\/p>\n<p>B\u016bgno talpa: 6 kamuoliai<\/p>\n<p>\u0160audymo greitis: 120 m \/ s<\/p>\n","protected":false},"featured_media":148291,"template":"","meta":{"_acf_changed":false},"product_brand":[],"product_cat":[1142,1143,1134],"product_tag":[],"class_list":{"0":"post-147131","1":"product","2":"type-product","3":"status-publish","4":"has-post-thumbnail","6":"product_cat-oro-ginklai","7":"product_cat-rankinis-ginklas","8":"product_cat-weapon-lt","10":"first","11":"instock","12":"purchasable","13":"product-type-simple"},"acf":[],"_links":{"self":[{"href":"https:\/\/kingarms.ee\/lt\/wp-json\/wp\/v2\/product\/147131","targetHints":{"allow":["GET"]}}],"collection":[{"href":"https:\/\/kingarms.ee\/lt\/wp-json\/wp\/v2\/product"}],"about":[{"href":"https:\/\/kingarms.ee\/lt\/wp-json\/wp\/v2\/types\/product"}],"wp:featuredmedia":[{"embeddable":true,"href":"https:\/\/kingarms.ee\/lt\/wp-json\/wp\/v2\/media\/148291"}],"wp:attachment":[{"href":"https:\/\/kingarms.ee\/lt\/wp-json\/wp\/v2\/media?parent=147131"}],"wp:term":[{"taxonomy":"product_brand","embeddable":true,"href":"https:\/\/kingarms.ee\/lt\/wp-json\/wp\/v2\/product_brand?post=147131"},{"taxonomy":"product_cat","embeddable":true,"href":"https:\/\/kingarms.ee\/lt\/wp-json\/wp\/v2\/product_cat?post=147131"},{"taxonomy":"product_tag","embeddable":true,"href":"https:\/\/kingarms.ee\/lt\/wp-json\/wp\/v2\/product_tag?post=147131"}],"curies":[{"name":"wp","href":"https:\/\/api.w.org\/{rel}","templated":true}]}}