{"id":147145,"date":"2018-08-31T08:08:19","date_gmt":"2025-03-11T16:35:40","guid":{"rendered":"https:\/\/kingarms.ee\/product\/mb06a-gerai\/"},"modified":"2025-03-11T19:35:40","modified_gmt":"2025-03-11T16:35:40","slug":"mb06a-gerai","status":"publish","type":"product","link":"https:\/\/kingarms.ee\/lt\/product\/mb06a-gerai\/","title":{"rendered":"MB06A (gerai)<br><br>"},"content":{"rendered":"<p><a href=\"https:\/\/kingarms.aviontehnika.com\/wp-content\/uploads\/2018\/02\/1152200730_1.jpg\" target=\"_blank\" rel=\"noopener\"><img loading=\"lazy\" decoding=\"async\" class=\"size-medium wp-image-404\" src=\"https:\/\/kingarms.aviontehnika.com\/wp-content\/uploads\/2018\/02\/1152200730_1-300x205.jpg\" alt=\"\" width=\"300\" height=\"205\"><\/a><\/p>\n","protected":false},"excerpt":{"rendered":"<p>MB06A Snaiperis yra geras pasirinkimas \u017eaid\u0117jui, kuris tik pradeda veikti kaip snaiperis.<\/p>\n<p> Ginkl\u0105 lengva i\u0161 naujo pritaikyti kairiarankiui \u017eaid\u0117jui &#8211; viskas, ko jums reikia, yra \u012ftraukta.<\/p>\n<p> Ginklas turi reguliuojam\u0105 \u0161uol\u012f, o kabal\u0105 galima rinktis i\u0161 \u0161e\u0161i\u0173 skirting\u0173 ilgi\u0173.<\/p>\n<p>Pistoleto ilgis: 1080\/985 mm<\/p>\n<p>Vamzd\u017eio ilgis: 374 mm<\/p>\n<p>Magasin talpa: 25 kulkos<\/p>\n<p>Apyni\u0173 Iki: Reguliuojamas<\/p>\n<p>Svoris: 1950 g<\/p>\n<p>Energija: 1.8 J<\/p>\n<p>\u0160audymo greitis: 143 m \/ s<\/p>\n","protected":false},"featured_media":104454,"template":"","meta":{"_acf_changed":false},"product_brand":[],"product_cat":[1134],"product_tag":[],"class_list":{"0":"post-147145","1":"product","2":"type-product","3":"status-publish","4":"has-post-thumbnail","6":"product_cat-weapon-lt","8":"first","9":"instock","10":"purchasable","11":"product-type-simple"},"acf":[],"_links":{"self":[{"href":"https:\/\/kingarms.ee\/lt\/wp-json\/wp\/v2\/product\/147145","targetHints":{"allow":["GET"]}}],"collection":[{"href":"https:\/\/kingarms.ee\/lt\/wp-json\/wp\/v2\/product"}],"about":[{"href":"https:\/\/kingarms.ee\/lt\/wp-json\/wp\/v2\/types\/product"}],"wp:featuredmedia":[{"embeddable":true,"href":"https:\/\/kingarms.ee\/lt\/wp-json\/wp\/v2\/media\/104454"}],"wp:attachment":[{"href":"https:\/\/kingarms.ee\/lt\/wp-json\/wp\/v2\/media?parent=147145"}],"wp:term":[{"taxonomy":"product_brand","embeddable":true,"href":"https:\/\/kingarms.ee\/lt\/wp-json\/wp\/v2\/product_brand?post=147145"},{"taxonomy":"product_cat","embeddable":true,"href":"https:\/\/kingarms.ee\/lt\/wp-json\/wp\/v2\/product_cat?post=147145"},{"taxonomy":"product_tag","embeddable":true,"href":"https:\/\/kingarms.ee\/lt\/wp-json\/wp\/v2\/product_tag?post=147145"}],"curies":[{"name":"wp","href":"https:\/\/api.w.org\/{rel}","templated":true}]}}