{"id":147161,"date":"2019-05-02T18:07:25","date_gmt":"2025-03-12T07:50:22","guid":{"rendered":"https:\/\/kingarms.ee\/product\/negyvas-audinys-raudonas-8-laukai-2\/"},"modified":"2025-03-12T10:50:22","modified_gmt":"2025-03-12T07:50:22","slug":"negyvas-audinys-raudonas-8-laukai-2","status":"publish","type":"product","link":"https:\/\/kingarms.ee\/lt\/product\/negyvas-audinys-raudonas-8-laukai-2\/","title":{"rendered":"Negyvas audinys-raudonas (8 laukai)<br><br>"},"content":{"rendered":"<p><a href=\"https:\/\/kingarms.ee\/wp-content\/uploads\/2019\/05\/M51613004-8-BK1-300x225.jpg\"><img loading=\"lazy\" decoding=\"async\" class=\"alignnone size-medium wp-image-14795\" src=\"https:\/\/kingarms.ee\/wp-content\/uploads\/2019\/05\/M51613004-8-BK1-300x225.jpg\" alt=\"\" width=\"300\" height=\"225\" srcset=\"https:\/\/kingarms.ee\/wp-content\/uploads\/2019\/05\/M51613004-8-BK1-300x225.jpg 300w, https:\/\/kingarms.ee\/wp-content\/uploads\/2019\/05\/M51613004-8-BK1-150x113.jpg 150w, https:\/\/kingarms.ee\/wp-content\/uploads\/2019\/05\/M51613004-8-BK1-500x375.jpg 500w, https:\/\/kingarms.ee\/wp-content\/uploads\/2019\/05\/M51613004-8-BK1-600x450.jpg 600w, https:\/\/kingarms.ee\/wp-content\/uploads\/2019\/05\/M51613004-8-BK1.jpg 640w\" sizes=\"auto, (max-width: 300px) 100vw, 300px\" \/><\/a><\/p>\n","protected":false},"excerpt":{"rendered":"<p>Negyvas audinys-raudonas (8 laukai)<\/p>\n<p>Raudoni rank\u0161luos\u010diai naudojami, kai jus pataiko kulka ir ketinate eiti \u012f negyv\u0105 viet\u0105.<\/p>\n","protected":false},"featured_media":109704,"template":"","meta":{"_acf_changed":false},"product_brand":[],"product_cat":[1246,1240],"product_tag":[],"class_list":{"0":"post-147161","1":"product","2":"type-product","3":"status-publish","4":"has-post-thumbnail","6":"product_cat-kisenes","7":"product_cat-maiseliai-krepsiai-ir-dirzeliai","9":"first","10":"instock","11":"taxable","12":"shipping-taxable","13":"purchasable","14":"product-type-simple"},"acf":[],"_links":{"self":[{"href":"https:\/\/kingarms.ee\/lt\/wp-json\/wp\/v2\/product\/147161","targetHints":{"allow":["GET"]}}],"collection":[{"href":"https:\/\/kingarms.ee\/lt\/wp-json\/wp\/v2\/product"}],"about":[{"href":"https:\/\/kingarms.ee\/lt\/wp-json\/wp\/v2\/types\/product"}],"wp:featuredmedia":[{"embeddable":true,"href":"https:\/\/kingarms.ee\/lt\/wp-json\/wp\/v2\/media\/109704"}],"wp:attachment":[{"href":"https:\/\/kingarms.ee\/lt\/wp-json\/wp\/v2\/media?parent=147161"}],"wp:term":[{"taxonomy":"product_brand","embeddable":true,"href":"https:\/\/kingarms.ee\/lt\/wp-json\/wp\/v2\/product_brand?post=147161"},{"taxonomy":"product_cat","embeddable":true,"href":"https:\/\/kingarms.ee\/lt\/wp-json\/wp\/v2\/product_cat?post=147161"},{"taxonomy":"product_tag","embeddable":true,"href":"https:\/\/kingarms.ee\/lt\/wp-json\/wp\/v2\/product_tag?post=147161"}],"curies":[{"name":"wp","href":"https:\/\/api.w.org\/{rel}","templated":true}]}}