{"id":147167,"date":"2018-10-16T15:02:46","date_gmt":"2025-03-12T08:10:19","guid":{"rendered":"https:\/\/kingarms.ee\/product\/apsaugine-kauke-smelio-spalvos-2\/"},"modified":"2025-03-12T11:10:19","modified_gmt":"2025-03-12T08:10:19","slug":"apsaugine-kauke-smelio-spalvos-2","status":"publish","type":"product","link":"https:\/\/kingarms.ee\/lt\/product\/apsaugine-kauke-smelio-spalvos-2\/","title":{"rendered":"Apsaugin\u0117 Kauk\u0117-Sm\u0117lio Spalvos<br><br>"},"content":{"rendered":"<p><a href=\"https:\/\/kingarms.ee\/wp-content\/uploads\/2018\/10\/1152211763_1-300x200.jpg\"><img loading=\"lazy\" decoding=\"async\" class=\"alignnone size-medium wp-image-10310\" src=\"https:\/\/kingarms.ee\/wp-content\/uploads\/2018\/10\/1152211763_1-300x200.jpg\" alt=\"\" width=\"300\" height=\"200\" srcset=\"https:\/\/kingarms.ee\/wp-content\/uploads\/2018\/10\/1152211763_1-300x200.jpg 300w, https:\/\/kingarms.ee\/wp-content\/uploads\/2018\/10\/1152211763_1-150x100.jpg 150w, https:\/\/kingarms.ee\/wp-content\/uploads\/2018\/10\/1152211763_1-500x333.jpg 500w, https:\/\/kingarms.ee\/wp-content\/uploads\/2018\/10\/1152211763_1-768x512.jpg 768w, https:\/\/kingarms.ee\/wp-content\/uploads\/2018\/10\/1152211763_1.jpg 800w\" sizes=\"auto, (max-width: 300px) 100vw, 300px\" \/><\/a><\/p>\n","protected":false},"excerpt":{"rendered":"<p>Apsaugin\u0117 Kauk\u0117-Sm\u0117lio Spalvos<\/p>\n<p>Geriausias ir turb\u016bt populiariausias veido dang\u0173 pasirinkimas.<\/p>\n<p> Puskauk\u0117 dengia \u017eaid\u0117jo veid\u0105 nuo nosies iki apatinio \u017eandikaulio, taip pat skruostus iki aus\u0173.<\/p>\n<p> Be puskauk\u0117s, \u017eaid\u0117jas turi \u012fsigyti akinius.<\/p>\n<p> Pusiau kauk\u0117 pagaminta i\u0161 patvaraus metalinio tinklelio (viduryje) ir patogaus nailono kra\u0161tuose.<\/p>\n<p> Palyginti su \u012fprastu metaliniu tinkleliu, \u0161i kauk\u0117 be r\u016bpes\u010di\u0173 gali nusitaikyti airsoft pistoletu (Nailonas yra mobilus ir netrukdo taikytis kontaktuojant su Kaba)<\/p>\n","protected":false},"featured_media":107953,"template":"","meta":{"_acf_changed":false},"product_brand":[],"product_cat":[1215],"product_tag":[],"class_list":{"0":"post-147167","1":"product","2":"type-product","3":"status-publish","4":"has-post-thumbnail","6":"product_cat-be-salmo-tvirtinimo","8":"first","9":"instock","10":"taxable","11":"shipping-taxable","12":"purchasable","13":"product-type-simple"},"acf":[],"_links":{"self":[{"href":"https:\/\/kingarms.ee\/lt\/wp-json\/wp\/v2\/product\/147167","targetHints":{"allow":["GET"]}}],"collection":[{"href":"https:\/\/kingarms.ee\/lt\/wp-json\/wp\/v2\/product"}],"about":[{"href":"https:\/\/kingarms.ee\/lt\/wp-json\/wp\/v2\/types\/product"}],"wp:featuredmedia":[{"embeddable":true,"href":"https:\/\/kingarms.ee\/lt\/wp-json\/wp\/v2\/media\/107953"}],"wp:attachment":[{"href":"https:\/\/kingarms.ee\/lt\/wp-json\/wp\/v2\/media?parent=147167"}],"wp:term":[{"taxonomy":"product_brand","embeddable":true,"href":"https:\/\/kingarms.ee\/lt\/wp-json\/wp\/v2\/product_brand?post=147167"},{"taxonomy":"product_cat","embeddable":true,"href":"https:\/\/kingarms.ee\/lt\/wp-json\/wp\/v2\/product_cat?post=147167"},{"taxonomy":"product_tag","embeddable":true,"href":"https:\/\/kingarms.ee\/lt\/wp-json\/wp\/v2\/product_tag?post=147167"}],"curies":[{"name":"wp","href":"https:\/\/api.w.org\/{rel}","templated":true}]}}