{"id":147171,"date":"2018-10-16T14:32:38","date_gmt":"2025-03-12T08:17:39","guid":{"rendered":"https:\/\/kingarms.ee\/product\/ploksteliu-laikiklis-su-kisenemis-smelio-spalvos\/"},"modified":"2025-03-12T11:17:39","modified_gmt":"2025-03-12T08:17:39","slug":"ploksteliu-laikiklis-su-kisenemis-smelio-spalvos","status":"publish","type":"product","link":"https:\/\/kingarms.ee\/lt\/product\/ploksteliu-laikiklis-su-kisenemis-smelio-spalvos\/","title":{"rendered":"Plok\u0161teli\u0173 laikiklis su ki\u0161en\u0117mis-Sm\u0117lio spalvos<br><br>"},"content":{"rendered":"<p><a href=\"https:\/\/kingarms.ee\/wp-content\/uploads\/2018\/10\/1152191689_1-300x204.jpg\"><img loading=\"lazy\" decoding=\"async\" class=\"size-medium wp-image-10283\" src=\"https:\/\/kingarms.ee\/wp-content\/uploads\/2018\/10\/1152191689_1-300x204.jpg\" alt=\"\" width=\"300\" height=\"204\" srcset=\"https:\/\/kingarms.ee\/wp-content\/uploads\/2018\/10\/1152191689_1-300x204.jpg 300w, https:\/\/kingarms.ee\/wp-content\/uploads\/2018\/10\/1152191689_1-150x102.jpg 150w, https:\/\/kingarms.ee\/wp-content\/uploads\/2018\/10\/1152191689_1-500x341.jpg 500w, https:\/\/kingarms.ee\/wp-content\/uploads\/2018\/10\/1152191689_1-768x523.jpg 768w, https:\/\/kingarms.ee\/wp-content\/uploads\/2018\/10\/1152191689_1.jpg 800w\" sizes=\"auto, (max-width: 300px) 100vw, 300px\" \/><\/a><\/p>\n","protected":false},"excerpt":{"rendered":"<p>Plok\u0161teli\u0173 laikiklis su ki\u0161en\u0117mis-Sm\u0117lio spalvos<\/p>\n<p>Populiari kr\u016btin\u0117s Tipo Taktin\u0117 liemen\u0117 (Sm\u0117lio spalvos), kuri pagaminta i\u0161 patvaraus ir lengvo nailono.<\/p>\n<p> Labiau tinka ne\u0161iotis M4 arba AK Tipo grotuv\u0105.<\/p>\n<p> Liemen\u0117je yra dvigubos d\u0117klo ki\u0161en\u0117s (6 pad\u0117klai).<\/p>\n<p> Plius 2 pistoleto ki\u0161en\u0117s.<\/p>\n<p> Be to, galima \u012frengti ki\u0161enes: \u017eibintuv\u0117l\u012f, teleskopin\u012f peil\u012f (teleskopiniam peiliui ne\u0161iotis reikalingas atskiras leidimas) arba greit\u0105 \u012fkrovikl\u012f<\/p>\n<p>Spalva: Sm\u0117lio Spalvos<\/p>\n<p>Svoris: 700g<\/p>\n","protected":false},"featured_media":107939,"template":"","meta":{"_acf_changed":false},"product_brand":[],"product_cat":[1235],"product_tag":[],"class_list":{"0":"post-147171","1":"product","2":"type-product","3":"status-publish","4":"has-post-thumbnail","6":"product_cat-liemeneles-ir-dirzai","8":"first","9":"onbackorder","10":"taxable","11":"shipping-taxable","12":"product-type-simple"},"acf":[],"_links":{"self":[{"href":"https:\/\/kingarms.ee\/lt\/wp-json\/wp\/v2\/product\/147171","targetHints":{"allow":["GET"]}}],"collection":[{"href":"https:\/\/kingarms.ee\/lt\/wp-json\/wp\/v2\/product"}],"about":[{"href":"https:\/\/kingarms.ee\/lt\/wp-json\/wp\/v2\/types\/product"}],"wp:featuredmedia":[{"embeddable":true,"href":"https:\/\/kingarms.ee\/lt\/wp-json\/wp\/v2\/media\/107939"}],"wp:attachment":[{"href":"https:\/\/kingarms.ee\/lt\/wp-json\/wp\/v2\/media?parent=147171"}],"wp:term":[{"taxonomy":"product_brand","embeddable":true,"href":"https:\/\/kingarms.ee\/lt\/wp-json\/wp\/v2\/product_brand?post=147171"},{"taxonomy":"product_cat","embeddable":true,"href":"https:\/\/kingarms.ee\/lt\/wp-json\/wp\/v2\/product_cat?post=147171"},{"taxonomy":"product_tag","embeddable":true,"href":"https:\/\/kingarms.ee\/lt\/wp-json\/wp\/v2\/product_tag?post=147171"}],"curies":[{"name":"wp","href":"https:\/\/api.w.org\/{rel}","templated":true}]}}