{"id":147181,"date":"2018-08-31T11:08:49","date_gmt":"2025-03-12T08:54:53","guid":{"rendered":"https:\/\/kingarms.ee\/product\/taktiniai-akiniai-bolle\/"},"modified":"2025-03-12T11:54:53","modified_gmt":"2025-03-12T08:54:53","slug":"taktiniai-akiniai-bolle","status":"publish","type":"product","link":"https:\/\/kingarms.ee\/lt\/product\/taktiniai-akiniai-bolle\/","title":{"rendered":"Taktiniai akiniai (BOLLE)<br><br>"},"content":{"rendered":"<p><a href=\"https:\/\/kingarms.ee\/wp-content\/uploads\/2018\/08\/17004-000-300x225.jpg\"><img loading=\"lazy\" decoding=\"async\" class=\"alignnone size-medium wp-image-10381\" src=\"https:\/\/kingarms.ee\/wp-content\/uploads\/2018\/08\/17004-000-300x225.jpg\" alt=\"\" width=\"300\" height=\"225\" srcset=\"https:\/\/kingarms.ee\/wp-content\/uploads\/2018\/08\/17004-000-300x225.jpg 300w, https:\/\/kingarms.ee\/wp-content\/uploads\/2018\/08\/17004-000-150x113.jpg 150w, https:\/\/kingarms.ee\/wp-content\/uploads\/2018\/08\/17004-000-500x375.jpg 500w, https:\/\/kingarms.ee\/wp-content\/uploads\/2018\/08\/17004-000-768x576.jpg 768w, https:\/\/kingarms.ee\/wp-content\/uploads\/2018\/08\/17004-000.jpg 1024w, https:\/\/kingarms.ee\/wp-content\/uploads\/2018\/08\/17004-000-600x450.jpg 600w\" sizes=\"auto, (max-width: 300px) 100vw, 300px\" \/><\/a><\/p>\n","protected":false},"excerpt":{"rendered":"<p>Taktiniai akiniai (BOLLE)<\/p>\n<p>Auk\u0161tos kokyb\u0117s akiniai nuo BOLLE<\/p>\n<p><span style=\"color: #ff0000;\">NB!<\/p>\n<p> Produktas n\u0117ra balistin\u0117 aki\u0173 apsauga ir jo naudojimas \u0161iam tikslui nesuderinamas su jo paskirtimi.<\/p>\n<p>Pardav\u0117jas ir gamintojas n\u0117ra atsakingi u\u017e produkto naudojim\u0105 vartotojo akims apsaugoti airsoft \u017eaidimuose naudojant airsoft kopijas.<\/p>\n<p> Tai taip pat taikoma galimoms vartotojo sveikatos problemoms ar turtinei \u017ealai, o skundas d\u0117l produkto netaikomas.<\/p>\n<p><\/span><\/p>\n","protected":false},"featured_media":107985,"template":"","meta":{"_acf_changed":false},"product_brand":[],"product_cat":[1211],"product_tag":[],"class_list":{"0":"post-147181","1":"product","2":"type-product","3":"status-publish","4":"has-post-thumbnail","6":"product_cat-airsoft-akiniai","8":"first","9":"instock","10":"purchasable","11":"product-type-simple"},"acf":[],"_links":{"self":[{"href":"https:\/\/kingarms.ee\/lt\/wp-json\/wp\/v2\/product\/147181","targetHints":{"allow":["GET"]}}],"collection":[{"href":"https:\/\/kingarms.ee\/lt\/wp-json\/wp\/v2\/product"}],"about":[{"href":"https:\/\/kingarms.ee\/lt\/wp-json\/wp\/v2\/types\/product"}],"wp:featuredmedia":[{"embeddable":true,"href":"https:\/\/kingarms.ee\/lt\/wp-json\/wp\/v2\/media\/107985"}],"wp:attachment":[{"href":"https:\/\/kingarms.ee\/lt\/wp-json\/wp\/v2\/media?parent=147181"}],"wp:term":[{"taxonomy":"product_brand","embeddable":true,"href":"https:\/\/kingarms.ee\/lt\/wp-json\/wp\/v2\/product_brand?post=147181"},{"taxonomy":"product_cat","embeddable":true,"href":"https:\/\/kingarms.ee\/lt\/wp-json\/wp\/v2\/product_cat?post=147181"},{"taxonomy":"product_tag","embeddable":true,"href":"https:\/\/kingarms.ee\/lt\/wp-json\/wp\/v2\/product_tag?post=147181"}],"curies":[{"name":"wp","href":"https:\/\/api.w.org\/{rel}","templated":true}]}}