{"id":147198,"date":"2019-03-28T20:17:26","date_gmt":"2025-03-12T09:39:31","guid":{"rendered":"https:\/\/kingarms.ee\/product\/mosfet-v2\/"},"modified":"2025-03-12T12:39:31","modified_gmt":"2025-03-12T09:39:31","slug":"mosfet-v2","status":"publish","type":"product","link":"https:\/\/kingarms.ee\/lt\/product\/mosfet-v2\/","title":{"rendered":"Mosfet V2<br><br>"},"content":{"rendered":"<p><a href=\"https:\/\/kingarms.ee\/wp-content\/uploads\/2019\/03\/Mosfet-Switch-Kit-Rear-Wiring-V2-Union-Fire-az26516large1-300x210.png\"><img loading=\"lazy\" decoding=\"async\" class=\"alignnone size-medium wp-image-14052\" src=\"https:\/\/kingarms.ee\/wp-content\/uploads\/2019\/03\/Mosfet-Switch-Kit-Rear-Wiring-V2-Union-Fire-az26516large1-300x210.png\" alt=\"\" width=\"300\" height=\"210\" srcset=\"https:\/\/kingarms.ee\/wp-content\/uploads\/2019\/03\/Mosfet-Switch-Kit-Rear-Wiring-V2-Union-Fire-az26516large1-300x210.png 300w, https:\/\/kingarms.ee\/wp-content\/uploads\/2019\/03\/Mosfet-Switch-Kit-Rear-Wiring-V2-Union-Fire-az26516large1-150x105.png 150w, https:\/\/kingarms.ee\/wp-content\/uploads\/2019\/03\/Mosfet-Switch-Kit-Rear-Wiring-V2-Union-Fire-az26516large1-500x350.png 500w, https:\/\/kingarms.ee\/wp-content\/uploads\/2019\/03\/Mosfet-Switch-Kit-Rear-Wiring-V2-Union-Fire-az26516large1-768x538.png 768w, https:\/\/kingarms.ee\/wp-content\/uploads\/2019\/03\/Mosfet-Switch-Kit-Rear-Wiring-V2-Union-Fire-az26516large1.png 1024w\" sizes=\"auto, (max-width: 300px) 100vw, 300px\" \/><\/a><\/p>\n","protected":false},"excerpt":{"rendered":"<p>Mosfet V2<\/p>\n<p>MOSFET II Modulis su laidais skirtas naudoti AEG ginkluose.<\/p>\n<p> Tinka naudoti su NiMh baterijomis 8,4-12 V ir LiPo baterijomis nuo 7,4 V iki 14,8 v.<\/p>\n<p> Galima naudoti 1,5 mm laidus.<\/p>\n<p> MOSFET modulio naudojimas padidina ginklo technin\u012f ugnies greit\u012f (ROF) ir padeda i\u0161vengti trigerio jungiklio perdegimo.<\/p>\n<p> D\u0117l labai ma\u017e\u0173 matmen\u0173 jis tinka beveik bet kokiam ginklui.<\/p>\n<p> Skirtas naudoti su spyruokl\u0117mis iki M210.<\/p>\n","protected":false},"featured_media":109429,"template":"","meta":{"_acf_changed":false},"product_brand":[],"product_cat":[1273,1250],"product_tag":[],"class_list":{"0":"post-147198","1":"product","2":"type-product","3":"status-publish","4":"has-post-thumbnail","6":"product_cat-atsargines-dalys","7":"product_cat-derinimas","9":"first","10":"instock","11":"taxable","12":"shipping-taxable","13":"purchasable","14":"product-type-simple"},"acf":[],"_links":{"self":[{"href":"https:\/\/kingarms.ee\/lt\/wp-json\/wp\/v2\/product\/147198","targetHints":{"allow":["GET"]}}],"collection":[{"href":"https:\/\/kingarms.ee\/lt\/wp-json\/wp\/v2\/product"}],"about":[{"href":"https:\/\/kingarms.ee\/lt\/wp-json\/wp\/v2\/types\/product"}],"wp:featuredmedia":[{"embeddable":true,"href":"https:\/\/kingarms.ee\/lt\/wp-json\/wp\/v2\/media\/109429"}],"wp:attachment":[{"href":"https:\/\/kingarms.ee\/lt\/wp-json\/wp\/v2\/media?parent=147198"}],"wp:term":[{"taxonomy":"product_brand","embeddable":true,"href":"https:\/\/kingarms.ee\/lt\/wp-json\/wp\/v2\/product_brand?post=147198"},{"taxonomy":"product_cat","embeddable":true,"href":"https:\/\/kingarms.ee\/lt\/wp-json\/wp\/v2\/product_cat?post=147198"},{"taxonomy":"product_tag","embeddable":true,"href":"https:\/\/kingarms.ee\/lt\/wp-json\/wp\/v2\/product_tag?post=147198"}],"curies":[{"name":"wp","href":"https:\/\/api.w.org\/{rel}","templated":true}]}}