{"id":147202,"date":"2019-03-28T13:01:21","date_gmt":"2025-03-12T15:01:40","guid":{"rendered":"https:\/\/kingarms.ee\/product\/deklas-kisene-gz\/"},"modified":"2025-03-12T18:01:40","modified_gmt":"2025-03-12T15:01:40","slug":"deklas-kisene-gz","status":"publish","type":"product","link":"https:\/\/kingarms.ee\/lt\/product\/deklas-kisene-gz\/","title":{"rendered":"D\u0117klas ki\u0161en\u0117-GZ<br><br>"},"content":{"rendered":"<p><a href=\"https:\/\/kingarms.ee\/wp-content\/uploads\/2019\/03\/M51613096-PG2-300x225.jpg\"><img loading=\"lazy\" decoding=\"async\" class=\"alignnone size-medium wp-image-14031\" src=\"https:\/\/kingarms.ee\/wp-content\/uploads\/2019\/03\/M51613096-PG2-300x225.jpg\" alt=\"\" width=\"300\" height=\"225\" srcset=\"https:\/\/kingarms.ee\/wp-content\/uploads\/2019\/03\/M51613096-PG2-300x225.jpg 300w, https:\/\/kingarms.ee\/wp-content\/uploads\/2019\/03\/M51613096-PG2-150x113.jpg 150w, https:\/\/kingarms.ee\/wp-content\/uploads\/2019\/03\/M51613096-PG2-500x375.jpg 500w, https:\/\/kingarms.ee\/wp-content\/uploads\/2019\/03\/M51613096-PG2-600x450.jpg 600w, https:\/\/kingarms.ee\/wp-content\/uploads\/2019\/03\/M51613096-PG2.jpg 640w\" sizes=\"auto, (max-width: 300px) 100vw, 300px\" \/><\/a><\/p>\n","protected":false},"excerpt":{"rendered":"<p>D\u0117klas ki\u0161en\u0117-GZ<\/p>\n<p>D\u0117klo ki\u0161en\u0117 tinka \u0161iems ginklams (HK417 \/ G3 \/ SR25 \/ M4 \/ M14 \/ AK47 \/ FEAT \/ SCAR-H \/ SSR \/ G36 ar daugeliui kit\u0173 pried\u0173.<\/p>\n<p> Suderinamas su visomis MOLLE platformomis.<\/p>\n","protected":false},"featured_media":109423,"template":"","meta":{"_acf_changed":false},"product_brand":[],"product_cat":[1240,1242],"product_tag":[],"class_list":{"0":"post-147202","1":"product","2":"type-product","3":"status-publish","4":"has-post-thumbnail","6":"product_cat-maiseliai-krepsiai-ir-dirzeliai","7":"product_cat-sandeliavimo-kisenes","9":"first","10":"onbackorder","11":"taxable","12":"shipping-taxable","13":"product-type-simple"},"acf":[],"_links":{"self":[{"href":"https:\/\/kingarms.ee\/lt\/wp-json\/wp\/v2\/product\/147202","targetHints":{"allow":["GET"]}}],"collection":[{"href":"https:\/\/kingarms.ee\/lt\/wp-json\/wp\/v2\/product"}],"about":[{"href":"https:\/\/kingarms.ee\/lt\/wp-json\/wp\/v2\/types\/product"}],"wp:featuredmedia":[{"embeddable":true,"href":"https:\/\/kingarms.ee\/lt\/wp-json\/wp\/v2\/media\/109423"}],"wp:attachment":[{"href":"https:\/\/kingarms.ee\/lt\/wp-json\/wp\/v2\/media?parent=147202"}],"wp:term":[{"taxonomy":"product_brand","embeddable":true,"href":"https:\/\/kingarms.ee\/lt\/wp-json\/wp\/v2\/product_brand?post=147202"},{"taxonomy":"product_cat","embeddable":true,"href":"https:\/\/kingarms.ee\/lt\/wp-json\/wp\/v2\/product_cat?post=147202"},{"taxonomy":"product_tag","embeddable":true,"href":"https:\/\/kingarms.ee\/lt\/wp-json\/wp\/v2\/product_tag?post=147202"}],"curies":[{"name":"wp","href":"https:\/\/api.w.org\/{rel}","templated":true}]}}