{"id":147212,"date":"2019-03-21T23:35:50","date_gmt":"2025-03-12T15:12:11","guid":{"rendered":"https:\/\/kingarms.ee\/product\/fury-np-crosman\/"},"modified":"2025-03-12T18:12:11","modified_gmt":"2025-03-12T15:12:11","slug":"fury-np-crosman","status":"publish","type":"product","link":"https:\/\/kingarms.ee\/lt\/product\/fury-np-crosman\/","title":{"rendered":"FURY NP (Crosman)<br><br>"},"content":{"rendered":"<p><a href=\"https:\/\/kingarms.ee\/wp-content\/uploads\/2019\/03\/PY-3096_Crosman-Fury-Nitro-Piston_1463160460-300x214.jpg\"><img loading=\"lazy\" decoding=\"async\" class=\"alignnone size-medium wp-image-13433\" src=\"https:\/\/kingarms.ee\/wp-content\/uploads\/2019\/03\/PY-3096_Crosman-Fury-Nitro-Piston_1463160460-300x214.jpg\" alt=\"\" width=\"300\" height=\"214\" srcset=\"https:\/\/kingarms.ee\/wp-content\/uploads\/2019\/03\/PY-3096_Crosman-Fury-Nitro-Piston_1463160460-300x214.jpg 300w, https:\/\/kingarms.ee\/wp-content\/uploads\/2019\/03\/PY-3096_Crosman-Fury-Nitro-Piston_1463160460-150x107.jpg 150w, https:\/\/kingarms.ee\/wp-content\/uploads\/2019\/03\/PY-3096_Crosman-Fury-Nitro-Piston_1463160460-500x357.jpg 500w, https:\/\/kingarms.ee\/wp-content\/uploads\/2019\/03\/PY-3096_Crosman-Fury-Nitro-Piston_1463160460.jpg 700w\" sizes=\"auto, (max-width: 300px) 100vw, 300px\" \/><\/a><\/p>\n","protected":false},"excerpt":{"rendered":"<p>FURY NP (Crosman)<\/p>\n<p>Nor\u0117dami gauti daugiau informacijos, skambinkite mums arba apsilankykite m\u016bs\u0173 parduotuv\u0117je.<\/p>\n","protected":false},"featured_media":109154,"template":"","meta":{"_acf_changed":false},"product_brand":[],"product_cat":[1142,1145],"product_tag":[],"class_list":{"0":"post-147212","1":"product","2":"type-product","3":"status-publish","4":"has-post-thumbnail","6":"product_cat-oro-ginklai","7":"product_cat-snaiperio-sautuvai-4-5-mm","9":"first","10":"onbackorder","11":"taxable","12":"shipping-taxable","13":"product-type-simple"},"acf":[],"_links":{"self":[{"href":"https:\/\/kingarms.ee\/lt\/wp-json\/wp\/v2\/product\/147212","targetHints":{"allow":["GET"]}}],"collection":[{"href":"https:\/\/kingarms.ee\/lt\/wp-json\/wp\/v2\/product"}],"about":[{"href":"https:\/\/kingarms.ee\/lt\/wp-json\/wp\/v2\/types\/product"}],"wp:featuredmedia":[{"embeddable":true,"href":"https:\/\/kingarms.ee\/lt\/wp-json\/wp\/v2\/media\/109154"}],"wp:attachment":[{"href":"https:\/\/kingarms.ee\/lt\/wp-json\/wp\/v2\/media?parent=147212"}],"wp:term":[{"taxonomy":"product_brand","embeddable":true,"href":"https:\/\/kingarms.ee\/lt\/wp-json\/wp\/v2\/product_brand?post=147212"},{"taxonomy":"product_cat","embeddable":true,"href":"https:\/\/kingarms.ee\/lt\/wp-json\/wp\/v2\/product_cat?post=147212"},{"taxonomy":"product_tag","embeddable":true,"href":"https:\/\/kingarms.ee\/lt\/wp-json\/wp\/v2\/product_tag?post=147212"}],"curies":[{"name":"wp","href":"https:\/\/api.w.org\/{rel}","templated":true}]}}