{"id":147249,"date":"2018-10-16T12:32:50","date_gmt":"2025-03-14T13:36:15","guid":{"rendered":"https:\/\/kingarms.ee\/product\/surinkimo-krepsys-gz\/"},"modified":"2025-03-14T16:36:15","modified_gmt":"2025-03-14T13:36:15","slug":"surinkimo-krepsys-gz","status":"publish","type":"product","link":"https:\/\/kingarms.ee\/lt\/product\/surinkimo-krepsys-gz\/","title":{"rendered":"Surinkimo krep\u0161ys-GZ<br><br>"},"content":{"rendered":"<p><a href=\"https:\/\/kingarms.ee\/wp-content\/uploads\/2018\/10\/1152215844_1-300x200.jpg\"><img loading=\"lazy\" decoding=\"async\" class=\"alignnone size-medium wp-image-10180\" src=\"https:\/\/kingarms.ee\/wp-content\/uploads\/2018\/10\/1152215844_1-300x200.jpg\" alt=\"\" width=\"300\" height=\"200\" srcset=\"https:\/\/kingarms.ee\/wp-content\/uploads\/2018\/10\/1152215844_1-300x200.jpg 300w, https:\/\/kingarms.ee\/wp-content\/uploads\/2018\/10\/1152215844_1-150x100.jpg 150w, https:\/\/kingarms.ee\/wp-content\/uploads\/2018\/10\/1152215844_1-500x333.jpg 500w, https:\/\/kingarms.ee\/wp-content\/uploads\/2018\/10\/1152215844_1-768x512.jpg 768w, https:\/\/kingarms.ee\/wp-content\/uploads\/2018\/10\/1152215844_1.jpg 800w\" sizes=\"auto, (max-width: 300px) 100vw, 300px\" \/><\/a><\/p>\n","protected":false},"excerpt":{"rendered":"<p>Surinkimo krep\u0161ys-GZ<\/p>\n<p>Krep\u0161ys gali b\u016bti tvirtinamas dir\u017eeliu, naudojant kablio ir kilpos tvirtinimo dir\u017eus arba skl\u0105st\u012f.<\/p>\n<p> I\u0161traukikliai yra viduje, o tai neleid\u017eia \u012fterptiems daiktams i\u0161kristi.<\/p>\n<p> Dempingo pakuot\u0117 yra labai geras sprendimas dinami\u0161ko d\u0117klo keitimo metu.<\/p>\n","protected":false},"featured_media":107893,"template":"","meta":{"_acf_changed":false},"product_brand":[],"product_cat":[1240,1242],"product_tag":[],"class_list":{"0":"post-147249","1":"product","2":"type-product","3":"status-publish","4":"has-post-thumbnail","6":"product_cat-maiseliai-krepsiai-ir-dirzeliai","7":"product_cat-sandeliavimo-kisenes","9":"first","10":"onbackorder","11":"taxable","12":"shipping-taxable","13":"product-type-simple"},"acf":[],"_links":{"self":[{"href":"https:\/\/kingarms.ee\/lt\/wp-json\/wp\/v2\/product\/147249","targetHints":{"allow":["GET"]}}],"collection":[{"href":"https:\/\/kingarms.ee\/lt\/wp-json\/wp\/v2\/product"}],"about":[{"href":"https:\/\/kingarms.ee\/lt\/wp-json\/wp\/v2\/types\/product"}],"wp:featuredmedia":[{"embeddable":true,"href":"https:\/\/kingarms.ee\/lt\/wp-json\/wp\/v2\/media\/107893"}],"wp:attachment":[{"href":"https:\/\/kingarms.ee\/lt\/wp-json\/wp\/v2\/media?parent=147249"}],"wp:term":[{"taxonomy":"product_brand","embeddable":true,"href":"https:\/\/kingarms.ee\/lt\/wp-json\/wp\/v2\/product_brand?post=147249"},{"taxonomy":"product_cat","embeddable":true,"href":"https:\/\/kingarms.ee\/lt\/wp-json\/wp\/v2\/product_cat?post=147249"},{"taxonomy":"product_tag","embeddable":true,"href":"https:\/\/kingarms.ee\/lt\/wp-json\/wp\/v2\/product_tag?post=147249"}],"curies":[{"name":"wp","href":"https:\/\/api.w.org\/{rel}","templated":true}]}}