{"id":147251,"date":"2018-10-16T12:27:04","date_gmt":"2025-03-14T13:39:18","guid":{"rendered":"https:\/\/kingarms.ee\/product\/mazas-surinkimo-krepsys-miskas\/"},"modified":"2025-03-14T16:39:18","modified_gmt":"2025-03-14T13:39:18","slug":"mazas-surinkimo-krepsys-miskas","status":"publish","type":"product","link":"https:\/\/kingarms.ee\/lt\/product\/mazas-surinkimo-krepsys-miskas\/","title":{"rendered":"Ma\u017eas surinkimo krep\u0161ys-mi\u0161kas<br><br>"},"content":{"rendered":"<p><a href=\"https:\/\/kingarms.ee\/wp-content\/uploads\/2018\/10\/1152190313_1-300x204.jpg\"><img loading=\"lazy\" decoding=\"async\" class=\"size-medium wp-image-10162\" src=\"https:\/\/kingarms.ee\/wp-content\/uploads\/2018\/10\/1152190313_1-300x204.jpg\" alt=\"\" width=\"300\" height=\"204\" srcset=\"https:\/\/kingarms.ee\/wp-content\/uploads\/2018\/10\/1152190313_1-300x204.jpg 300w, https:\/\/kingarms.ee\/wp-content\/uploads\/2018\/10\/1152190313_1-150x102.jpg 150w, https:\/\/kingarms.ee\/wp-content\/uploads\/2018\/10\/1152190313_1-500x341.jpg 500w, https:\/\/kingarms.ee\/wp-content\/uploads\/2018\/10\/1152190313_1-768x523.jpg 768w, https:\/\/kingarms.ee\/wp-content\/uploads\/2018\/10\/1152190313_1.jpg 800w\" sizes=\"auto, (max-width: 300px) 100vw, 300px\" \/><\/a><\/p>\n","protected":false},"excerpt":{"rendered":"<p>Ma\u017eas surinkimo krep\u0161ys-mi\u0161kas<\/p>\n<p>Ma\u017eas surinkimo krep\u0161ys<\/p>\n<p>Mi\u0161ko spalvos daugiafunkcin\u0117 ki\u0161en\u0117 su MOLLE tvirtinimo detal\u0117mis.<\/p>\n","protected":false},"featured_media":107883,"template":"","meta":{"_acf_changed":false},"product_brand":[],"product_cat":[1246,1240],"product_tag":[],"class_list":{"0":"post-147251","1":"product","2":"type-product","3":"status-publish","4":"has-post-thumbnail","6":"product_cat-kisenes","7":"product_cat-maiseliai-krepsiai-ir-dirzeliai","9":"first","10":"instock","11":"taxable","12":"shipping-taxable","13":"purchasable","14":"product-type-simple"},"acf":[],"_links":{"self":[{"href":"https:\/\/kingarms.ee\/lt\/wp-json\/wp\/v2\/product\/147251","targetHints":{"allow":["GET"]}}],"collection":[{"href":"https:\/\/kingarms.ee\/lt\/wp-json\/wp\/v2\/product"}],"about":[{"href":"https:\/\/kingarms.ee\/lt\/wp-json\/wp\/v2\/types\/product"}],"wp:featuredmedia":[{"embeddable":true,"href":"https:\/\/kingarms.ee\/lt\/wp-json\/wp\/v2\/media\/107883"}],"wp:attachment":[{"href":"https:\/\/kingarms.ee\/lt\/wp-json\/wp\/v2\/media?parent=147251"}],"wp:term":[{"taxonomy":"product_brand","embeddable":true,"href":"https:\/\/kingarms.ee\/lt\/wp-json\/wp\/v2\/product_brand?post=147251"},{"taxonomy":"product_cat","embeddable":true,"href":"https:\/\/kingarms.ee\/lt\/wp-json\/wp\/v2\/product_cat?post=147251"},{"taxonomy":"product_tag","embeddable":true,"href":"https:\/\/kingarms.ee\/lt\/wp-json\/wp\/v2\/product_tag?post=147251"}],"curies":[{"name":"wp","href":"https:\/\/api.w.org\/{rel}","templated":true}]}}