{"id":147257,"date":"2018-09-28T18:41:51","date_gmt":"2025-03-14T13:47:59","guid":{"rendered":"https:\/\/kingarms.ee\/product\/peilio-kopija-juoda\/"},"modified":"2025-03-14T16:47:59","modified_gmt":"2025-03-14T13:47:59","slug":"peilio-kopija-juoda","status":"publish","type":"product","link":"https:\/\/kingarms.ee\/lt\/product\/peilio-kopija-juoda\/","title":{"rendered":"Peilio kopija-Juoda<br><br>"},"content":{"rendered":"<p><a href=\"https:\/\/kingarms.ee\/wp-content\/uploads\/2018\/09\/1152205292_2-300x200.jpg\"><img loading=\"lazy\" decoding=\"async\" class=\"size-medium wp-image-9940\" src=\"https:\/\/kingarms.ee\/wp-content\/uploads\/2018\/09\/1152205292_2-300x200.jpg\" alt=\"\" width=\"300\" height=\"200\" srcset=\"https:\/\/kingarms.ee\/wp-content\/uploads\/2018\/09\/1152205292_2-300x200.jpg 300w, https:\/\/kingarms.ee\/wp-content\/uploads\/2018\/09\/1152205292_2-150x100.jpg 150w, https:\/\/kingarms.ee\/wp-content\/uploads\/2018\/09\/1152205292_2-500x333.jpg 500w, https:\/\/kingarms.ee\/wp-content\/uploads\/2018\/09\/1152205292_2-768x512.jpg 768w, https:\/\/kingarms.ee\/wp-content\/uploads\/2018\/09\/1152205292_2.jpg 800w\" sizes=\"auto, (max-width: 300px) 100vw, 300px\" \/><\/a><\/p>\n","protected":false},"excerpt":{"rendered":"<p>Peilio kopija-Juoda<\/p>\n<p>&#8220;A\u0161menys&#8221; pagaminti i\u0161 patvarios, bet lanks\u010dios plastikin\u0117s med\u017eiagos.<\/p>\n<p> Rankena padengta neslystan\u010dia tekst\u016bra, kuri u\u017etikrina nuolatin\u012f sukibim\u0105.<\/p>\n<p> Plastikinis peilis puikiai tinka treniruot\u0117ms ir airsoft \u017eaidimams.<\/p>\n","protected":false},"featured_media":107792,"template":"","meta":{"_acf_changed":false},"product_brand":[],"product_cat":[1259],"product_tag":[],"class_list":{"0":"post-147257","1":"product","2":"type-product","3":"status-publish","4":"has-post-thumbnail","6":"product_cat-peiliai","8":"first","9":"onbackorder","10":"taxable","11":"shipping-taxable","12":"product-type-simple"},"acf":[],"_links":{"self":[{"href":"https:\/\/kingarms.ee\/lt\/wp-json\/wp\/v2\/product\/147257","targetHints":{"allow":["GET"]}}],"collection":[{"href":"https:\/\/kingarms.ee\/lt\/wp-json\/wp\/v2\/product"}],"about":[{"href":"https:\/\/kingarms.ee\/lt\/wp-json\/wp\/v2\/types\/product"}],"wp:featuredmedia":[{"embeddable":true,"href":"https:\/\/kingarms.ee\/lt\/wp-json\/wp\/v2\/media\/107792"}],"wp:attachment":[{"href":"https:\/\/kingarms.ee\/lt\/wp-json\/wp\/v2\/media?parent=147257"}],"wp:term":[{"taxonomy":"product_brand","embeddable":true,"href":"https:\/\/kingarms.ee\/lt\/wp-json\/wp\/v2\/product_brand?post=147257"},{"taxonomy":"product_cat","embeddable":true,"href":"https:\/\/kingarms.ee\/lt\/wp-json\/wp\/v2\/product_cat?post=147257"},{"taxonomy":"product_tag","embeddable":true,"href":"https:\/\/kingarms.ee\/lt\/wp-json\/wp\/v2\/product_tag?post=147257"}],"curies":[{"name":"wp","href":"https:\/\/api.w.org\/{rel}","templated":true}]}}