{"id":147259,"date":"2018-09-28T18:28:01","date_gmt":"2025-03-14T14:04:40","guid":{"rendered":"https:\/\/kingarms.ee\/product\/kam-39-taktine-liemene-alyvuogiu\/"},"modified":"2025-03-14T17:04:40","modified_gmt":"2025-03-14T14:04:40","slug":"kam-39-taktine-liemene-alyvuogiu","status":"publish","type":"product","link":"https:\/\/kingarms.ee\/lt\/product\/kam-39-taktine-liemene-alyvuogiu\/","title":{"rendered":"Kam &#8211; 39 Taktin\u0117 liemen\u0117-alyvuogi\u0173<br><br>"},"content":{"rendered":"<p><a href=\"https:\/\/kingarms.ee\/wp-content\/uploads\/2018\/09\/1152195898_1-300x204.jpg\"><img loading=\"lazy\" decoding=\"async\" class=\"size-medium wp-image-9925\" src=\"https:\/\/kingarms.ee\/wp-content\/uploads\/2018\/09\/1152195898_1-300x204.jpg\" alt=\"\" width=\"300\" height=\"204\" srcset=\"https:\/\/kingarms.ee\/wp-content\/uploads\/2018\/09\/1152195898_1-300x204.jpg 300w, https:\/\/kingarms.ee\/wp-content\/uploads\/2018\/09\/1152195898_1-150x102.jpg 150w, https:\/\/kingarms.ee\/wp-content\/uploads\/2018\/09\/1152195898_1-500x341.jpg 500w, https:\/\/kingarms.ee\/wp-content\/uploads\/2018\/09\/1152195898_1-768x523.jpg 768w, https:\/\/kingarms.ee\/wp-content\/uploads\/2018\/09\/1152195898_1.jpg 800w\" sizes=\"auto, (max-width: 300px) 100vw, 300px\" \/><\/a><\/p>\n","protected":false},"excerpt":{"rendered":"<p>Kam &#8211; 39 Taktin\u0117 liemen\u0117-alyvuogi\u0173<\/p>\n<p>Liemen\u0117 turi plienines linijas, kurios leid\u017eia greitai atsikratyti liemen\u0117s.<\/p>\n<p>Kompakti\u0161k\u0105 taktin\u0119 liemen\u0119 sudaro:<\/p>\n<p>M4 \/ M16, G36 ja AK47 salve taskuid<\/p>\n<p>Modulis su mai\u0161eliu<\/p>\n<p>Pistoleto d\u0117klas + 2 d\u0117klo ki\u0161en\u0117s<\/p>\n<p>Spalva: Juoda<\/p>\n<p>Svoris: 1900g<\/p>\n","protected":false},"featured_media":107784,"template":"","meta":{"_acf_changed":false},"product_brand":[],"product_cat":[1235],"product_tag":[],"class_list":{"0":"post-147259","1":"product","2":"type-product","3":"status-publish","4":"has-post-thumbnail","6":"product_cat-liemeneles-ir-dirzai","8":"first","9":"onbackorder","10":"taxable","11":"shipping-taxable","12":"product-type-simple"},"acf":[],"_links":{"self":[{"href":"https:\/\/kingarms.ee\/lt\/wp-json\/wp\/v2\/product\/147259","targetHints":{"allow":["GET"]}}],"collection":[{"href":"https:\/\/kingarms.ee\/lt\/wp-json\/wp\/v2\/product"}],"about":[{"href":"https:\/\/kingarms.ee\/lt\/wp-json\/wp\/v2\/types\/product"}],"wp:featuredmedia":[{"embeddable":true,"href":"https:\/\/kingarms.ee\/lt\/wp-json\/wp\/v2\/media\/107784"}],"wp:attachment":[{"href":"https:\/\/kingarms.ee\/lt\/wp-json\/wp\/v2\/media?parent=147259"}],"wp:term":[{"taxonomy":"product_brand","embeddable":true,"href":"https:\/\/kingarms.ee\/lt\/wp-json\/wp\/v2\/product_brand?post=147259"},{"taxonomy":"product_cat","embeddable":true,"href":"https:\/\/kingarms.ee\/lt\/wp-json\/wp\/v2\/product_cat?post=147259"},{"taxonomy":"product_tag","embeddable":true,"href":"https:\/\/kingarms.ee\/lt\/wp-json\/wp\/v2\/product_tag?post=147259"}],"curies":[{"name":"wp","href":"https:\/\/api.w.org\/{rel}","templated":true}]}}