{"id":147270,"date":"2018-09-07T16:09:39","date_gmt":"2025-03-14T14:52:52","guid":{"rendered":"https:\/\/kingarms.ee\/product\/relvakott-remington-123-onom15mom25mom6\/"},"modified":"2025-03-14T17:52:52","modified_gmt":"2025-03-14T14:52:52","slug":"relvakott-remington-123-onom15mom25mom6","status":"publish","type":"product","link":"https:\/\/kingarms.ee\/lt\/product\/relvakott-remington-123-onom15mom25mom6\/","title":{"rendered":"Relvakott Remington 123 onom15mom25mom6<br><br>"},"content":{"rendered":"<p><a href=\"https:\/\/kingarms.ee\/wp-content\/uploads\/2018\/09\/img_99274-300x200.jpg\"><img loading=\"lazy\" decoding=\"async\" class=\"alignnone size-medium wp-image-9710\" src=\"https:\/\/kingarms.ee\/wp-content\/uploads\/2018\/09\/img_99274-300x200.jpg\" alt=\"\" width=\"300\" height=\"200\" srcset=\"https:\/\/kingarms.ee\/wp-content\/uploads\/2018\/09\/img_99274-300x200.jpg 300w, https:\/\/kingarms.ee\/wp-content\/uploads\/2018\/09\/img_99274-150x100.jpg 150w, https:\/\/kingarms.ee\/wp-content\/uploads\/2018\/09\/img_99274-500x334.jpg 500w, https:\/\/kingarms.ee\/wp-content\/uploads\/2018\/09\/img_99274-768x512.jpg 768w, https:\/\/kingarms.ee\/wp-content\/uploads\/2018\/09\/img_99274.jpg 1000w\" sizes=\"auto, (max-width: 300px) 100vw, 300px\" \/><\/a><\/p>\n","protected":false},"excerpt":{"rendered":"<p>Relvakohver Remington 113h15h25h6 roheline.<\/p>\n<p>I\u0161orinis audinys-alyvuogi\u0173 Cordura.<\/p>\n<p> Viduje yra put\u0173 guma, padengta sintetiniu audiniu.<\/p>\n<p> Korpuso apa\u010dia ir vir\u0161us yra padengti Dirbtine oda.<\/p>\n<p> Yra ki\u0161en\u0117 smulkiems daiktams.<\/p>\n<p> Lagamin\u0105 galima ne\u0161ti tiek i\u0161 ranken\u0173, tiek ant peties: tam yra specialus dir\u017eelis.<\/p>\n<p> Tinka \u0161autuvams be tikslo ir ma\u017eiems bei vidutiniams \u0161autuvams.<\/p>\n","protected":false},"featured_media":107694,"template":"","meta":{"_acf_changed":false},"product_brand":[],"product_cat":[1245,1197,1240],"product_tag":[],"class_list":{"0":"post-147270","1":"product","2":"type-product","3":"status-publish","4":"has-post-thumbnail","6":"product_cat-maisai-lt","7":"product_cat-maisai","8":"product_cat-maiseliai-krepsiai-ir-dirzeliai","10":"first","11":"instock","12":"taxable","13":"shipping-taxable","14":"purchasable","15":"product-type-simple"},"acf":[],"_links":{"self":[{"href":"https:\/\/kingarms.ee\/lt\/wp-json\/wp\/v2\/product\/147270","targetHints":{"allow":["GET"]}}],"collection":[{"href":"https:\/\/kingarms.ee\/lt\/wp-json\/wp\/v2\/product"}],"about":[{"href":"https:\/\/kingarms.ee\/lt\/wp-json\/wp\/v2\/types\/product"}],"wp:featuredmedia":[{"embeddable":true,"href":"https:\/\/kingarms.ee\/lt\/wp-json\/wp\/v2\/media\/107694"}],"wp:attachment":[{"href":"https:\/\/kingarms.ee\/lt\/wp-json\/wp\/v2\/media?parent=147270"}],"wp:term":[{"taxonomy":"product_brand","embeddable":true,"href":"https:\/\/kingarms.ee\/lt\/wp-json\/wp\/v2\/product_brand?post=147270"},{"taxonomy":"product_cat","embeddable":true,"href":"https:\/\/kingarms.ee\/lt\/wp-json\/wp\/v2\/product_cat?post=147270"},{"taxonomy":"product_tag","embeddable":true,"href":"https:\/\/kingarms.ee\/lt\/wp-json\/wp\/v2\/product_tag?post=147270"}],"curies":[{"name":"wp","href":"https:\/\/api.w.org\/{rel}","templated":true}]}}