{"id":147293,"date":"2018-08-31T11:08:33","date_gmt":"2025-03-14T15:41:48","guid":{"rendered":"https:\/\/kingarms.ee\/product\/transportavimo-krepsys-juodas\/"},"modified":"2025-03-14T18:41:48","modified_gmt":"2025-03-14T15:41:48","slug":"transportavimo-krepsys-juodas","status":"publish","type":"product","link":"https:\/\/kingarms.ee\/lt\/product\/transportavimo-krepsys-juodas\/","title":{"rendered":"Transportavimo krep\u0161ys-juodas<br><br>"},"content":{"rendered":"<p><a href=\"https:\/\/kingarms.ee\/wp-content\/uploads\/2018\/02\/1152216265_1.jpg\"><img loading=\"lazy\" decoding=\"async\" class=\"alignnone size-medium wp-image-727\" src=\"https:\/\/kingarms.ee\/wp-content\/uploads\/2018\/02\/1152216265_1-300x200.jpg\" alt=\"\" width=\"300\" height=\"200\"><\/a><\/p>\n","protected":false},"excerpt":{"rendered":"<p>Transportavimo krep\u0161ys-juodas<\/p>\n<p>Paprastas transportavimo krep\u0161ys pagamintas i\u0161 patvaraus nailono.<\/p>\n<p> Koti M. 430-250-200 mm.<\/p>\n<p> Krep\u0161ys turi dvigub\u0105 u\u017etrauktuk\u0105 ir ranken\u0105 patogiam ne\u0161iojimui.<\/p>\n<p> Did\u017eiausias \u0161io krep\u0161io privalumas yra vandeniui atspari med\u017eiaga.<\/p>\n<p>Spalva: Juoda<\/p>\n","protected":false},"featured_media":105362,"template":"","meta":{"_acf_changed":false},"product_brand":[],"product_cat":[1208,1218],"product_tag":[],"class_list":{"0":"post-147293","1":"product","2":"type-product","3":"status-publish","4":"has-post-thumbnail","6":"product_cat-atvejai-ir-krepsiai","7":"product_cat-neprivaloma-iranga","9":"first","10":"instock","11":"purchasable","12":"product-type-simple"},"acf":[],"_links":{"self":[{"href":"https:\/\/kingarms.ee\/lt\/wp-json\/wp\/v2\/product\/147293","targetHints":{"allow":["GET"]}}],"collection":[{"href":"https:\/\/kingarms.ee\/lt\/wp-json\/wp\/v2\/product"}],"about":[{"href":"https:\/\/kingarms.ee\/lt\/wp-json\/wp\/v2\/types\/product"}],"wp:featuredmedia":[{"embeddable":true,"href":"https:\/\/kingarms.ee\/lt\/wp-json\/wp\/v2\/media\/105362"}],"wp:attachment":[{"href":"https:\/\/kingarms.ee\/lt\/wp-json\/wp\/v2\/media?parent=147293"}],"wp:term":[{"taxonomy":"product_brand","embeddable":true,"href":"https:\/\/kingarms.ee\/lt\/wp-json\/wp\/v2\/product_brand?post=147293"},{"taxonomy":"product_cat","embeddable":true,"href":"https:\/\/kingarms.ee\/lt\/wp-json\/wp\/v2\/product_cat?post=147293"},{"taxonomy":"product_tag","embeddable":true,"href":"https:\/\/kingarms.ee\/lt\/wp-json\/wp\/v2\/product_tag?post=147293"}],"curies":[{"name":"wp","href":"https:\/\/api.w.org\/{rel}","templated":true}]}}