{"id":147299,"date":"2018-08-31T11:08:33","date_gmt":"2025-03-14T15:49:47","guid":{"rendered":"https:\/\/kingarms.ee\/product\/pirkiniu-krepsys-alyvuogiu\/"},"modified":"2025-03-14T18:49:47","modified_gmt":"2025-03-14T15:49:47","slug":"pirkiniu-krepsys-alyvuogiu","status":"publish","type":"product","link":"https:\/\/kingarms.ee\/lt\/product\/pirkiniu-krepsys-alyvuogiu\/","title":{"rendered":"Pirkini\u0173 krep\u0161ys-alyvuogi\u0173<br><br>"},"content":{"rendered":"<p><a href=\"https:\/\/kingarms.ee\/wp-content\/uploads\/2018\/02\/1152194809_6.jpg\"><img loading=\"lazy\" decoding=\"async\" class=\"size-medium wp-image-709\" src=\"https:\/\/kingarms.ee\/wp-content\/uploads\/2018\/02\/1152194809_6-300x204.jpg\" alt=\"\" width=\"300\" height=\"204\"><\/a><\/p>\n","protected":false},"excerpt":{"rendered":"<p>Pirkini\u0173 krep\u0161ys-alyvuogi\u0173<\/p>\n<p>Labai patogi kuprin\u0117, susidedanti i\u0161 dviej\u0173 dali\u0173.<\/p>\n<p> Kuprin\u0117 yra padengta MOLLE PALS saugos dir\u017eo estetika.<\/p>\n<p> Krep\u0161ys pagamintas su mink\u0161tais \u012fklotais viduje, kurie apsaugo nuo subtili\u0173 su\u017ealojim\u0173.<\/p>\n<p> Visose ki\u0161en\u0117se yra u\u017etrauktukas.<\/p>\n<p> Kuprin\u0117 leid\u017eia montuoti priedus: ki\u0161enes \/ krep\u0161ius.<\/p>\n<p> Tinka airsoft m\u016b\u0161iams ir kasdieniam naudojimui<\/p>\n<p>Spalva: Olivie<\/p>\n","protected":false},"featured_media":105346,"template":"","meta":{"_acf_changed":false},"product_brand":[],"product_cat":[1243,1240],"product_tag":[],"class_list":{"0":"post-147299","1":"product","2":"type-product","3":"status-publish","4":"has-post-thumbnail","6":"product_cat-kuprines","7":"product_cat-maiseliai-krepsiai-ir-dirzeliai","9":"first","10":"instock","11":"purchasable","12":"product-type-simple"},"acf":[],"_links":{"self":[{"href":"https:\/\/kingarms.ee\/lt\/wp-json\/wp\/v2\/product\/147299","targetHints":{"allow":["GET"]}}],"collection":[{"href":"https:\/\/kingarms.ee\/lt\/wp-json\/wp\/v2\/product"}],"about":[{"href":"https:\/\/kingarms.ee\/lt\/wp-json\/wp\/v2\/types\/product"}],"wp:featuredmedia":[{"embeddable":true,"href":"https:\/\/kingarms.ee\/lt\/wp-json\/wp\/v2\/media\/105346"}],"wp:attachment":[{"href":"https:\/\/kingarms.ee\/lt\/wp-json\/wp\/v2\/media?parent=147299"}],"wp:term":[{"taxonomy":"product_brand","embeddable":true,"href":"https:\/\/kingarms.ee\/lt\/wp-json\/wp\/v2\/product_brand?post=147299"},{"taxonomy":"product_cat","embeddable":true,"href":"https:\/\/kingarms.ee\/lt\/wp-json\/wp\/v2\/product_cat?post=147299"},{"taxonomy":"product_tag","embeddable":true,"href":"https:\/\/kingarms.ee\/lt\/wp-json\/wp\/v2\/product_tag?post=147299"}],"curies":[{"name":"wp","href":"https:\/\/api.w.org\/{rel}","templated":true}]}}