{"id":147343,"date":"2022-11-14T16:48:58","date_gmt":"2025-03-15T10:44:31","guid":{"rendered":"https:\/\/kingarms.ee\/product\/besisukantis-pistol-magazine-holder-wosport\/"},"modified":"2025-03-15T13:44:31","modified_gmt":"2025-03-15T10:44:31","slug":"besisukantis-pistol-magazine-holder-wosport","status":"publish","type":"product","link":"https:\/\/kingarms.ee\/lt\/product\/besisukantis-pistol-magazine-holder-wosport\/","title":{"rendered":"Besisukantis \u201ePistol Magazine Holder Wosport\u201c"},"content":{"rendered":"","protected":false},"excerpt":{"rendered":"<p>Besisukantis \u201ePistol Magazine Holder Wosport\u201c<\/p>\n<p>Besisukantis pistoleto \u017eurnalo laikiklis<\/p>\n<p>360 \u2464 rotacija<\/p>\n<p>tinka dir\u017eui iki 1,5 colio<\/p>\n<p>tinka 1911, g17, pks4, SDM serijos pistolet\u0173 \u017eurnalams<\/p>\n<p>galima reguliuoti tiek dir\u017eo laikikl\u012f, tiek \u017eurnalo laikikl\u012f<\/p>\n","protected":false},"featured_media":125281,"template":"","meta":{"_acf_changed":false},"product_brand":[],"product_cat":[1240,1242],"product_tag":[],"class_list":{"0":"post-147343","1":"product","2":"type-product","3":"status-publish","4":"has-post-thumbnail","6":"product_cat-maiseliai-krepsiai-ir-dirzeliai","7":"product_cat-sandeliavimo-kisenes","9":"first","10":"instock","11":"sale","12":"purchasable","13":"product-type-simple"},"acf":[],"_links":{"self":[{"href":"https:\/\/kingarms.ee\/lt\/wp-json\/wp\/v2\/product\/147343","targetHints":{"allow":["GET"]}}],"collection":[{"href":"https:\/\/kingarms.ee\/lt\/wp-json\/wp\/v2\/product"}],"about":[{"href":"https:\/\/kingarms.ee\/lt\/wp-json\/wp\/v2\/types\/product"}],"wp:featuredmedia":[{"embeddable":true,"href":"https:\/\/kingarms.ee\/lt\/wp-json\/wp\/v2\/media\/125281"}],"wp:attachment":[{"href":"https:\/\/kingarms.ee\/lt\/wp-json\/wp\/v2\/media?parent=147343"}],"wp:term":[{"taxonomy":"product_brand","embeddable":true,"href":"https:\/\/kingarms.ee\/lt\/wp-json\/wp\/v2\/product_brand?post=147343"},{"taxonomy":"product_cat","embeddable":true,"href":"https:\/\/kingarms.ee\/lt\/wp-json\/wp\/v2\/product_cat?post=147343"},{"taxonomy":"product_tag","embeddable":true,"href":"https:\/\/kingarms.ee\/lt\/wp-json\/wp\/v2\/product_tag?post=147343"}],"curies":[{"name":"wp","href":"https:\/\/api.w.org\/{rel}","templated":true}]}}