{"id":147358,"date":"2020-06-01T16:20:00","date_gmt":"2020-06-01T13:20:00","guid":{"rendered":"https:\/\/kingarms.ee\/product\/tr16-sbr-308-mk-ii-g-g\/"},"modified":"2025-03-15T16:09:26","modified_gmt":"2025-03-15T13:09:26","slug":"tr16-sbr-308-mk-ii-g-g","status":"publish","type":"product","link":"https:\/\/kingarms.ee\/lt\/product\/tr16-sbr-308-mk-ii-g-g\/","title":{"rendered":"TR16 SBR 308 MK II G&amp; G<br><br>"},"content":{"rendered":"<p><a href=\"https:\/\/kingarms.ee\/wp-content\/uploads\/2020\/06\/gg-electric-rifle-tr16-sbr-308-mk-ii-gg-308mk2-300x300.jpg\"><img loading=\"lazy\" decoding=\"async\" class=\"alignnone size-medium\" src=\"https:\/\/kingarms.ee\/wp-content\/uploads\/2020\/06\/gg-electric-rifle-tr16-sbr-308-mk-ii-gg-308mk2-300x300.jpg\" alt=\"\" width=\"300\" height=\"300\"><\/a><\/p>\n","protected":false},"excerpt":{"rendered":"<p>TR16 SBR 308 MK II G&amp; G<\/p>\n<p>\u017demo dangtelio polimerinis 40 raund\u0173 \u017eurnalas<\/p>\n<p>Metalo rank\u0173 apsauga ir imtuvai<\/p>\n<p>I\u0161traukiama polimer\u0173 atsargos<\/p>\n<p>Atver\u010diami reguliuojami taikikliai<\/p>\n<p>Reguliuojamas \u0161uolis auk\u0161tyn<\/p>\n<p>G2 sistema<\/p>\n<p>Stiprus 25000 aps \/ min variklis<\/p>\n<p>8mm guolis<\/p>\n<p>Etu ir mosfet<\/p>\n<p>Gaisro re\u017eimas: saugus, pusiau ir visi\u0161kai automatinis (konfig\u016bruojamas 3 raund\u0173 sprogimas)<\/p>\n<p>Akumuliatoriaus skyrius atsarg\u0173 vamzd\u017eio viduje<\/p>\n<p>Svoris 2390g<\/p>\n<p>Ilgis: 705mm-765mm<\/p>\n<p>Juoda spalva<\/p>\n<p>Baterija ir akumuliatoriaus \u012fkroviklis ne\u012fskai\u010diuoti<\/p>\n","protected":false},"featured_media":154986,"template":"","meta":{"_acf_changed":false},"product_brand":[],"product_cat":[1139],"product_tag":[1318],"class_list":{"0":"post-147358","1":"product","2":"type-product","3":"status-publish","4":"has-post-thumbnail","6":"product_cat-elektro-pneumatiniai-ginklai","7":"product_tag-4blss3ph-lt","9":"first","10":"onbackorder","11":"taxable","12":"shipping-taxable","13":"product-type-simple"},"acf":[],"_links":{"self":[{"href":"https:\/\/kingarms.ee\/lt\/wp-json\/wp\/v2\/product\/147358","targetHints":{"allow":["GET"]}}],"collection":[{"href":"https:\/\/kingarms.ee\/lt\/wp-json\/wp\/v2\/product"}],"about":[{"href":"https:\/\/kingarms.ee\/lt\/wp-json\/wp\/v2\/types\/product"}],"wp:featuredmedia":[{"embeddable":true,"href":"https:\/\/kingarms.ee\/lt\/wp-json\/wp\/v2\/media\/154986"}],"wp:attachment":[{"href":"https:\/\/kingarms.ee\/lt\/wp-json\/wp\/v2\/media?parent=147358"}],"wp:term":[{"taxonomy":"product_brand","embeddable":true,"href":"https:\/\/kingarms.ee\/lt\/wp-json\/wp\/v2\/product_brand?post=147358"},{"taxonomy":"product_cat","embeddable":true,"href":"https:\/\/kingarms.ee\/lt\/wp-json\/wp\/v2\/product_cat?post=147358"},{"taxonomy":"product_tag","embeddable":true,"href":"https:\/\/kingarms.ee\/lt\/wp-json\/wp\/v2\/product_tag?post=147358"}],"curies":[{"name":"wp","href":"https:\/\/api.w.org\/{rel}","templated":true}]}}