{"id":147359,"date":"2019-07-27T20:22:46","date_gmt":"2025-03-15T13:14:08","guid":{"rendered":"https:\/\/kingarms.ee\/product\/3200-ugnies-matuoklio-greitis-cortech\/"},"modified":"2025-03-15T16:14:08","modified_gmt":"2025-03-15T13:14:08","slug":"3200-ugnies-matuoklio-greitis-cortech","status":"publish","type":"product","link":"https:\/\/kingarms.ee\/lt\/product\/3200-ugnies-matuoklio-greitis-cortech\/","title":{"rendered":"3200 ugnies matuoklio greitis (CORTECH)<br><br>"},"content":{"rendered":"<p><a href=\"https:\/\/kingarms.ee\/wp-content\/uploads\/2019\/07\/1152212346_1-300x200.jpg\"><img loading=\"lazy\" decoding=\"async\" class=\"alignnone size-medium wp-image-17377\" src=\"https:\/\/kingarms.ee\/wp-content\/uploads\/2019\/07\/1152212346_1-300x200.jpg\" alt=\"\" width=\"300\" height=\"200\" srcset=\"https:\/\/kingarms.ee\/wp-content\/uploads\/2019\/07\/1152212346_1-300x200.jpg 300w, https:\/\/kingarms.ee\/wp-content\/uploads\/2019\/07\/1152212346_1-150x100.jpg 150w, https:\/\/kingarms.ee\/wp-content\/uploads\/2019\/07\/1152212346_1-500x333.jpg 500w, https:\/\/kingarms.ee\/wp-content\/uploads\/2019\/07\/1152212346_1-768x512.jpg 768w, https:\/\/kingarms.ee\/wp-content\/uploads\/2019\/07\/1152212346_1.jpg 800w\" sizes=\"auto, (max-width: 300px) 100vw, 300px\" \/><\/a><\/p>\n","protected":false},"excerpt":{"rendered":"<p>3200 ugnies matuoklio greitis (CORTECH)<\/p>\n<p>Naujausias fotografavimo grei\u010dio matuoklio modelis 3200 MK3 i\u0161 cortech.<\/p>\n<p> Auk\u0161tos kokyb\u0117s daugiafunkcis ir tikslus ugnies matuoklis matuoja pradin\u012f BB kulk\u0173 greit\u012f (fps \/ ms), j\u0117g\u0105 d\u017eauliais ( J) ir \u0161audymo tank\u012f (rpm).<\/p>\n<p> Veikia su 2 AA tipo baterijomis (\u012f komplekt\u0105 ne\u012feina).<\/p>\n<p> Labai kompakti\u0161kas, lengvai suprantamas ir lengvas produktas.<\/p>\n<p> Produktas turi mikro USB jungt\u012f su 14 jutikli\u0173 (ankstesni produktai tur\u0117jo 8).<\/p>\n<p> Produktas yra labai energij\u0105 taupantis.<\/p>\n","protected":false},"featured_media":110750,"template":"","meta":{"_acf_changed":false},"product_brand":[],"product_cat":[1257],"product_tag":[],"class_list":{"0":"post-147359","1":"product","2":"type-product","3":"status-publish","4":"has-post-thumbnail","6":"product_cat-chronografai","8":"first","9":"onbackorder","10":"taxable","11":"shipping-taxable","12":"product-type-simple"},"acf":[],"_links":{"self":[{"href":"https:\/\/kingarms.ee\/lt\/wp-json\/wp\/v2\/product\/147359","targetHints":{"allow":["GET"]}}],"collection":[{"href":"https:\/\/kingarms.ee\/lt\/wp-json\/wp\/v2\/product"}],"about":[{"href":"https:\/\/kingarms.ee\/lt\/wp-json\/wp\/v2\/types\/product"}],"wp:featuredmedia":[{"embeddable":true,"href":"https:\/\/kingarms.ee\/lt\/wp-json\/wp\/v2\/media\/110750"}],"wp:attachment":[{"href":"https:\/\/kingarms.ee\/lt\/wp-json\/wp\/v2\/media?parent=147359"}],"wp:term":[{"taxonomy":"product_brand","embeddable":true,"href":"https:\/\/kingarms.ee\/lt\/wp-json\/wp\/v2\/product_brand?post=147359"},{"taxonomy":"product_cat","embeddable":true,"href":"https:\/\/kingarms.ee\/lt\/wp-json\/wp\/v2\/product_cat?post=147359"},{"taxonomy":"product_tag","embeddable":true,"href":"https:\/\/kingarms.ee\/lt\/wp-json\/wp\/v2\/product_tag?post=147359"}],"curies":[{"name":"wp","href":"https:\/\/api.w.org\/{rel}","templated":true}]}}