{"id":147367,"date":"2019-05-23T16:14:14","date_gmt":"2025-03-15T13:52:37","guid":{"rendered":"https:\/\/kingarms.ee\/product\/140-bbs-vidurio-dangtelis-m4-m16-salv-ameba\/"},"modified":"2025-03-15T16:52:37","modified_gmt":"2025-03-15T13:52:37","slug":"140-bbs-vidurio-dangtelis-m4-m16-salv-ameba","status":"publish","type":"product","link":"https:\/\/kingarms.ee\/lt\/product\/140-bbs-vidurio-dangtelis-m4-m16-salv-ameba\/","title":{"rendered":"140 BBs vidurio dangtelis M4\/M16 salv (ameba)<br><br>"},"content":{"rendered":"<p><a href=\"https:\/\/kingarms.ee\/wp-content\/uploads\/2019\/05\/Products11272-1200x800-504710099-300x200.jpg\"><img loading=\"lazy\" decoding=\"async\" class=\"alignnone size-medium wp-image-15558\" src=\"https:\/\/kingarms.ee\/wp-content\/uploads\/2019\/05\/Products11272-1200x800-504710099-300x200.jpg\" alt=\"\" width=\"300\" height=\"200\" srcset=\"https:\/\/kingarms.ee\/wp-content\/uploads\/2019\/05\/Products11272-1200x800-504710099-300x200.jpg 300w, https:\/\/kingarms.ee\/wp-content\/uploads\/2019\/05\/Products11272-1200x800-504710099-150x100.jpg 150w, https:\/\/kingarms.ee\/wp-content\/uploads\/2019\/05\/Products11272-1200x800-504710099-500x333.jpg 500w, https:\/\/kingarms.ee\/wp-content\/uploads\/2019\/05\/Products11272-1200x800-504710099-768x512.jpg 768w, https:\/\/kingarms.ee\/wp-content\/uploads\/2019\/05\/Products11272-1200x800-504710099.jpg 1024w\" sizes=\"auto, (max-width: 300px) 100vw, 300px\" \/><\/a><\/p>\n","protected":false},"excerpt":{"rendered":"<p>Tepalas tinka stipriam polimerui M4 serijos airsoftrells.<\/p>\n<p>Apatin\u0117je dalyje yra kilpa, kuri supaprastina d\u0117klo pa\u0161alinim\u0105 i\u0161 d\u0117klo ki\u0161en\u0117s.<\/p>\n<p>Talpa: 140 BB kulk\u0173<\/p>\n<p>Med\u017eiaga: polimeras<\/p>\n<p>Svoris: 130 g<\/p>\n","protected":false},"featured_media":110006,"template":"","meta":{"_acf_changed":false},"product_brand":[],"product_cat":[1199],"product_tag":[],"class_list":{"0":"post-147367","1":"product","2":"type-product","3":"status-publish","4":"has-post-thumbnail","6":"product_cat-airsoft-lt","8":"first","9":"instock","10":"taxable","11":"shipping-taxable","12":"purchasable","13":"product-type-simple"},"acf":[],"_links":{"self":[{"href":"https:\/\/kingarms.ee\/lt\/wp-json\/wp\/v2\/product\/147367","targetHints":{"allow":["GET"]}}],"collection":[{"href":"https:\/\/kingarms.ee\/lt\/wp-json\/wp\/v2\/product"}],"about":[{"href":"https:\/\/kingarms.ee\/lt\/wp-json\/wp\/v2\/types\/product"}],"wp:featuredmedia":[{"embeddable":true,"href":"https:\/\/kingarms.ee\/lt\/wp-json\/wp\/v2\/media\/110006"}],"wp:attachment":[{"href":"https:\/\/kingarms.ee\/lt\/wp-json\/wp\/v2\/media?parent=147367"}],"wp:term":[{"taxonomy":"product_brand","embeddable":true,"href":"https:\/\/kingarms.ee\/lt\/wp-json\/wp\/v2\/product_brand?post=147367"},{"taxonomy":"product_cat","embeddable":true,"href":"https:\/\/kingarms.ee\/lt\/wp-json\/wp\/v2\/product_cat?post=147367"},{"taxonomy":"product_tag","embeddable":true,"href":"https:\/\/kingarms.ee\/lt\/wp-json\/wp\/v2\/product_tag?post=147367"}],"curies":[{"name":"wp","href":"https:\/\/api.w.org\/{rel}","templated":true}]}}