{"id":147369,"date":"2019-05-23T16:10:26","date_gmt":"2025-03-15T13:54:30","guid":{"rendered":"https:\/\/kingarms.ee\/product\/140-bbs-vidurio-dangtelis-m4-m16-salv-ameba-2\/"},"modified":"2025-03-15T16:54:30","modified_gmt":"2025-03-15T13:54:30","slug":"140-bbs-vidurio-dangtelis-m4-m16-salv-ameba-2","status":"publish","type":"product","link":"https:\/\/kingarms.ee\/lt\/product\/140-bbs-vidurio-dangtelis-m4-m16-salv-ameba-2\/","title":{"rendered":"140 BBs vidurio dangtelis M4\/M16 salv (ameba)<br><br>"},"content":{"rendered":"<p><a href=\"https:\/\/kingarms.ee\/wp-content\/uploads\/2019\/05\/Products11273-1200x800-1071911023-300x200.jpg\"><img loading=\"lazy\" decoding=\"async\" class=\"alignnone size-medium wp-image-15552\" src=\"https:\/\/kingarms.ee\/wp-content\/uploads\/2019\/05\/Products11273-1200x800-1071911023-300x200.jpg\" alt=\"\" width=\"300\" height=\"200\" srcset=\"https:\/\/kingarms.ee\/wp-content\/uploads\/2019\/05\/Products11273-1200x800-1071911023-300x200.jpg 300w, https:\/\/kingarms.ee\/wp-content\/uploads\/2019\/05\/Products11273-1200x800-1071911023-150x100.jpg 150w, https:\/\/kingarms.ee\/wp-content\/uploads\/2019\/05\/Products11273-1200x800-1071911023-500x333.jpg 500w, https:\/\/kingarms.ee\/wp-content\/uploads\/2019\/05\/Products11273-1200x800-1071911023-768x512.jpg 768w, https:\/\/kingarms.ee\/wp-content\/uploads\/2019\/05\/Products11273-1200x800-1071911023.jpg 1024w\" sizes=\"auto, (max-width: 300px) 100vw, 300px\" \/><\/a><\/p>\n","protected":false},"excerpt":{"rendered":"<p>140 BBs vidurio dangtelis M4\/M16 salv (ameba)<\/p>\n<p>Tepalas tinka stipriam polimerui M4 serijos airsoftrells.<\/p>\n<p>Apatin\u0117je dalyje yra kilpa, kuri supaprastina d\u0117klo pa\u0161alinim\u0105 i\u0161 d\u0117klo ki\u0161en\u0117s.<\/p>\n<p>Talpa: 140 BB kulk\u0173<\/p>\n<p>Med\u017eiaga: polimeras<\/p>\n<p>Svoris: 130 g<\/p>\n","protected":false},"featured_media":110004,"template":"","meta":{"_acf_changed":false},"product_brand":[],"product_cat":[1199],"product_tag":[],"class_list":{"0":"post-147369","1":"product","2":"type-product","3":"status-publish","4":"has-post-thumbnail","6":"product_cat-airsoft-lt","8":"first","9":"onbackorder","10":"taxable","11":"shipping-taxable","12":"product-type-simple"},"acf":[],"_links":{"self":[{"href":"https:\/\/kingarms.ee\/lt\/wp-json\/wp\/v2\/product\/147369","targetHints":{"allow":["GET"]}}],"collection":[{"href":"https:\/\/kingarms.ee\/lt\/wp-json\/wp\/v2\/product"}],"about":[{"href":"https:\/\/kingarms.ee\/lt\/wp-json\/wp\/v2\/types\/product"}],"wp:featuredmedia":[{"embeddable":true,"href":"https:\/\/kingarms.ee\/lt\/wp-json\/wp\/v2\/media\/110004"}],"wp:attachment":[{"href":"https:\/\/kingarms.ee\/lt\/wp-json\/wp\/v2\/media?parent=147369"}],"wp:term":[{"taxonomy":"product_brand","embeddable":true,"href":"https:\/\/kingarms.ee\/lt\/wp-json\/wp\/v2\/product_brand?post=147369"},{"taxonomy":"product_cat","embeddable":true,"href":"https:\/\/kingarms.ee\/lt\/wp-json\/wp\/v2\/product_cat?post=147369"},{"taxonomy":"product_tag","embeddable":true,"href":"https:\/\/kingarms.ee\/lt\/wp-json\/wp\/v2\/product_tag?post=147369"}],"curies":[{"name":"wp","href":"https:\/\/api.w.org\/{rel}","templated":true}]}}