{"id":147383,"date":"2018-08-31T11:08:54","date_gmt":"2025-03-15T16:14:31","guid":{"rendered":"https:\/\/kingarms.ee\/product\/ris-vertikali-rankena\/"},"modified":"2025-03-15T19:14:31","modified_gmt":"2025-03-15T16:14:31","slug":"ris-vertikali-rankena","status":"publish","type":"product","link":"https:\/\/kingarms.ee\/lt\/product\/ris-vertikali-rankena\/","title":{"rendered":"Ris vertikali rankena<br><br>"},"content":{"rendered":"<p><img loading=\"lazy\" decoding=\"async\" class=\"alignnone size-medium wp-image-37896\" src=\"https:\/\/kingarms.ee\/wp-content\/uploads\/2018\/08\/1152203446_1-300x200.jpeg\" alt=\"\" width=\"300\" height=\"200\" srcset=\"https:\/\/kingarms.ee\/wp-content\/uploads\/2018\/08\/1152203446_1-300x200.jpeg 300w, https:\/\/kingarms.ee\/wp-content\/uploads\/2018\/08\/1152203446_1-768x512.jpeg 768w, https:\/\/kingarms.ee\/wp-content\/uploads\/2018\/08\/1152203446_1-500x333.jpeg 500w, https:\/\/kingarms.ee\/wp-content\/uploads\/2018\/08\/1152203446_1-150x100.jpeg 150w, https:\/\/kingarms.ee\/wp-content\/uploads\/2018\/08\/1152203446_1.jpeg 800w\" sizes=\"auto, (max-width: 300px) 100vw, 300px\" \/><\/p>\n","protected":false},"excerpt":{"rendered":"<p>Ris vertikali rankena<\/p>\n<p>\u0160i taktin\u0117 rankena tinka tik 22 mm Ris b\u0117giui.<\/p>\n<p> \u0160one yra b\u0117gelis, papildomai galima sumontuoti \u017eibintuv\u0117l\u012f ar lazerin\u012f taikikl\u012f.<\/p>\n","protected":false},"featured_media":115478,"template":"","meta":{"_acf_changed":false},"product_brand":[],"product_cat":[1218,1207],"product_tag":[],"class_list":{"0":"post-147383","1":"product","2":"type-product","3":"status-publish","4":"has-post-thumbnail","6":"product_cat-neprivaloma-iranga","7":"product_cat-rankenos-ziedai-dirzai","9":"first","10":"instock","11":"purchasable","12":"product-type-simple"},"acf":[],"_links":{"self":[{"href":"https:\/\/kingarms.ee\/lt\/wp-json\/wp\/v2\/product\/147383","targetHints":{"allow":["GET"]}}],"collection":[{"href":"https:\/\/kingarms.ee\/lt\/wp-json\/wp\/v2\/product"}],"about":[{"href":"https:\/\/kingarms.ee\/lt\/wp-json\/wp\/v2\/types\/product"}],"wp:featuredmedia":[{"embeddable":true,"href":"https:\/\/kingarms.ee\/lt\/wp-json\/wp\/v2\/media\/115478"}],"wp:attachment":[{"href":"https:\/\/kingarms.ee\/lt\/wp-json\/wp\/v2\/media?parent=147383"}],"wp:term":[{"taxonomy":"product_brand","embeddable":true,"href":"https:\/\/kingarms.ee\/lt\/wp-json\/wp\/v2\/product_brand?post=147383"},{"taxonomy":"product_cat","embeddable":true,"href":"https:\/\/kingarms.ee\/lt\/wp-json\/wp\/v2\/product_cat?post=147383"},{"taxonomy":"product_tag","embeddable":true,"href":"https:\/\/kingarms.ee\/lt\/wp-json\/wp\/v2\/product_tag?post=147383"}],"curies":[{"name":"wp","href":"https:\/\/api.w.org\/{rel}","templated":true}]}}