{"id":147385,"date":"2018-08-31T11:08:37","date_gmt":"2025-03-15T16:21:21","guid":{"rendered":"https:\/\/kingarms.ee\/product\/tiksline-kiaule-borner\/"},"modified":"2025-03-15T19:21:21","modified_gmt":"2025-03-15T16:21:21","slug":"tiksline-kiaule-borner","status":"publish","type":"product","link":"https:\/\/kingarms.ee\/lt\/product\/tiksline-kiaule-borner\/","title":{"rendered":"Tikslin\u0117 kiaul\u0117 (Borner)<br><br>"},"content":{"rendered":"<p><a href=\"https:\/\/kingarms.ee\/wp-content\/uploads\/2018\/02\/1152214887_1.jpg\"><img loading=\"lazy\" decoding=\"async\" class=\"alignnone size-medium wp-image-3779\" src=\"https:\/\/kingarms.ee\/wp-content\/uploads\/2018\/02\/1152214887_1-300x200.jpg\" alt=\"\" width=\"300\" height=\"200\"><\/a><\/p>\n","protected":false},"excerpt":{"rendered":"<p>Tikslin\u0117 kiaul\u0117 (Borner)<\/p>\n<p>Gaminyje yra 4 \u0161ern\u0173 siluetai, kurie laikomi po sm\u016bgio naudojant stipr\u0173 magnet\u0105.<\/p>\n<p> Taikydamasis viduryje, i\u0161 naujo paleid\u017eiami visi taikiniai, d\u0117l kuri\u0173 vartotojas turi galimyb\u0119 ilgai naudoti nesiartindamas prie taikinio.<\/p>\n<p> Jame taip pat yra keletas tvirtinimo skyli\u0173 tvirtinimui.<\/p>\n<p>Produktas skirtas sportiniams pneumatiniams ir airsoft ginklams<\/p>\n","protected":false},"featured_media":105505,"template":"","meta":{"_acf_changed":false},"product_brand":[],"product_cat":[1218,1201],"product_tag":[],"class_list":{"0":"post-147385","1":"product","2":"type-product","3":"status-publish","4":"has-post-thumbnail","6":"product_cat-neprivaloma-iranga","7":"product_cat-taikiniai","9":"first","10":"instock","11":"purchasable","12":"product-type-simple"},"acf":[],"_links":{"self":[{"href":"https:\/\/kingarms.ee\/lt\/wp-json\/wp\/v2\/product\/147385","targetHints":{"allow":["GET"]}}],"collection":[{"href":"https:\/\/kingarms.ee\/lt\/wp-json\/wp\/v2\/product"}],"about":[{"href":"https:\/\/kingarms.ee\/lt\/wp-json\/wp\/v2\/types\/product"}],"wp:featuredmedia":[{"embeddable":true,"href":"https:\/\/kingarms.ee\/lt\/wp-json\/wp\/v2\/media\/105505"}],"wp:attachment":[{"href":"https:\/\/kingarms.ee\/lt\/wp-json\/wp\/v2\/media?parent=147385"}],"wp:term":[{"taxonomy":"product_brand","embeddable":true,"href":"https:\/\/kingarms.ee\/lt\/wp-json\/wp\/v2\/product_brand?post=147385"},{"taxonomy":"product_cat","embeddable":true,"href":"https:\/\/kingarms.ee\/lt\/wp-json\/wp\/v2\/product_cat?post=147385"},{"taxonomy":"product_tag","embeddable":true,"href":"https:\/\/kingarms.ee\/lt\/wp-json\/wp\/v2\/product_tag?post=147385"}],"curies":[{"name":"wp","href":"https:\/\/api.w.org\/{rel}","templated":true}]}}