{"id":147387,"date":"2018-08-31T08:08:37","date_gmt":"2025-03-15T16:25:13","guid":{"rendered":"https:\/\/kingarms.ee\/product\/kamuolys-gaudytojas-svissarms\/"},"modified":"2025-03-15T19:25:13","modified_gmt":"2025-03-15T16:25:13","slug":"kamuolys-gaudytojas-svissarms","status":"publish","type":"product","link":"https:\/\/kingarms.ee\/lt\/product\/kamuolys-gaudytojas-svissarms\/","title":{"rendered":"Kamuolys Gaudytojas (Svissarms)<br><br>"},"content":{"rendered":"<p><a href=\"https:\/\/kingarms.ee\/wp-content\/uploads\/2018\/02\/1152217330_1.jpg\"><img loading=\"lazy\" decoding=\"async\" class=\"alignnone size-medium wp-image-928\" src=\"https:\/\/kingarms.ee\/wp-content\/uploads\/2018\/02\/1152217330_1-300x200.jpg\" alt=\"\" width=\"300\" height=\"200\"><\/a><\/p>\n","protected":false},"excerpt":{"rendered":"<p>Kamuoliuk\u0173 gaudykl\u0117, skirta 14 kart\u0173 14 cm tiksliniam lapui.<\/p>\n<p> Renka kulkas, paleistas \u012f \u017eenkl\u0105, i\u0161laikant aplink\u0105 \u0161vari\u0105.<\/p>\n<p> Pagaminta i\u0161 plieno<\/p>\n","protected":false},"featured_media":105503,"template":"","meta":{"_acf_changed":false},"product_brand":[],"product_cat":[1218,1201],"product_tag":[],"class_list":{"0":"post-147387","1":"product","2":"type-product","3":"status-publish","4":"has-post-thumbnail","6":"product_cat-neprivaloma-iranga","7":"product_cat-taikiniai","9":"first","10":"instock","11":"sale","12":"purchasable","13":"product-type-simple"},"acf":[],"_links":{"self":[{"href":"https:\/\/kingarms.ee\/lt\/wp-json\/wp\/v2\/product\/147387","targetHints":{"allow":["GET"]}}],"collection":[{"href":"https:\/\/kingarms.ee\/lt\/wp-json\/wp\/v2\/product"}],"about":[{"href":"https:\/\/kingarms.ee\/lt\/wp-json\/wp\/v2\/types\/product"}],"wp:featuredmedia":[{"embeddable":true,"href":"https:\/\/kingarms.ee\/lt\/wp-json\/wp\/v2\/media\/105503"}],"wp:attachment":[{"href":"https:\/\/kingarms.ee\/lt\/wp-json\/wp\/v2\/media?parent=147387"}],"wp:term":[{"taxonomy":"product_brand","embeddable":true,"href":"https:\/\/kingarms.ee\/lt\/wp-json\/wp\/v2\/product_brand?post=147387"},{"taxonomy":"product_cat","embeddable":true,"href":"https:\/\/kingarms.ee\/lt\/wp-json\/wp\/v2\/product_cat?post=147387"},{"taxonomy":"product_tag","embeddable":true,"href":"https:\/\/kingarms.ee\/lt\/wp-json\/wp\/v2\/product_tag?post=147387"}],"curies":[{"name":"wp","href":"https:\/\/api.w.org\/{rel}","templated":true}]}}