{"id":147545,"date":"2022-05-16T14:10:54","date_gmt":"2025-04-05T14:24:59","guid":{"rendered":"https:\/\/kingarms.ee\/product\/zu94-militara-ptt-standarta-versija\/"},"modified":"2025-04-05T17:24:59","modified_gmt":"2025-04-05T14:24:59","slug":"zu94-militara-ptt-standarta-versija","status":"publish","type":"product","link":"https:\/\/kingarms.ee\/lt\/product\/zu94-militara-ptt-standarta-versija\/","title":{"rendered":"zU94 milit\u0101r\u0101 PTT, standarta versija"},"content":{"rendered":"","protected":false},"excerpt":{"rendered":"<p>Aus\u0173, turin\u010di\u0173 karinio tipo ki\u0161tuk\u0105, PTT mygtukas. Mygtukas pritvirtintas prie \u012frangos, naudojant paprast\u0105 sagt\u012f. Ma\u017ei matmenys palengvina ki\u0161eni\u0173 ar mai\u0161eli\u0173 naudojim\u0105.  <\/p>\n","protected":false},"featured_media":119510,"template":"","meta":{"_acf_changed":false},"product_brand":[],"product_cat":[1268],"product_tag":[],"class_list":{"0":"post-147545","1":"product","2":"type-product","3":"status-publish","4":"has-post-thumbnail","6":"product_cat-priedai-lt-2","8":"first","9":"instock","10":"purchasable","11":"product-type-simple"},"acf":[],"_links":{"self":[{"href":"https:\/\/kingarms.ee\/lt\/wp-json\/wp\/v2\/product\/147545","targetHints":{"allow":["GET"]}}],"collection":[{"href":"https:\/\/kingarms.ee\/lt\/wp-json\/wp\/v2\/product"}],"about":[{"href":"https:\/\/kingarms.ee\/lt\/wp-json\/wp\/v2\/types\/product"}],"wp:featuredmedia":[{"embeddable":true,"href":"https:\/\/kingarms.ee\/lt\/wp-json\/wp\/v2\/media\/119510"}],"wp:attachment":[{"href":"https:\/\/kingarms.ee\/lt\/wp-json\/wp\/v2\/media?parent=147545"}],"wp:term":[{"taxonomy":"product_brand","embeddable":true,"href":"https:\/\/kingarms.ee\/lt\/wp-json\/wp\/v2\/product_brand?post=147545"},{"taxonomy":"product_cat","embeddable":true,"href":"https:\/\/kingarms.ee\/lt\/wp-json\/wp\/v2\/product_cat?post=147545"},{"taxonomy":"product_tag","embeddable":true,"href":"https:\/\/kingarms.ee\/lt\/wp-json\/wp\/v2\/product_tag?post=147545"}],"curies":[{"name":"wp","href":"https:\/\/api.w.org\/{rel}","templated":true}]}}