{"id":147598,"date":"2022-12-19T16:59:52","date_gmt":"2025-04-12T11:52:32","guid":{"rendered":"https:\/\/kingarms.ee\/product\/co2-45mm-c-n-818-pistoletas-bruni\/"},"modified":"2025-04-12T14:52:32","modified_gmt":"2025-04-12T11:52:32","slug":"co2-45mm-c-n-818-pistoletas-bruni","status":"publish","type":"product","link":"https:\/\/kingarms.ee\/lt\/product\/co2-45mm-c-n-818-pistoletas-bruni\/","title":{"rendered":"CO2 45mm c.n.818 pistoletas Bruni"},"content":{"rendered":"","protected":false},"excerpt":{"rendered":"<p>CO2 45mm c.n.818 pistoletas Bruni<\/p>\n<p>CO2 pistoletas<br \/>\nkalibras 45mm<br \/>\nplastikin\u0117 \u010diuo\u017eykla ir r\u0117mas<br \/>\n20 raund\u0173 plonas \u017eurnalas<br \/>\napie 130 kadr\u0173 su 1 co2 kapsule<br \/>\nvidutin\u0117 galia 258j (apie 121 m\/s su 035g plieno bbs)<br \/>\nsaugos u\u017eraktas<br \/>\nvienas \u0161\u016bvis<br \/>\nco2 mini bako korpusas pistoleto rankenos viduje<br \/>\nilgis 170mm<br \/>\nsvoris 425g<\/p>\n","protected":false},"featured_media":125931,"template":"","meta":{"_acf_changed":false},"product_brand":[],"product_cat":[1143],"product_tag":[],"class_list":{"0":"post-147598","1":"product","2":"type-product","3":"status-publish","4":"has-post-thumbnail","6":"product_cat-rankinis-ginklas","8":"first","9":"onbackorder","10":"product-type-simple"},"acf":[],"_links":{"self":[{"href":"https:\/\/kingarms.ee\/lt\/wp-json\/wp\/v2\/product\/147598","targetHints":{"allow":["GET"]}}],"collection":[{"href":"https:\/\/kingarms.ee\/lt\/wp-json\/wp\/v2\/product"}],"about":[{"href":"https:\/\/kingarms.ee\/lt\/wp-json\/wp\/v2\/types\/product"}],"wp:featuredmedia":[{"embeddable":true,"href":"https:\/\/kingarms.ee\/lt\/wp-json\/wp\/v2\/media\/125931"}],"wp:attachment":[{"href":"https:\/\/kingarms.ee\/lt\/wp-json\/wp\/v2\/media?parent=147598"}],"wp:term":[{"taxonomy":"product_brand","embeddable":true,"href":"https:\/\/kingarms.ee\/lt\/wp-json\/wp\/v2\/product_brand?post=147598"},{"taxonomy":"product_cat","embeddable":true,"href":"https:\/\/kingarms.ee\/lt\/wp-json\/wp\/v2\/product_cat?post=147598"},{"taxonomy":"product_tag","embeddable":true,"href":"https:\/\/kingarms.ee\/lt\/wp-json\/wp\/v2\/product_tag?post=147598"}],"curies":[{"name":"wp","href":"https:\/\/api.w.org\/{rel}","templated":true}]}}