{"id":147601,"date":"2022-12-19T16:59:52","date_gmt":"2025-04-12T14:54:50","guid":{"rendered":"https:\/\/kingarms.ee\/product\/elektrinis-sautuvas-m4-14-5-caa\/"},"modified":"2025-04-12T17:54:50","modified_gmt":"2025-04-12T14:54:50","slug":"elektrinis-sautuvas-m4-14-5-caa","status":"publish","type":"product","link":"https:\/\/kingarms.ee\/lt\/product\/elektrinis-sautuvas-m4-14-5-caa\/","title":{"rendered":"Elektrinis \u0161autuvas M4 14.5 CAA"},"content":{"rendered":"","protected":false},"excerpt":{"rendered":"<p>Elektrinis \u0161autuvas M4 14.5 CAA<\/p>\n<p>elektrinis \u0161autuvas M4 karabinas<br \/>\nmetalinis korpusas su standartiniu 20 mm vir\u0161utiniu b\u0117giu<br \/>\nnailono pluo\u0161to rank\u0173 apsauga su b\u0117geliu po statine ir 2 kartus nuimamais \u0161oniniais b\u0117geliais<br \/>\nmetalin\u0117 i\u0161orin\u0117 statin\u0117<br \/>\nhi-cap nailono pluo\u0161to \u017eurnalas 360 raund\u0173<br \/>\nergonomi\u0161ka nailono pluo\u0161to pistoleto rankena<br \/>\nnylon fiber caa retractable stock 6 positions adjustable<br \/>\nsu reguliuojamu skruost\u0173 padu ir akumuliatoriaus skyriumi CR123 akumuliatoriui<br \/>\napver\u010diamas reguliuojamas galinis vaizdas<br \/>\nGaisro re\u017eimas: saugus<br \/>\nvienas \u0161\u016bvis ir Pilnas automatinis<br \/>\nilgis: 800mm-885mm<br \/>\nsvoris: 3200g<\/p>\n","protected":false},"featured_media":125893,"template":"","meta":{"_acf_changed":false},"product_brand":[],"product_cat":[1139],"product_tag":[],"class_list":{"0":"post-147601","1":"product","2":"type-product","3":"status-publish","4":"has-post-thumbnail","6":"product_cat-elektro-pneumatiniai-ginklai","8":"first","9":"instock","10":"sale","11":"purchasable","12":"product-type-simple"},"acf":[],"_links":{"self":[{"href":"https:\/\/kingarms.ee\/lt\/wp-json\/wp\/v2\/product\/147601","targetHints":{"allow":["GET"]}}],"collection":[{"href":"https:\/\/kingarms.ee\/lt\/wp-json\/wp\/v2\/product"}],"about":[{"href":"https:\/\/kingarms.ee\/lt\/wp-json\/wp\/v2\/types\/product"}],"wp:featuredmedia":[{"embeddable":true,"href":"https:\/\/kingarms.ee\/lt\/wp-json\/wp\/v2\/media\/125893"}],"wp:attachment":[{"href":"https:\/\/kingarms.ee\/lt\/wp-json\/wp\/v2\/media?parent=147601"}],"wp:term":[{"taxonomy":"product_brand","embeddable":true,"href":"https:\/\/kingarms.ee\/lt\/wp-json\/wp\/v2\/product_brand?post=147601"},{"taxonomy":"product_cat","embeddable":true,"href":"https:\/\/kingarms.ee\/lt\/wp-json\/wp\/v2\/product_cat?post=147601"},{"taxonomy":"product_tag","embeddable":true,"href":"https:\/\/kingarms.ee\/lt\/wp-json\/wp\/v2\/product_tag?post=147601"}],"curies":[{"name":"wp","href":"https:\/\/api.w.org\/{rel}","templated":true}]}}