{"id":147610,"date":"2022-12-19T16:59:52","date_gmt":"2022-12-19T13:59:52","guid":{"rendered":"https:\/\/kingarms.ee\/product\/tuscias-pistoletas-revolveris-magnum-380-nikelio-bruni\/"},"modified":"2025-04-13T16:50:40","modified_gmt":"2025-04-13T13:50:40","slug":"tuscias-pistoletas-revolveris-magnum-380-nikelio-bruni","status":"publish","type":"product","link":"https:\/\/kingarms.ee\/lt\/product\/tuscias-pistoletas-revolveris-magnum-380-nikelio-bruni\/","title":{"rendered":"Tu\u0161\u010dias pistoletas revolveris magnum 380 nikelio [Bruni]"},"content":{"rendered":"<p><img loading=\"lazy\" decoding=\"async\" class=\"alignnone size-full wp-image-99297\" src=\"https:\/\/kingarms.ee\/wp-content\/uploads\/2022\/12\/BR-700N.png\" alt=\"\" width=\"1276\" height=\"1134\" srcset=\"https:\/\/kingarms.ee\/wp-content\/uploads\/2022\/12\/BR-700N.png 1276w, https:\/\/kingarms.ee\/wp-content\/uploads\/2022\/12\/BR-700N-300x267.png 300w, https:\/\/kingarms.ee\/wp-content\/uploads\/2022\/12\/BR-700N-1024x910.png 1024w, https:\/\/kingarms.ee\/wp-content\/uploads\/2022\/12\/BR-700N-768x683.png 768w, https:\/\/kingarms.ee\/wp-content\/uploads\/2022\/12\/BR-700N-500x444.png 500w, https:\/\/kingarms.ee\/wp-content\/uploads\/2022\/12\/BR-700N-150x133.png 150w\" sizes=\"auto, (max-width: 1276px) 100vw, 1276px\" \/><\/p>\n","protected":false},"excerpt":{"rendered":"<p>Tu\u0161\u010dias pistoletas revolveris magnum 380 nikelio [Bruni]<\/p>\n<p>\u012f vir\u0161\u0173 \u0161audymo tu\u0161\u010dias pistoletas<br \/>\n6 raund\u0173 \u017eurnalas<br \/>\n380 kalibras<br \/>\nvienkartinis arba dvigubas veiksmas<br \/>\nmedin\u0117s rankenos plok\u0161t\u0117s<br \/>\n4 coli\u0173 statin\u0117<br \/>\nilgis 235mm<br \/>\nsvoris 900g<br \/>\nnikelio versija<\/p>\n","protected":false},"featured_media":152634,"template":"","meta":{"_acf_changed":false},"product_brand":[],"product_cat":[1148],"product_tag":[],"class_list":{"0":"post-147610","1":"product","2":"type-product","3":"status-publish","4":"has-post-thumbnail","6":"product_cat-pradedantys-pistoletai","8":"first","9":"instock","10":"purchasable","11":"product-type-simple"},"acf":[],"_links":{"self":[{"href":"https:\/\/kingarms.ee\/lt\/wp-json\/wp\/v2\/product\/147610","targetHints":{"allow":["GET"]}}],"collection":[{"href":"https:\/\/kingarms.ee\/lt\/wp-json\/wp\/v2\/product"}],"about":[{"href":"https:\/\/kingarms.ee\/lt\/wp-json\/wp\/v2\/types\/product"}],"wp:featuredmedia":[{"embeddable":true,"href":"https:\/\/kingarms.ee\/lt\/wp-json\/wp\/v2\/media\/152634"}],"wp:attachment":[{"href":"https:\/\/kingarms.ee\/lt\/wp-json\/wp\/v2\/media?parent=147610"}],"wp:term":[{"taxonomy":"product_brand","embeddable":true,"href":"https:\/\/kingarms.ee\/lt\/wp-json\/wp\/v2\/product_brand?post=147610"},{"taxonomy":"product_cat","embeddable":true,"href":"https:\/\/kingarms.ee\/lt\/wp-json\/wp\/v2\/product_cat?post=147610"},{"taxonomy":"product_tag","embeddable":true,"href":"https:\/\/kingarms.ee\/lt\/wp-json\/wp\/v2\/product_tag?post=147610"}],"curies":[{"name":"wp","href":"https:\/\/api.w.org\/{rel}","templated":true}]}}