{"id":147640,"date":"2025-04-21T17:29:23","date_gmt":"2025-04-21T14:29:23","guid":{"rendered":"https:\/\/kingarms.ee\/product\/starter-kit-borner-pm-x-saudymo-rinkinys\/"},"modified":"2025-04-21T17:51:27","modified_gmt":"2025-04-21T14:51:27","slug":"starter-kit-borner-pm-x-saudymo-rinkinys","status":"publish","type":"product","link":"https:\/\/kingarms.ee\/lt\/product\/starter-kit-borner-pm-x-saudymo-rinkinys\/","title":{"rendered":"Starter Kit: Borner PM-X \u0161audymo rinkinys"},"content":{"rendered":"<p class=\"\" data-start=\"129\" data-end=\"246\">Starter Kit: Borner PM-X \u0161audymo rinkinys<br \/>\nPuikus pradinis rinkinys oro pistoleto entuziastui! \u012e \u0161\u012f rinkin\u012f \u012feina viskas, ko reikia mank\u0161tai ar pramogoms:<\/p>\n<ol data-start=\"248\" data-end=\"909\">\n<li class=\"\" data-start=\"248\" data-end=\"529\">\n<p class=\"\" data-start=\"251\" data-end=\"362\"><strong data-start=\"251\" data-end=\"276\">Borner pneumatinis pistoletas<\/strong><br data-start=\"276\" data-end=\"279\">Garsiojo Makarovo kopija su lengvu polimeriniu r\u0117mu ir metaliniais interjero komponentais.<\/p>\n<ul data-start=\"366\" data-end=\"529\">\n<li class=\"\" data-start=\"366\" data-end=\"411\">\n<p class=\"\" data-start=\"368\" data-end=\"411\">Kalibras: 4.5 mm (0.177) plieno BB<\/p>\n<\/li>\n<li class=\"\" data-start=\"415\" data-end=\"438\">\n<p class=\"\" data-start=\"417\" data-end=\"438\">Talpa: 16 kulk\u0173<\/p>\n<\/li>\n<li class=\"\" data-start=\"442\" data-end=\"489\">\n<p class=\"\" data-start=\"444\" data-end=\"489\">Maitinimo \u0161altinis: 12G CO2 kapsul\u0117 (laikoma rankenoje)<\/p>\n<\/li>\n<li class=\"\" data-start=\"493\" data-end=\"529\">\n<p class=\"\" data-start=\"495\" data-end=\"529\">Rankinis saugumas \u0161alia plaktuko<\/p>\n<\/li>\n<\/ul>\n<\/li>\n<li class=\"\" data-start=\"531\" data-end=\"657\">\n<p class=\"\" data-start=\"534\" data-end=\"607\"><strong data-start=\"534\" data-end=\"561\">Megaline &#8220;Apple&#8221; taikinys<\/strong><br data-start=\"561\" data-end=\"564\">\u012edomus ir prakti\u0161kas popierinis taikinys.<\/p>\n<ul data-start=\"611\" data-end=\"657\">\n<li class=\"\" data-start=\"611\" data-end=\"632\">\n<p class=\"\" data-start=\"613\" data-end=\"632\">Matmenys: 14h14 cm<\/p>\n<\/li>\n<li class=\"\" data-start=\"636\" data-end=\"657\">\n<p class=\"\" data-start=\"638\" data-end=\"657\">\u012etraukta 50 lap\u0173<\/p>\n<\/li>\n<\/ul>\n<\/li>\n<li class=\"\" data-start=\"659\" data-end=\"762\">\n<p class=\"\" data-start=\"662\" data-end=\"762\"><strong data-start=\"662\" data-end=\"680\">12G CO2 kapsul\u0117<\/strong><br data-start=\"680\" data-end=\"683\">Puikiai tinka Borner PM-ir kitiems CO2 varomiems pneumatiniams ginklams.<\/p>\n<\/li>\n<li class=\"\" data-start=\"764\" data-end=\"909\">\n<p class=\"\" data-start=\"767\" data-end=\"859\"><strong data-start=\"767\" data-end=\"800\">KingArms BB 4.5 mm teraskuulid<\/strong><br data-start=\"800\" data-end=\"803\">Auk\u0161tos kokyb\u0117s 4,5 mm plieniniai rutuliai tiksliam \u0161audymui.<\/p>\n<ul data-start=\"863\" data-end=\"909\">\n<li class=\"\" data-start=\"863\" data-end=\"878\">\n<p class=\"\" data-start=\"865\" data-end=\"878\">Svoris: 0,5 g<\/p>\n<\/li>\n<li class=\"\" data-start=\"882\" data-end=\"909\">\n<p class=\"\" data-start=\"884\" data-end=\"909\">Kiekis: 650vnt plastikiniame indelyje<\/p>\n<\/li>\n<\/ul>\n<\/li>\n<\/ol>\n","protected":false},"excerpt":{"rendered":"<p class=\"\" data-start=\"129\" data-end=\"246\">Puikus pradinis rinkinys oro pistoleto entuziastui! \u012e \u0161\u012f rinkin\u012f \u012feina viskas, ko reikia mank\u0161tai ar pramogoms:<\/p>\n<ol data-start=\"248\" data-end=\"909\">\n<li class=\"\" data-start=\"248\" data-end=\"529\">\n<p class=\"\" data-start=\"251\" data-end=\"362\"><strong data-start=\"251\" data-end=\"276\">Borner pneumatinis pistoletas<\/strong><br data-start=\"276\" data-end=\"279\">Garsiojo Makarovo kopija su lengvu polimeriniu r\u0117mu ir metaliniais interjero komponentais.<\/p>\n<ul data-start=\"366\" data-end=\"529\">\n<li class=\"\" data-start=\"366\" data-end=\"411\">\n<p class=\"\" data-start=\"368\" data-end=\"411\">Kalibras: 4.5 mm (0.177) plieno BB<\/p>\n<\/li>\n<li class=\"\" data-start=\"415\" data-end=\"438\">\n<p class=\"\" data-start=\"417\" data-end=\"438\">Talpa: 16 kulk\u0173<\/p>\n<\/li>\n<li class=\"\" data-start=\"442\" data-end=\"489\">\n<p class=\"\" data-start=\"444\" data-end=\"489\">Maitinimo \u0161altinis: 12G CO2 kapsul\u0117 (laikoma rankenoje)<\/p>\n<\/li>\n<li class=\"\" data-start=\"493\" data-end=\"529\">\n<p class=\"\" data-start=\"495\" data-end=\"529\">Rankinis saugumas \u0161alia plaktuko<\/p>\n<\/li>\n<\/ul>\n<\/li>\n<li class=\"\" data-start=\"531\" data-end=\"657\">\n<p class=\"\" data-start=\"534\" data-end=\"607\"><strong data-start=\"534\" data-end=\"561\">Megaline &#8220;Apple&#8221; taikinys<\/strong><br data-start=\"561\" data-end=\"564\">\u012edomus ir prakti\u0161kas popierinis taikinys.<\/p>\n<ul data-start=\"611\" data-end=\"657\">\n<li class=\"\" data-start=\"611\" data-end=\"632\">\n<p class=\"\" data-start=\"613\" data-end=\"632\">Matmenys: 14h14 cm<\/p>\n<\/li>\n<li class=\"\" data-start=\"636\" data-end=\"657\">\n<p class=\"\" data-start=\"638\" data-end=\"657\">\u012etraukta 50 lap\u0173<\/p>\n<\/li>\n<\/ul>\n<\/li>\n<li class=\"\" data-start=\"659\" data-end=\"762\">\n<p class=\"\" data-start=\"662\" data-end=\"762\"><strong data-start=\"662\" data-end=\"680\">12G CO2 kapsul\u0117<\/strong><br data-start=\"680\" data-end=\"683\">Puikiai tinka Borner PM-ir kitiems CO2 varomiems pneumatiniams ginklams.<\/p>\n<\/li>\n<li class=\"\" data-start=\"764\" data-end=\"909\">\n<p class=\"\" data-start=\"767\" data-end=\"859\"><strong data-start=\"767\" data-end=\"800\">KingArms BB 4.5 mm teraskuulid<\/strong><br data-start=\"800\" data-end=\"803\">Auk\u0161tos kokyb\u0117s 4,5 mm plieniniai rutuliai tiksliam \u0161audymui.<\/p>\n<ul data-start=\"863\" data-end=\"909\">\n<li class=\"\" data-start=\"863\" data-end=\"878\">\n<p class=\"\" data-start=\"865\" data-end=\"878\">Svoris: 0,5 g<\/p>\n<\/li>\n<li class=\"\" data-start=\"882\" data-end=\"909\">\n<p class=\"\" data-start=\"884\" data-end=\"909\">Kiekis: 650vnt plastikiniame indelyje<\/p>\n<\/li>\n<\/ul>\n<\/li>\n<\/ol>\n","protected":false},"featured_media":147656,"template":"","meta":{"_acf_changed":false},"product_brand":[],"product_cat":[1142,1143],"product_tag":[],"class_list":{"0":"post-147640","1":"product","2":"type-product","3":"status-publish","4":"has-post-thumbnail","6":"product_cat-oro-ginklai","7":"product_cat-rankinis-ginklas","9":"first","10":"instock","11":"taxable","12":"shipping-taxable","13":"purchasable","14":"product-type-simple"},"acf":[],"_links":{"self":[{"href":"https:\/\/kingarms.ee\/lt\/wp-json\/wp\/v2\/product\/147640","targetHints":{"allow":["GET"]}}],"collection":[{"href":"https:\/\/kingarms.ee\/lt\/wp-json\/wp\/v2\/product"}],"about":[{"href":"https:\/\/kingarms.ee\/lt\/wp-json\/wp\/v2\/types\/product"}],"wp:featuredmedia":[{"embeddable":true,"href":"https:\/\/kingarms.ee\/lt\/wp-json\/wp\/v2\/media\/147656"}],"wp:attachment":[{"href":"https:\/\/kingarms.ee\/lt\/wp-json\/wp\/v2\/media?parent=147640"}],"wp:term":[{"taxonomy":"product_brand","embeddable":true,"href":"https:\/\/kingarms.ee\/lt\/wp-json\/wp\/v2\/product_brand?post=147640"},{"taxonomy":"product_cat","embeddable":true,"href":"https:\/\/kingarms.ee\/lt\/wp-json\/wp\/v2\/product_cat?post=147640"},{"taxonomy":"product_tag","embeddable":true,"href":"https:\/\/kingarms.ee\/lt\/wp-json\/wp\/v2\/product_tag?post=147640"}],"curies":[{"name":"wp","href":"https:\/\/api.w.org\/{rel}","templated":true}]}}