{"id":147721,"date":"2025-04-27T11:18:31","date_gmt":"2025-04-27T08:52:09","guid":{"rendered":"https:\/\/kingarms.ee\/product\/diana-pcp-xr-200-45-mm-pneumatinis-sautuvas\/"},"modified":"2025-04-27T11:52:09","modified_gmt":"2025-04-27T08:52:09","slug":"diana-pcp-xr-200-45-mm-pneumatinis-sautuvas","status":"publish","type":"product","link":"https:\/\/kingarms.ee\/lt\/product\/diana-pcp-xr-200-45-mm-pneumatinis-sautuvas\/","title":{"rendered":"Diana PCP XR-200 (4,5 mm pneumatinis \u0161autuvas)"},"content":{"rendered":"<p><img loading=\"lazy\" decoding=\"async\" class=\"alignnone size-full wp-image-147682\" src=\"https:\/\/kingarms.ee\/wp-content\/uploads\/2025\/04\/diana-pcp-xr-200-wood-4-5mm-air-rifle-de7588679fe04b6a8bd1b71d79c3824a-3a72b746.jpeg\" alt=\"\" width=\"900\" height=\"900\" srcset=\"https:\/\/kingarms.ee\/wp-content\/uploads\/2025\/04\/diana-pcp-xr-200-wood-4-5mm-air-rifle-de7588679fe04b6a8bd1b71d79c3824a-3a72b746.jpeg 900w, https:\/\/kingarms.ee\/wp-content\/uploads\/2025\/04\/diana-pcp-xr-200-wood-4-5mm-air-rifle-de7588679fe04b6a8bd1b71d79c3824a-3a72b746-300x300.jpeg 300w, https:\/\/kingarms.ee\/wp-content\/uploads\/2025\/04\/diana-pcp-xr-200-wood-4-5mm-air-rifle-de7588679fe04b6a8bd1b71d79c3824a-3a72b746-150x150.jpeg 150w, https:\/\/kingarms.ee\/wp-content\/uploads\/2025\/04\/diana-pcp-xr-200-wood-4-5mm-air-rifle-de7588679fe04b6a8bd1b71d79c3824a-3a72b746-768x768.jpeg 768w, https:\/\/kingarms.ee\/wp-content\/uploads\/2025\/04\/diana-pcp-xr-200-wood-4-5mm-air-rifle-de7588679fe04b6a8bd1b71d79c3824a-3a72b746-500x500.jpeg 500w\" sizes=\"auto, (max-width: 900px) 100vw, 900px\" \/><\/p>\n","protected":false},"excerpt":{"rendered":"<p>SPECIFIKACIJOS Diana PCP XR-200 (4,5 mm pneumatinis \u0161autuvas)<\/p>\n<p>Galimyb\u0117 sumontuoti spaustuk\u0105<br \/>\nKalibras [mm] 4,5 mm<br \/>\nKinetin\u0117 energija [J] 16<br \/>\nSalva: taip<br \/>\nSraigtas: talpa [vnt.] 14 (2 vnt.)<br \/>\nTvirtinimas: optinis taikiklis, trikojo laikiklis<br \/>\nMontavimo instrukcij\u0173 skai\u010dius: 2<br \/>\nKulkos tipas: diabolo<br \/>\nNereikia leidimo laikyti ginkl\u0105<br \/>\nLinijos tipas: 22 mm (Picatinny)<br \/>\nSkai\u010diavim\u0173 skai\u010dius: 150<br \/>\nMaitinimo \u0161altinis: PCP (b\u016btina naudoti siurbl\u012f arba kompresori\u0173) galima \u012fsigyti atskirai.<br \/>\nGele\u017eies ilgis [mm] 548<br \/>\nBendras ilgis [mm] 1048<br \/>\nSvoris [g] 3000<br \/>\nGamintojas: Diana, Vokietija<\/p>\n<p>Garantija 3a ir NEMOKAMA technin\u0117 prie\u017ei\u016bra per 1a.<\/p>\n","protected":false},"featured_media":147686,"template":"","meta":{"_acf_changed":false},"product_brand":[],"product_cat":[1146],"product_tag":[],"class_list":{"0":"post-147721","1":"product","2":"type-product","3":"status-publish","4":"has-post-thumbnail","6":"product_cat-pcp-hpa-lt","8":"first","9":"instock","10":"sale","11":"taxable","12":"shipping-taxable","13":"purchasable","14":"product-type-simple"},"acf":[],"_links":{"self":[{"href":"https:\/\/kingarms.ee\/lt\/wp-json\/wp\/v2\/product\/147721","targetHints":{"allow":["GET"]}}],"collection":[{"href":"https:\/\/kingarms.ee\/lt\/wp-json\/wp\/v2\/product"}],"about":[{"href":"https:\/\/kingarms.ee\/lt\/wp-json\/wp\/v2\/types\/product"}],"wp:featuredmedia":[{"embeddable":true,"href":"https:\/\/kingarms.ee\/lt\/wp-json\/wp\/v2\/media\/147686"}],"wp:attachment":[{"href":"https:\/\/kingarms.ee\/lt\/wp-json\/wp\/v2\/media?parent=147721"}],"wp:term":[{"taxonomy":"product_brand","embeddable":true,"href":"https:\/\/kingarms.ee\/lt\/wp-json\/wp\/v2\/product_brand?post=147721"},{"taxonomy":"product_cat","embeddable":true,"href":"https:\/\/kingarms.ee\/lt\/wp-json\/wp\/v2\/product_cat?post=147721"},{"taxonomy":"product_tag","embeddable":true,"href":"https:\/\/kingarms.ee\/lt\/wp-json\/wp\/v2\/product_tag?post=147721"}],"curies":[{"name":"wp","href":"https:\/\/api.w.org\/{rel}","templated":true}]}}