{"id":147775,"date":"2025-04-27T11:58:52","date_gmt":"2025-04-27T08:59:44","guid":{"rendered":"https:\/\/kingarms.ee\/product\/pneumatinis-sautuvas-optima-barrage-45-mm-pcp\/"},"modified":"2025-04-27T11:59:44","modified_gmt":"2025-04-27T08:59:44","slug":"pneumatinis-sautuvas-optima-barrage-45-mm-pcp","status":"publish","type":"product","link":"https:\/\/kingarms.ee\/lt\/product\/pneumatinis-sautuvas-optima-barrage-45-mm-pcp\/","title":{"rendered":"Pneumatinis \u0161autuvas Optima Barrage 4,5 mm PCP"},"content":{"rendered":"<p><img loading=\"lazy\" decoding=\"async\" class=\"alignnone size-full wp-image-147724\" src=\"https:\/\/kingarms.ee\/wp-content\/uploads\/2025\/04\/optima-barrage-4-5mm-pcp-air-gun-3e4ffd6176f041c8b5bab5f8396ec72d-d8e29a4e.jpeg\" alt=\"\" width=\"900\" height=\"900\" srcset=\"https:\/\/kingarms.ee\/wp-content\/uploads\/2025\/04\/optima-barrage-4-5mm-pcp-air-gun-3e4ffd6176f041c8b5bab5f8396ec72d-d8e29a4e.jpeg 900w, https:\/\/kingarms.ee\/wp-content\/uploads\/2025\/04\/optima-barrage-4-5mm-pcp-air-gun-3e4ffd6176f041c8b5bab5f8396ec72d-d8e29a4e-300x300.jpeg 300w, https:\/\/kingarms.ee\/wp-content\/uploads\/2025\/04\/optima-barrage-4-5mm-pcp-air-gun-3e4ffd6176f041c8b5bab5f8396ec72d-d8e29a4e-150x150.jpeg 150w, https:\/\/kingarms.ee\/wp-content\/uploads\/2025\/04\/optima-barrage-4-5mm-pcp-air-gun-3e4ffd6176f041c8b5bab5f8396ec72d-d8e29a4e-768x768.jpeg 768w, https:\/\/kingarms.ee\/wp-content\/uploads\/2025\/04\/optima-barrage-4-5mm-pcp-air-gun-3e4ffd6176f041c8b5bab5f8396ec72d-d8e29a4e-500x500.jpeg 500w\" sizes=\"auto, (max-width: 900px) 100vw, 900px\" \/><\/p>\n","protected":false},"excerpt":{"rendered":"<p>Pneumatinis \u0161autuvas Optima Barrage 4,5 mm PCP<\/p>\n<p>TECHNINIAI DUOMENYS:<br \/>\nTikslumas<br \/>\nKalibras [mm] 4,5 mm<br \/>\nSalv\u0117 taip<br \/>\nSalv\u0117s talpa [vnt] 14<br \/>\nPriedai: lazerio d\u0117klas, optinis taikiklis, \u017eibintuv\u0117lis, trikojo laikiklis<br \/>\nUgnies greitis Greitis [m\/s] 320<br \/>\nMontavimo instrukcij\u0173 skai\u010dius 3<br \/>\nKulkos tipas: diabolo<br \/>\nNereikia leidimo laikyti ginkl\u0105<br \/>\nLinij\u0173 tipas: 22 mm (picatinny) \/ 11 mm (taillit)<br \/>\nSkai\u010diavim\u0173 skai\u010dius: 100<br \/>\nMaitinimo \u0161altinis: PCP<br \/>\nSpalva: juoda<br \/>\nGele\u017eies ilgis [mm] 500<br \/>\nBendras ilgis [mm] 1040<br \/>\nSvoris [g] 4620<br \/>\nGamintojas: Optima by Hatsan, Turkija<\/p>\n","protected":false},"featured_media":147728,"template":"","meta":{"_acf_changed":false},"product_brand":[],"product_cat":[1146],"product_tag":[],"class_list":{"0":"post-147775","1":"product","2":"type-product","3":"status-publish","4":"has-post-thumbnail","6":"product_cat-pcp-hpa-lt","8":"first","9":"instock","10":"taxable","11":"shipping-taxable","12":"purchasable","13":"product-type-simple"},"acf":[],"_links":{"self":[{"href":"https:\/\/kingarms.ee\/lt\/wp-json\/wp\/v2\/product\/147775","targetHints":{"allow":["GET"]}}],"collection":[{"href":"https:\/\/kingarms.ee\/lt\/wp-json\/wp\/v2\/product"}],"about":[{"href":"https:\/\/kingarms.ee\/lt\/wp-json\/wp\/v2\/types\/product"}],"wp:featuredmedia":[{"embeddable":true,"href":"https:\/\/kingarms.ee\/lt\/wp-json\/wp\/v2\/media\/147728"}],"wp:attachment":[{"href":"https:\/\/kingarms.ee\/lt\/wp-json\/wp\/v2\/media?parent=147775"}],"wp:term":[{"taxonomy":"product_brand","embeddable":true,"href":"https:\/\/kingarms.ee\/lt\/wp-json\/wp\/v2\/product_brand?post=147775"},{"taxonomy":"product_cat","embeddable":true,"href":"https:\/\/kingarms.ee\/lt\/wp-json\/wp\/v2\/product_cat?post=147775"},{"taxonomy":"product_tag","embeddable":true,"href":"https:\/\/kingarms.ee\/lt\/wp-json\/wp\/v2\/product_tag?post=147775"}],"curies":[{"name":"wp","href":"https:\/\/api.w.org\/{rel}","templated":true}]}}