{"id":147877,"date":"2025-04-27T12:14:51","date_gmt":"2025-04-27T09:17:09","guid":{"rendered":"https:\/\/kingarms.ee\/product\/pneumatinis-sautuvas-optima-invader-auto-fde-45-mm-pcp\/"},"modified":"2025-04-27T12:17:09","modified_gmt":"2025-04-27T09:17:09","slug":"pneumatinis-sautuvas-optima-invader-auto-fde-45-mm-pcp","status":"publish","type":"product","link":"https:\/\/kingarms.ee\/lt\/product\/pneumatinis-sautuvas-optima-invader-auto-fde-45-mm-pcp\/","title":{"rendered":"Pneumatinis \u0161autuvas Optima Invader auto FDE 4,5 mm PCP"},"content":{"rendered":"<p><img loading=\"lazy\" decoding=\"async\" class=\"alignnone size-full wp-image-147827\" src=\"https:\/\/kingarms.ee\/wp-content\/uploads\/2025\/04\/optima-invader-auto-fde-4-5mm-pcp-air-gun-0eac689f55224f16befeafe1456fba5c-92a4483f.jpeg\" alt=\"\" width=\"900\" height=\"900\" srcset=\"https:\/\/kingarms.ee\/wp-content\/uploads\/2025\/04\/optima-invader-auto-fde-4-5mm-pcp-air-gun-0eac689f55224f16befeafe1456fba5c-92a4483f.jpeg 900w, https:\/\/kingarms.ee\/wp-content\/uploads\/2025\/04\/optima-invader-auto-fde-4-5mm-pcp-air-gun-0eac689f55224f16befeafe1456fba5c-92a4483f-300x300.jpeg 300w, https:\/\/kingarms.ee\/wp-content\/uploads\/2025\/04\/optima-invader-auto-fde-4-5mm-pcp-air-gun-0eac689f55224f16befeafe1456fba5c-92a4483f-150x150.jpeg 150w, https:\/\/kingarms.ee\/wp-content\/uploads\/2025\/04\/optima-invader-auto-fde-4-5mm-pcp-air-gun-0eac689f55224f16befeafe1456fba5c-92a4483f-768x768.jpeg 768w, https:\/\/kingarms.ee\/wp-content\/uploads\/2025\/04\/optima-invader-auto-fde-4-5mm-pcp-air-gun-0eac689f55224f16befeafe1456fba5c-92a4483f-500x500.jpeg 500w\" sizes=\"auto, (max-width: 900px) 100vw, 900px\" \/><\/p>\n","protected":false},"excerpt":{"rendered":"<p>&#8220;Optima Invader auto FDE 4,5 mm PCP pneumatinis \u0161autuvas yra pusiau automatinis PCP karabinas su precizi\u0161kai apdirbta gele\u017eimi ir taktiniu nyk\u0161\u010dio skylut\u0117s priekiu su reguliuojama kojele ir skruostikauliu. &#8220;Kaba&#8221; galima \u012fsigyti karin\u0117s spalvos &#8211; lygios tamsios \u017eem\u0117s. I\u0161 karabino paleistas \u0161\u016bvis pasiekia iki 330 m\/s greit\u012f.<\/p>\n<p>TECHNINIAI DUOMENYS:<br \/>\nTikslumas<br \/>\nKalibras [mm] 4,5 mm<br \/>\nSalv\u0117 taip<br \/>\nGelb\u0117jimo paj\u0117gumai [vnt.] 14<br \/>\nPriedai: lazerio d\u0117klas, optinis taikiklis, \u017eibintuv\u0117lis, trikojo laikiklis<br \/>\nNusileidimo greitis [m\/s] 330<br \/>\nMontavimo detali\u0173 skai\u010dius 4<br \/>\nKulkos tipas: diabolo<br \/>\nLeidimo nereikia<br \/>\nLinijos tipas: 22 mm (Picatinny)<br \/>\nSkai\u010diavim\u0173 skai\u010dius 50<br \/>\nMaitinimo \u0161altinis: PCP<br \/>\nSpalva: ruda<br \/>\nGele\u017eies ilgis [mm] 500<br \/>\nBendras ilgis [mm] 1030<br \/>\nSvoris [g] 3700<br \/>\nGamintojas: Optima by Hatsan, Turkija<\/p>\n","protected":false},"featured_media":147831,"template":"","meta":{"_acf_changed":false},"product_brand":[],"product_cat":[1146],"product_tag":[],"class_list":{"0":"post-147877","1":"product","2":"type-product","3":"status-publish","4":"has-post-thumbnail","6":"product_cat-pcp-hpa-lt","8":"first","9":"instock","10":"sale","11":"taxable","12":"shipping-taxable","13":"purchasable","14":"product-type-simple"},"acf":[],"_links":{"self":[{"href":"https:\/\/kingarms.ee\/lt\/wp-json\/wp\/v2\/product\/147877","targetHints":{"allow":["GET"]}}],"collection":[{"href":"https:\/\/kingarms.ee\/lt\/wp-json\/wp\/v2\/product"}],"about":[{"href":"https:\/\/kingarms.ee\/lt\/wp-json\/wp\/v2\/types\/product"}],"wp:featuredmedia":[{"embeddable":true,"href":"https:\/\/kingarms.ee\/lt\/wp-json\/wp\/v2\/media\/147831"}],"wp:attachment":[{"href":"https:\/\/kingarms.ee\/lt\/wp-json\/wp\/v2\/media?parent=147877"}],"wp:term":[{"taxonomy":"product_brand","embeddable":true,"href":"https:\/\/kingarms.ee\/lt\/wp-json\/wp\/v2\/product_brand?post=147877"},{"taxonomy":"product_cat","embeddable":true,"href":"https:\/\/kingarms.ee\/lt\/wp-json\/wp\/v2\/product_cat?post=147877"},{"taxonomy":"product_tag","embeddable":true,"href":"https:\/\/kingarms.ee\/lt\/wp-json\/wp\/v2\/product_tag?post=147877"}],"curies":[{"name":"wp","href":"https:\/\/api.w.org\/{rel}","templated":true}]}}