{"id":147927,"date":"2025-04-27T12:22:26","date_gmt":"2025-04-27T09:23:33","guid":{"rendered":"https:\/\/kingarms.ee\/product\/pneumatinis-sautuvas-optima-hydra-45-mm-pcp\/"},"modified":"2025-04-27T12:23:33","modified_gmt":"2025-04-27T09:23:33","slug":"pneumatinis-sautuvas-optima-hydra-45-mm-pcp","status":"publish","type":"product","link":"https:\/\/kingarms.ee\/lt\/product\/pneumatinis-sautuvas-optima-hydra-45-mm-pcp\/","title":{"rendered":"Pneumatinis \u0161autuvas Optima Hydra 4,5 mm PCP"},"content":{"rendered":"<p><img loading=\"lazy\" decoding=\"async\" class=\"alignnone size-full wp-image-147881\" src=\"https:\/\/kingarms.ee\/wp-content\/uploads\/2025\/04\/optima-hydra-4-5mm-pcp-air-gun-a6c5e6818a9343e5808e2b73910323b9-60942714.jpeg\" alt=\"\" width=\"900\" height=\"900\" srcset=\"https:\/\/kingarms.ee\/wp-content\/uploads\/2025\/04\/optima-hydra-4-5mm-pcp-air-gun-a6c5e6818a9343e5808e2b73910323b9-60942714.jpeg 900w, https:\/\/kingarms.ee\/wp-content\/uploads\/2025\/04\/optima-hydra-4-5mm-pcp-air-gun-a6c5e6818a9343e5808e2b73910323b9-60942714-300x300.jpeg 300w, https:\/\/kingarms.ee\/wp-content\/uploads\/2025\/04\/optima-hydra-4-5mm-pcp-air-gun-a6c5e6818a9343e5808e2b73910323b9-60942714-150x150.jpeg 150w, https:\/\/kingarms.ee\/wp-content\/uploads\/2025\/04\/optima-hydra-4-5mm-pcp-air-gun-a6c5e6818a9343e5808e2b73910323b9-60942714-768x768.jpeg 768w, https:\/\/kingarms.ee\/wp-content\/uploads\/2025\/04\/optima-hydra-4-5mm-pcp-air-gun-a6c5e6818a9343e5808e2b73910323b9-60942714-500x500.jpeg 500w\" sizes=\"auto, (max-width: 900px) 100vw, 900px\" \/><\/p>\n","protected":false},"excerpt":{"rendered":"<p>&#8220;Hatsan Hydra Optima&#8221; 4,5 mm PCP pneumatinis \u0161autuvas yra modulinis PCP karabinas su stilingu mediniu priekiu ir dviej\u0173 pakop\u0173 reguliuojamu nuleistuko mechanizmu, kuriam galima \u012fsigyti papildom\u0105 skirting\u0173 kalibr\u0173 vamzd\u012f ir j\u012f pakeisti pa\u010diam. I\u0161 karabino paleistas \u0161\u016bvis pasiekia iki 290 m\/s greit\u012f.<\/p>\n<p>TECHNINIAI DUOMENYS:<br \/>\nTikslumas<br \/>\nKalibras [mm] 4,5 mm<br \/>\nSalv\u0117 taip<br \/>\nVar\u017et\u0173 talpa [vnt] 14<br \/>\nOptinio taikiklio montavimas<br \/>\nBurnos greitis [m\/s] 250<br \/>\nMontavimo detali\u0173 skai\u010dius 2<br \/>\nKulkos tipo diabolo<br \/>\nLeidimo nereikia<br \/>\nKai\u0161\u010dio tipas 22 mm (picatinny) \/ 11 mm (dovetail)<br \/>\nI\u0161kraut\u0173 kieki\u0173 skai\u010dius 48<br \/>\nMaitinimo \u0161altinis PCP<br \/>\nRudos spalvos<br \/>\nGele\u017eies ilgis [mm] 450<br \/>\nBendras ilgis [mm] 945<br \/>\nSvoris [g] 2990<br \/>\nGamintojas Optima by Hatsan, Turkija<\/p>\n","protected":false},"featured_media":147885,"template":"","meta":{"_acf_changed":false},"product_brand":[],"product_cat":[1146],"product_tag":[],"class_list":{"0":"post-147927","1":"product","2":"type-product","3":"status-publish","4":"has-post-thumbnail","6":"product_cat-pcp-hpa-lt","8":"first","9":"instock","10":"sale","11":"taxable","12":"shipping-taxable","13":"purchasable","14":"product-type-simple"},"acf":[],"_links":{"self":[{"href":"https:\/\/kingarms.ee\/lt\/wp-json\/wp\/v2\/product\/147927","targetHints":{"allow":["GET"]}}],"collection":[{"href":"https:\/\/kingarms.ee\/lt\/wp-json\/wp\/v2\/product"}],"about":[{"href":"https:\/\/kingarms.ee\/lt\/wp-json\/wp\/v2\/types\/product"}],"wp:featuredmedia":[{"embeddable":true,"href":"https:\/\/kingarms.ee\/lt\/wp-json\/wp\/v2\/media\/147885"}],"wp:attachment":[{"href":"https:\/\/kingarms.ee\/lt\/wp-json\/wp\/v2\/media?parent=147927"}],"wp:term":[{"taxonomy":"product_brand","embeddable":true,"href":"https:\/\/kingarms.ee\/lt\/wp-json\/wp\/v2\/product_brand?post=147927"},{"taxonomy":"product_cat","embeddable":true,"href":"https:\/\/kingarms.ee\/lt\/wp-json\/wp\/v2\/product_cat?post=147927"},{"taxonomy":"product_tag","embeddable":true,"href":"https:\/\/kingarms.ee\/lt\/wp-json\/wp\/v2\/product_tag?post=147927"}],"curies":[{"name":"wp","href":"https:\/\/api.w.org\/{rel}","templated":true}]}}