{"id":147969,"date":"2025-04-27T12:28:49","date_gmt":"2025-04-27T09:29:34","guid":{"rendered":"https:\/\/kingarms.ee\/product\/pneumatinis-sautuvas-optima-hatsan-barrage-w-45-mm-pcp\/"},"modified":"2025-04-27T12:29:34","modified_gmt":"2025-04-27T09:29:34","slug":"pneumatinis-sautuvas-optima-hatsan-barrage-w-45-mm-pcp","status":"publish","type":"product","link":"https:\/\/kingarms.ee\/lt\/product\/pneumatinis-sautuvas-optima-hatsan-barrage-w-45-mm-pcp\/","title":{"rendered":"Pneumatinis \u0161autuvas Optima Hatsan Barrage-W 4,5 mm PCP"},"content":{"rendered":"<p><img loading=\"lazy\" decoding=\"async\" class=\"alignnone size-full wp-image-147929\" src=\"https:\/\/kingarms.ee\/wp-content\/uploads\/2025\/04\/wiatrowka-pcp-optima-by-hatsan-barrage-w-4-5-mm-0b3970423f5e473fb82648ef4f2364ea-7b16d1da.jpeg\" alt=\"\" width=\"900\" height=\"900\" srcset=\"https:\/\/kingarms.ee\/wp-content\/uploads\/2025\/04\/wiatrowka-pcp-optima-by-hatsan-barrage-w-4-5-mm-0b3970423f5e473fb82648ef4f2364ea-7b16d1da.jpeg 900w, https:\/\/kingarms.ee\/wp-content\/uploads\/2025\/04\/wiatrowka-pcp-optima-by-hatsan-barrage-w-4-5-mm-0b3970423f5e473fb82648ef4f2364ea-7b16d1da-300x300.jpeg 300w, https:\/\/kingarms.ee\/wp-content\/uploads\/2025\/04\/wiatrowka-pcp-optima-by-hatsan-barrage-w-4-5-mm-0b3970423f5e473fb82648ef4f2364ea-7b16d1da-150x150.jpeg 150w, https:\/\/kingarms.ee\/wp-content\/uploads\/2025\/04\/wiatrowka-pcp-optima-by-hatsan-barrage-w-4-5-mm-0b3970423f5e473fb82648ef4f2364ea-7b16d1da-768x768.jpeg 768w, https:\/\/kingarms.ee\/wp-content\/uploads\/2025\/04\/wiatrowka-pcp-optima-by-hatsan-barrage-w-4-5-mm-0b3970423f5e473fb82648ef4f2364ea-7b16d1da-500x500.jpeg 500w\" sizes=\"auto, (max-width: 900px) 100vw, 900px\" \/><\/p>\n","protected":false},"excerpt":{"rendered":"<p>Pneumatinis \u0161autuvas Optima Hatsan Barrage-W 4,5 mm PCP<\/p>\n<p>TECHNINIAI DUOMENYS:<br \/>\nTikslumas<br \/>\nKalibras [mm] 4,5 mm<br \/>\nSalv\u0117 taip<br \/>\nPad\u0117klo talpa [vnt.] 14<br \/>\nOptinio taikiklio montavimas<br \/>\nNusileidimo greitis [m\/s] 295<br \/>\nMontavimo detali\u0173 skai\u010dius 2<br \/>\nKulkos tipo diabolo<br \/>\nNereikia leidimo laikyti ginkl\u0105<br \/>\nKai\u0161\u010dio tipas 22 mm (picatinny) \/ 11 mm (dovetail)<br \/>\nI\u0161kraut\u0173 kieki\u0173 skai\u010dius 56<br \/>\nMaitinimo \u0161altinis PCP<br \/>\nRudos spalvos<br \/>\nGele\u017eies ilgis [mm] 500<br \/>\nBendras ilgis [mm] 1035<br \/>\nSvoris [g] 2990<br \/>\nGamintojas Optima by Hatsan, Turkija<\/p>\n","protected":false},"featured_media":147933,"template":"","meta":{"_acf_changed":false},"product_brand":[],"product_cat":[1146],"product_tag":[],"class_list":{"0":"post-147969","1":"product","2":"type-product","3":"status-publish","4":"has-post-thumbnail","6":"product_cat-pcp-hpa-lt","8":"first","9":"instock","10":"sale","11":"taxable","12":"shipping-taxable","13":"purchasable","14":"product-type-simple"},"acf":[],"_links":{"self":[{"href":"https:\/\/kingarms.ee\/lt\/wp-json\/wp\/v2\/product\/147969","targetHints":{"allow":["GET"]}}],"collection":[{"href":"https:\/\/kingarms.ee\/lt\/wp-json\/wp\/v2\/product"}],"about":[{"href":"https:\/\/kingarms.ee\/lt\/wp-json\/wp\/v2\/types\/product"}],"wp:featuredmedia":[{"embeddable":true,"href":"https:\/\/kingarms.ee\/lt\/wp-json\/wp\/v2\/media\/147933"}],"wp:attachment":[{"href":"https:\/\/kingarms.ee\/lt\/wp-json\/wp\/v2\/media?parent=147969"}],"wp:term":[{"taxonomy":"product_brand","embeddable":true,"href":"https:\/\/kingarms.ee\/lt\/wp-json\/wp\/v2\/product_brand?post=147969"},{"taxonomy":"product_cat","embeddable":true,"href":"https:\/\/kingarms.ee\/lt\/wp-json\/wp\/v2\/product_cat?post=147969"},{"taxonomy":"product_tag","embeddable":true,"href":"https:\/\/kingarms.ee\/lt\/wp-json\/wp\/v2\/product_tag?post=147969"}],"curies":[{"name":"wp","href":"https:\/\/api.w.org\/{rel}","templated":true}]}}