{"id":148000,"date":"2025-04-27T12:34:17","date_gmt":"2025-04-27T09:35:07","guid":{"rendered":"https:\/\/kingarms.ee\/product\/pneumatinis-sautuvas-walther-pcp-reign-m2v-4-5mm\/"},"modified":"2025-04-27T12:35:07","modified_gmt":"2025-04-27T09:35:07","slug":"pneumatinis-sautuvas-walther-pcp-reign-m2v-4-5mm","status":"publish","type":"product","link":"https:\/\/kingarms.ee\/lt\/product\/pneumatinis-sautuvas-walther-pcp-reign-m2v-4-5mm\/","title":{"rendered":"Pneumatinis \u0161autuvas Walther PCP Reign M2V 4.5mm"},"content":{"rendered":"<p><img loading=\"lazy\" decoding=\"async\" class=\"alignnone size-full wp-image-147973\" src=\"https:\/\/kingarms.ee\/wp-content\/uploads\/2025\/04\/walther-pcp-reign-m2v-4-5mm-airgun-4fd3b8141f544af1810e837c61b88699-85ff4e32.jpeg\" alt=\"\" width=\"900\" height=\"900\" srcset=\"https:\/\/kingarms.ee\/wp-content\/uploads\/2025\/04\/walther-pcp-reign-m2v-4-5mm-airgun-4fd3b8141f544af1810e837c61b88699-85ff4e32.jpeg 900w, https:\/\/kingarms.ee\/wp-content\/uploads\/2025\/04\/walther-pcp-reign-m2v-4-5mm-airgun-4fd3b8141f544af1810e837c61b88699-85ff4e32-300x300.jpeg 300w, https:\/\/kingarms.ee\/wp-content\/uploads\/2025\/04\/walther-pcp-reign-m2v-4-5mm-airgun-4fd3b8141f544af1810e837c61b88699-85ff4e32-150x150.jpeg 150w, https:\/\/kingarms.ee\/wp-content\/uploads\/2025\/04\/walther-pcp-reign-m2v-4-5mm-airgun-4fd3b8141f544af1810e837c61b88699-85ff4e32-768x768.jpeg 768w, https:\/\/kingarms.ee\/wp-content\/uploads\/2025\/04\/walther-pcp-reign-m2v-4-5mm-airgun-4fd3b8141f544af1810e837c61b88699-85ff4e32-500x500.jpeg 500w\" sizes=\"auto, (max-width: 900px) 100vw, 900px\" \/><\/p>\n","protected":false},"excerpt":{"rendered":"<p>&#8220;Walther Reign M2 V 4,5 mm&#8221; yra sulankstomas bullpup PCP pneumatinis \u0161autuvas su polimerine lova, tikslaus i\u0161metimo slopintuvu, reguliuojamu nuleistuko mechanizmu ir efektyvia duj\u0173 sistema.<\/p>\n<p>TECHNINIAI DUOMENYS:<br \/>\nTikslumas<br \/>\nKalibras [mm] 4,5 mm<br \/>\nKinetin\u0117 energija [J] 16<br \/>\nSalv\u0117 taip<br \/>\nPad\u0117klo talpa [vnt] 11<br \/>\nTvirtinimas: optinis taikiklis, trikojo laikiklis<br \/>\nNusileidimo greitis [m\/s] 250<br \/>\nMontavimo instrukcij\u0173 skai\u010dius: 2<br \/>\nKulkos tipas: diabolo<br \/>\nLeidimo nereikia<br \/>\nLinijos tipas: 22 mm (Picatinny)<br \/>\nSkai\u010diavim\u0173 skai\u010dius: 140<br \/>\nMaitinimo \u0161altinis: PCP<br \/>\nGele\u017eies ilgis [mm] 500<br \/>\nBendras ilgis [mm] 665<br \/>\nSvoris [g] 2900<br \/>\nGamintojas: Walther\/Umarex, Vokietija<\/p>\n","protected":false},"featured_media":147977,"template":"","meta":{"_acf_changed":false},"product_brand":[],"product_cat":[1146],"product_tag":[],"class_list":{"0":"post-148000","1":"product","2":"type-product","3":"status-publish","4":"has-post-thumbnail","6":"product_cat-pcp-hpa-lt","8":"first","9":"instock","10":"sale","11":"taxable","12":"shipping-taxable","13":"purchasable","14":"product-type-simple"},"acf":[],"_links":{"self":[{"href":"https:\/\/kingarms.ee\/lt\/wp-json\/wp\/v2\/product\/148000","targetHints":{"allow":["GET"]}}],"collection":[{"href":"https:\/\/kingarms.ee\/lt\/wp-json\/wp\/v2\/product"}],"about":[{"href":"https:\/\/kingarms.ee\/lt\/wp-json\/wp\/v2\/types\/product"}],"wp:featuredmedia":[{"embeddable":true,"href":"https:\/\/kingarms.ee\/lt\/wp-json\/wp\/v2\/media\/147977"}],"wp:attachment":[{"href":"https:\/\/kingarms.ee\/lt\/wp-json\/wp\/v2\/media?parent=148000"}],"wp:term":[{"taxonomy":"product_brand","embeddable":true,"href":"https:\/\/kingarms.ee\/lt\/wp-json\/wp\/v2\/product_brand?post=148000"},{"taxonomy":"product_cat","embeddable":true,"href":"https:\/\/kingarms.ee\/lt\/wp-json\/wp\/v2\/product_cat?post=148000"},{"taxonomy":"product_tag","embeddable":true,"href":"https:\/\/kingarms.ee\/lt\/wp-json\/wp\/v2\/product_tag?post=148000"}],"curies":[{"name":"wp","href":"https:\/\/api.w.org\/{rel}","templated":true}]}}