{"id":148055,"date":"2025-04-27T12:41:49","date_gmt":"2025-04-27T09:43:19","guid":{"rendered":"https:\/\/kingarms.ee\/product\/pneumatinis-sautuvas-hatsan-galatian-i-cal-45-mm-pcp\/"},"modified":"2025-04-27T12:43:19","modified_gmt":"2025-04-27T09:43:19","slug":"pneumatinis-sautuvas-hatsan-galatian-i-cal-45-mm-pcp","status":"publish","type":"product","link":"https:\/\/kingarms.ee\/lt\/product\/pneumatinis-sautuvas-hatsan-galatian-i-cal-45-mm-pcp\/","title":{"rendered":"Pneumatinis \u0161autuvas Hatsan Galatian I cal. 4,5 mm PCP"},"content":{"rendered":"<p><img loading=\"lazy\" decoding=\"async\" class=\"alignnone size-full wp-image-148004\" src=\"https:\/\/kingarms.ee\/wp-content\/uploads\/2025\/04\/airgun-hatsan-galatian-i-kal-4-5-mm-9bdebf3eb15e44349f65c273f8212dc5-b262b58e.jpeg\" alt=\"\" width=\"900\" height=\"900\" srcset=\"https:\/\/kingarms.ee\/wp-content\/uploads\/2025\/04\/airgun-hatsan-galatian-i-kal-4-5-mm-9bdebf3eb15e44349f65c273f8212dc5-b262b58e.jpeg 900w, https:\/\/kingarms.ee\/wp-content\/uploads\/2025\/04\/airgun-hatsan-galatian-i-kal-4-5-mm-9bdebf3eb15e44349f65c273f8212dc5-b262b58e-300x300.jpeg 300w, https:\/\/kingarms.ee\/wp-content\/uploads\/2025\/04\/airgun-hatsan-galatian-i-kal-4-5-mm-9bdebf3eb15e44349f65c273f8212dc5-b262b58e-150x150.jpeg 150w, https:\/\/kingarms.ee\/wp-content\/uploads\/2025\/04\/airgun-hatsan-galatian-i-kal-4-5-mm-9bdebf3eb15e44349f65c273f8212dc5-b262b58e-768x768.jpeg 768w, https:\/\/kingarms.ee\/wp-content\/uploads\/2025\/04\/airgun-hatsan-galatian-i-kal-4-5-mm-9bdebf3eb15e44349f65c273f8212dc5-b262b58e-500x500.jpeg 500w\" sizes=\"auto, (max-width: 900px) 100vw, 900px\" \/><\/p>\n","protected":false},"excerpt":{"rendered":"<p>Pneumatinis \u0161autuvas Hatsan Galatian I cal. 4,5 mm PCP (su nyk\u0161\u010diu) versija yra modernus ir precizi\u0161kai suprojektuotas daugia\u0161\u016bvis (16-14 arba 13 \u0161\u016bvi\u0173, priklausomai nuo kalibro) PCP (i\u0161 anksto \u012fkraunamas pneumatinis) pneumatinis \u0161autuvas, pasi\u017eymintis \u012fsp\u016bdinga \u0161audymo galia.<\/p>\n<p>Tikslumas<br \/>\nKalibras [mm] 4,5 mm<br \/>\n\u0160audymo re\u017eimas: vienas \u0161\u016bvis<br \/>\nSalva: taip<br \/>\nPad\u0117klo talpa [vnt.] 16<br \/>\nNusileidimo greitis [m\/s] 250<br \/>\nInkar\u0173 skai\u010dius: 2<br \/>\nKulkos tipas: diabolo<br \/>\nNereikia leidimo laikyti ginkl\u0105<br \/>\nLinijos tipas: 22 mm (picatinny) \/ 11 mm (dovetail)<br \/>\nMaitinimo \u0161altinis: PCP<br \/>\nSpalva: ruda<br \/>\nStrypo ilgis [cm] 58,5<br \/>\nBendras ilgis [cm] 107,5<br \/>\nSvoris [g] 4000<br \/>\nGamintojas: Optima by Hatsan, Turkija<\/p>\n","protected":false},"featured_media":148008,"template":"","meta":{"_acf_changed":false},"product_brand":[],"product_cat":[1146],"product_tag":[],"class_list":{"0":"post-148055","1":"product","2":"type-product","3":"status-publish","4":"has-post-thumbnail","6":"product_cat-pcp-hpa-lt","8":"first","9":"instock","10":"sale","11":"taxable","12":"shipping-taxable","13":"purchasable","14":"product-type-simple"},"acf":[],"_links":{"self":[{"href":"https:\/\/kingarms.ee\/lt\/wp-json\/wp\/v2\/product\/148055","targetHints":{"allow":["GET"]}}],"collection":[{"href":"https:\/\/kingarms.ee\/lt\/wp-json\/wp\/v2\/product"}],"about":[{"href":"https:\/\/kingarms.ee\/lt\/wp-json\/wp\/v2\/types\/product"}],"wp:featuredmedia":[{"embeddable":true,"href":"https:\/\/kingarms.ee\/lt\/wp-json\/wp\/v2\/media\/148008"}],"wp:attachment":[{"href":"https:\/\/kingarms.ee\/lt\/wp-json\/wp\/v2\/media?parent=148055"}],"wp:term":[{"taxonomy":"product_brand","embeddable":true,"href":"https:\/\/kingarms.ee\/lt\/wp-json\/wp\/v2\/product_brand?post=148055"},{"taxonomy":"product_cat","embeddable":true,"href":"https:\/\/kingarms.ee\/lt\/wp-json\/wp\/v2\/product_cat?post=148055"},{"taxonomy":"product_tag","embeddable":true,"href":"https:\/\/kingarms.ee\/lt\/wp-json\/wp\/v2\/product_tag?post=148055"}],"curies":[{"name":"wp","href":"https:\/\/api.w.org\/{rel}","templated":true}]}}