{"id":148091,"date":"2025-04-27T12:49:03","date_gmt":"2025-04-27T09:50:36","guid":{"rendered":"https:\/\/kingarms.ee\/product\/pneumatinis-sautuvas-walther-rotex-rm8-45-mm\/"},"modified":"2025-04-27T12:50:36","modified_gmt":"2025-04-27T09:50:36","slug":"pneumatinis-sautuvas-walther-rotex-rm8-45-mm","status":"publish","type":"product","link":"https:\/\/kingarms.ee\/lt\/product\/pneumatinis-sautuvas-walther-rotex-rm8-45-mm\/","title":{"rendered":"Pneumatinis \u0161autuvas Walther Rotex RM8 4,5 mm"},"content":{"rendered":"<p><img loading=\"lazy\" decoding=\"async\" class=\"alignnone size-full wp-image-148058\" src=\"https:\/\/kingarms.ee\/wp-content\/uploads\/2025\/04\/airgun-walther-rotex-rm8-4-5-mm-81a80d85fb23427db4ddb6ab999e54c3-1af53ebd.jpeg\" alt=\"\" width=\"900\" height=\"900\" srcset=\"https:\/\/kingarms.ee\/wp-content\/uploads\/2025\/04\/airgun-walther-rotex-rm8-4-5-mm-81a80d85fb23427db4ddb6ab999e54c3-1af53ebd.jpeg 900w, https:\/\/kingarms.ee\/wp-content\/uploads\/2025\/04\/airgun-walther-rotex-rm8-4-5-mm-81a80d85fb23427db4ddb6ab999e54c3-1af53ebd-300x300.jpeg 300w, https:\/\/kingarms.ee\/wp-content\/uploads\/2025\/04\/airgun-walther-rotex-rm8-4-5-mm-81a80d85fb23427db4ddb6ab999e54c3-1af53ebd-150x150.jpeg 150w, https:\/\/kingarms.ee\/wp-content\/uploads\/2025\/04\/airgun-walther-rotex-rm8-4-5-mm-81a80d85fb23427db4ddb6ab999e54c3-1af53ebd-768x768.jpeg 768w, https:\/\/kingarms.ee\/wp-content\/uploads\/2025\/04\/airgun-walther-rotex-rm8-4-5-mm-81a80d85fb23427db4ddb6ab999e54c3-1af53ebd-500x500.jpeg 500w\" sizes=\"auto, (max-width: 900px) 100vw, 900px\" \/><\/p>\n","protected":false},"excerpt":{"rendered":"<p>&#8220;Walther Rotex RM8&#8221; 4,5 mm kalibro pneumatinis \u0161autuvas &#8211; tai pasirinkimas tiems, kurie ie\u0161ko tikslaus pneumatinio \u0161autuvo ir vertina sud\u0117ting\u0105 dizain\u0105.<\/p>\n<p>TECHNINIAI DUOMENYS:<\/p>\n<p>Kalibras [mm] 4,5 mm<br \/>\nKinetin\u0117 energija [J] ma\u017eesn\u0117 nei 17<br \/>\nPad\u0117klo talpa [vnt] 8<br \/>\nBurnos greitis [m\/s] 240<br \/>\nKulkos tipas: diabolo<br \/>\nB\u0117gio tipas: 11 mm (kai\u0161tinis)<br \/>\nSkai\u010diavim\u0173 skai\u010dius: 110<br \/>\nMaitinimo \u0161altinis: PCP<br \/>\nSpalva: ruda<br \/>\nGele\u017eies ilgis [mm] 500<br \/>\nBendras ilgis [mm] 950<br \/>\nSvoris [g] 3610<br \/>\nGarantijos laikotarpis: 36 m\u0117nesiai ir 12 m\u0117nesi\u0173 NEMOKAMA prie\u017ei\u016bra.<br \/>\nGamintojas: Walther\/Umarex, Vokietija<\/p>\n","protected":false},"featured_media":148062,"template":"","meta":{"_acf_changed":false},"product_brand":[],"product_cat":[1146],"product_tag":[],"class_list":{"0":"post-148091","1":"product","2":"type-product","3":"status-publish","4":"has-post-thumbnail","6":"product_cat-pcp-hpa-lt","8":"first","9":"instock","10":"sale","11":"taxable","12":"shipping-taxable","13":"purchasable","14":"product-type-simple"},"acf":[],"_links":{"self":[{"href":"https:\/\/kingarms.ee\/lt\/wp-json\/wp\/v2\/product\/148091","targetHints":{"allow":["GET"]}}],"collection":[{"href":"https:\/\/kingarms.ee\/lt\/wp-json\/wp\/v2\/product"}],"about":[{"href":"https:\/\/kingarms.ee\/lt\/wp-json\/wp\/v2\/types\/product"}],"wp:featuredmedia":[{"embeddable":true,"href":"https:\/\/kingarms.ee\/lt\/wp-json\/wp\/v2\/media\/148062"}],"wp:attachment":[{"href":"https:\/\/kingarms.ee\/lt\/wp-json\/wp\/v2\/media?parent=148091"}],"wp:term":[{"taxonomy":"product_brand","embeddable":true,"href":"https:\/\/kingarms.ee\/lt\/wp-json\/wp\/v2\/product_brand?post=148091"},{"taxonomy":"product_cat","embeddable":true,"href":"https:\/\/kingarms.ee\/lt\/wp-json\/wp\/v2\/product_cat?post=148091"},{"taxonomy":"product_tag","embeddable":true,"href":"https:\/\/kingarms.ee\/lt\/wp-json\/wp\/v2\/product_tag?post=148091"}],"curies":[{"name":"wp","href":"https:\/\/api.w.org\/{rel}","templated":true}]}}