{"id":148146,"date":"2025-04-27T12:54:38","date_gmt":"2025-04-27T09:56:13","guid":{"rendered":"https:\/\/kingarms.ee\/product\/pneumatinis-sautuvas-optima-velox-45-mm-vetrunge-pcp\/"},"modified":"2025-04-27T12:56:13","modified_gmt":"2025-04-27T09:56:13","slug":"pneumatinis-sautuvas-optima-velox-45-mm-vetrunge-pcp","status":"publish","type":"product","link":"https:\/\/kingarms.ee\/lt\/product\/pneumatinis-sautuvas-optima-velox-45-mm-vetrunge-pcp\/","title":{"rendered":"Pneumatinis \u0161autuvas &#8220;Optima Velox&#8221; 4,5 mm v\u0117trung\u0117 PCP"},"content":{"rendered":"<p><img loading=\"lazy\" decoding=\"async\" class=\"alignnone size-full wp-image-148083\" src=\"https:\/\/kingarms.ee\/wp-content\/uploads\/2025\/04\/optima-velox-4-5-mm-windcheater-ab528645fe524a4f972d5398f4058741-54530139.jpeg\" alt=\"\" width=\"900\" height=\"900\" srcset=\"https:\/\/kingarms.ee\/wp-content\/uploads\/2025\/04\/optima-velox-4-5-mm-windcheater-ab528645fe524a4f972d5398f4058741-54530139.jpeg 900w, https:\/\/kingarms.ee\/wp-content\/uploads\/2025\/04\/optima-velox-4-5-mm-windcheater-ab528645fe524a4f972d5398f4058741-54530139-300x300.jpeg 300w, https:\/\/kingarms.ee\/wp-content\/uploads\/2025\/04\/optima-velox-4-5-mm-windcheater-ab528645fe524a4f972d5398f4058741-54530139-150x150.jpeg 150w, https:\/\/kingarms.ee\/wp-content\/uploads\/2025\/04\/optima-velox-4-5-mm-windcheater-ab528645fe524a4f972d5398f4058741-54530139-768x768.jpeg 768w, https:\/\/kingarms.ee\/wp-content\/uploads\/2025\/04\/optima-velox-4-5-mm-windcheater-ab528645fe524a4f972d5398f4058741-54530139-500x500.jpeg 500w\" sizes=\"auto, (max-width: 900px) 100vw, 900px\" \/><\/p>\n","protected":false},"excerpt":{"rendered":"<p>Pneumatinis \u0161autuvas &#8220;Optima Velox&#8221; 4,5 mm v\u0117trung\u0117 PCP. Jei kada nors svajojote apie dinami\u0161k\u0105 \u0161audym\u0105, ne\u012ftik\u0117tin\u0105 tikslum\u0105, intuityv\u0173 valdym\u0105 ir stiling\u0105 dizain\u0105, &#8220;Velox&#8221; skirtas jums. \u0160iame unikaliame pasi\u016blyme technologinis meistri\u0161kumas derinamas su patikimumu ir komfortu.<\/p>\n<p>TECHNINIAI DUOMENYS:<br \/>\nTikslumas<br \/>\nKalibras [mm] 4,5 mm<br \/>\nKinetin\u0117 energija [J] 17<br \/>\nSalva: taip<br \/>\nSalv\u0117: kiekis [vnt] 14<br \/>\nTvirtinimo var\u017et\u0173 skai\u010dius: 1<br \/>\nKulkos tipas: diabolo<br \/>\nNereikia leidimo laikyti ginkl\u0105<br \/>\nLinijos tipas: 22 mm (picatinny) \/ 11 mm (su liemeniu)<br \/>\nApsaugos priemoni\u0173 skai\u010dius: 1<br \/>\nSkai\u010diavim\u0173 skai\u010dius: 22<br \/>\nMaitinimo \u0161altinis: PCP<br \/>\nStryp\u0173 ilgis [mm] 140<br \/>\nBendras ilgis [mm] 290<br \/>\nSvoris [g] 1250<br \/>\nGamintojas: Optima by Hatsan, Turkija<\/p>\n<p>3 met\u0173 garantija ir NEMOKAMA technin\u0117 prie\u017ei\u016bra 1a metus.<\/p>\n","protected":false},"featured_media":148087,"template":"","meta":{"_acf_changed":false},"product_brand":[],"product_cat":[1146],"product_tag":[],"class_list":{"0":"post-148146","1":"product","2":"type-product","3":"status-publish","4":"has-post-thumbnail","6":"product_cat-pcp-hpa-lt","8":"first","9":"instock","10":"sale","11":"taxable","12":"shipping-taxable","13":"purchasable","14":"product-type-simple"},"acf":[],"_links":{"self":[{"href":"https:\/\/kingarms.ee\/lt\/wp-json\/wp\/v2\/product\/148146","targetHints":{"allow":["GET"]}}],"collection":[{"href":"https:\/\/kingarms.ee\/lt\/wp-json\/wp\/v2\/product"}],"about":[{"href":"https:\/\/kingarms.ee\/lt\/wp-json\/wp\/v2\/types\/product"}],"wp:featuredmedia":[{"embeddable":true,"href":"https:\/\/kingarms.ee\/lt\/wp-json\/wp\/v2\/media\/148087"}],"wp:attachment":[{"href":"https:\/\/kingarms.ee\/lt\/wp-json\/wp\/v2\/media?parent=148146"}],"wp:term":[{"taxonomy":"product_brand","embeddable":true,"href":"https:\/\/kingarms.ee\/lt\/wp-json\/wp\/v2\/product_brand?post=148146"},{"taxonomy":"product_cat","embeddable":true,"href":"https:\/\/kingarms.ee\/lt\/wp-json\/wp\/v2\/product_cat?post=148146"},{"taxonomy":"product_tag","embeddable":true,"href":"https:\/\/kingarms.ee\/lt\/wp-json\/wp\/v2\/product_tag?post=148146"}],"curies":[{"name":"wp","href":"https:\/\/api.w.org\/{rel}","templated":true}]}}