{"id":148204,"date":"2025-04-27T13:00:15","date_gmt":"2025-04-27T10:01:09","guid":{"rendered":"https:\/\/kingarms.ee\/product\/pneumatinis-ginklas-optima-tac-boss-45-mm-vetrunge\/"},"modified":"2025-04-27T13:01:09","modified_gmt":"2025-04-27T10:01:09","slug":"pneumatinis-ginklas-optima-tac-boss-45-mm-vetrunge","status":"publish","type":"product","link":"https:\/\/kingarms.ee\/lt\/product\/pneumatinis-ginklas-optima-tac-boss-45-mm-vetrunge\/","title":{"rendered":"Pneumatinis ginklas Optima Tac Boss 4,5 mm v\u0117trung\u0117"},"content":{"rendered":"<p><img loading=\"lazy\" decoding=\"async\" class=\"alignnone size-full wp-image-148148\" src=\"https:\/\/kingarms.ee\/wp-content\/uploads\/2025\/04\/optima-tac-boss-4-5mm-windsock-ea02824b450c43afad28acc353836c76-c18f7036.jpeg\" alt=\"\" width=\"900\" height=\"900\" srcset=\"https:\/\/kingarms.ee\/wp-content\/uploads\/2025\/04\/optima-tac-boss-4-5mm-windsock-ea02824b450c43afad28acc353836c76-c18f7036.jpeg 900w, https:\/\/kingarms.ee\/wp-content\/uploads\/2025\/04\/optima-tac-boss-4-5mm-windsock-ea02824b450c43afad28acc353836c76-c18f7036-300x300.jpeg 300w, https:\/\/kingarms.ee\/wp-content\/uploads\/2025\/04\/optima-tac-boss-4-5mm-windsock-ea02824b450c43afad28acc353836c76-c18f7036-150x150.jpeg 150w, https:\/\/kingarms.ee\/wp-content\/uploads\/2025\/04\/optima-tac-boss-4-5mm-windsock-ea02824b450c43afad28acc353836c76-c18f7036-768x768.jpeg 768w, https:\/\/kingarms.ee\/wp-content\/uploads\/2025\/04\/optima-tac-boss-4-5mm-windsock-ea02824b450c43afad28acc353836c76-c18f7036-500x500.jpeg 500w\" sizes=\"auto, (max-width: 900px) 100vw, 900px\" \/><\/p>\n","protected":false},"excerpt":{"rendered":"<p>&#8220;Hatsan Optima Tac Boss&#8221; 4,5 mm pneumatinis \u0161autuvas yra modernus PCP pneumatinis \u0161autuvas, kuriame universalumas ir paprastas naudojimas \u012fgauna nauj\u0105 prasm\u0119. \u0160is pneumatinis \u0161autuvas skirtas reikliems \u0161auliams, kurie tikisi patikimumo, tikslumo ir visi\u0161ko pritaikymo. D\u0117l modulin\u0117s konstrukcijos, reguliuojamo sl\u0117gio sistemos ir patogi\u0173 taktini\u0173 pried\u0173 &#8220;Tac Boss&#8221; idealiai tinka tiek pramoginiam, tiek profesionaliam tiksliam \u0161audymui.<\/p>\n<p>TECHNINIAI DUOMENYS:<\/p>\n<p>Tikslumas<br \/>\nKalibras [mm] 4,5 mm<br \/>\nSalva: taip<br \/>\nPad\u0117klo talpa [vnt] 18<br \/>\nInkar\u0173 skai\u010dius: 4<br \/>\nPaleidimo greitis 310 ms<br \/>\nKulkos tipas: diabolo<br \/>\nLeidimo nereikia<br \/>\nLinijos tipas: 22 mm (Picatinny)<br \/>\nApsaugos priemoni\u0173 skai\u010dius: 1<br \/>\nSkai\u010diavim\u0173 skai\u010dius: 140<br \/>\nMaitinimo \u0161altinis: PCP<br \/>\nStryp\u0173 ilgis: [mm] 520<br \/>\nBendras ilgis: [mm] 1040<br \/>\nSvoris: [g] 3600<br \/>\nGamintojas: Optima by Hatsan, Turkija<\/p>\n","protected":false},"featured_media":148152,"template":"","meta":{"_acf_changed":false},"product_brand":[],"product_cat":[1146],"product_tag":[],"class_list":{"0":"post-148204","1":"product","2":"type-product","3":"status-publish","4":"has-post-thumbnail","6":"product_cat-pcp-hpa-lt","8":"first","9":"instock","10":"sale","11":"taxable","12":"shipping-taxable","13":"purchasable","14":"product-type-simple"},"acf":[],"_links":{"self":[{"href":"https:\/\/kingarms.ee\/lt\/wp-json\/wp\/v2\/product\/148204","targetHints":{"allow":["GET"]}}],"collection":[{"href":"https:\/\/kingarms.ee\/lt\/wp-json\/wp\/v2\/product"}],"about":[{"href":"https:\/\/kingarms.ee\/lt\/wp-json\/wp\/v2\/types\/product"}],"wp:featuredmedia":[{"embeddable":true,"href":"https:\/\/kingarms.ee\/lt\/wp-json\/wp\/v2\/media\/148152"}],"wp:attachment":[{"href":"https:\/\/kingarms.ee\/lt\/wp-json\/wp\/v2\/media?parent=148204"}],"wp:term":[{"taxonomy":"product_brand","embeddable":true,"href":"https:\/\/kingarms.ee\/lt\/wp-json\/wp\/v2\/product_brand?post=148204"},{"taxonomy":"product_cat","embeddable":true,"href":"https:\/\/kingarms.ee\/lt\/wp-json\/wp\/v2\/product_cat?post=148204"},{"taxonomy":"product_tag","embeddable":true,"href":"https:\/\/kingarms.ee\/lt\/wp-json\/wp\/v2\/product_tag?post=148204"}],"curies":[{"name":"wp","href":"https:\/\/api.w.org\/{rel}","templated":true}]}}