{"id":148223,"date":"2025-04-27T13:10:48","date_gmt":"2025-04-27T10:11:38","guid":{"rendered":"https:\/\/kingarms.ee\/product\/pneumatinis-pistoletas-borner-aps-su-metaliniu-ir-atatrankos-gaiduku\/"},"modified":"2025-04-27T13:11:38","modified_gmt":"2025-04-27T10:11:38","slug":"pneumatinis-pistoletas-borner-aps-su-metaliniu-ir-atatrankos-gaiduku","status":"publish","type":"product","link":"https:\/\/kingarms.ee\/lt\/product\/pneumatinis-pistoletas-borner-aps-su-metaliniu-ir-atatrankos-gaiduku\/","title":{"rendered":"Pneumatinis pistoletas BORNER APS su metaliniu ir atatrankos gaiduku"},"content":{"rendered":"<p><img loading=\"lazy\" decoding=\"async\" class=\"alignnone size-full wp-image-148208\" src=\"https:\/\/kingarms.ee\/wp-content\/uploads\/2025\/04\/11237182189446.jpeg\" alt=\"\" width=\"815\" height=\"563\" srcset=\"https:\/\/kingarms.ee\/wp-content\/uploads\/2025\/04\/11237182189446.jpeg 815w, https:\/\/kingarms.ee\/wp-content\/uploads\/2025\/04\/11237182189446-300x207.jpeg 300w, https:\/\/kingarms.ee\/wp-content\/uploads\/2025\/04\/11237182189446-768x531.jpeg 768w, https:\/\/kingarms.ee\/wp-content\/uploads\/2025\/04\/11237182189446-500x345.jpeg 500w, https:\/\/kingarms.ee\/wp-content\/uploads\/2025\/04\/11237182189446-150x104.jpeg 150w\" sizes=\"auto, (max-width: 815px) 100vw, 815px\" \/><\/p>\n","protected":false},"excerpt":{"rendered":"<p>&#8222;Borner APS Blowback&#8221; &#8211; tai naujas gerai \u017einomos JAV bendrov\u0117s pneumatinis pistoletas, savo i\u0161vaizda pana\u0161us \u012f gerai \u017einom\u0105 APS (Stechkin automatin\u012f pistolet\u0105).<\/p>\n<p>&#8222;APS Blowback&#8221; modelis pagamintas tik i\u0161 metalo.<br \/>\nPagrindin\u0117 \u0161io pneumatinio ginklo ypatyb\u0117 &#8211; atatrankos sistema, kuri rei\u0161kia, kad po kiekvieno \u0161\u016bvio u\u017eraktas juda atgal.<br \/>\nPistoleto paleidimo mechanizmas yra vienkartinio veikimo, o tai rei\u0161kia, kad pistoletas gali b\u016bti paleid\u017eiamas tiek u\u017etaisant, tiek nuspaudus nuleistuk\u0105.<br \/>\nGaudykl\u0117 pagaminta i\u0161 metalo, joje telpa 17 kulk\u0173.<br \/>\nCO2 balionas montuojamas tiesiai \u012f pistoleto ranken\u0105, prie\u0161 tai nuo rankenos nu\u0117mus plastikin\u012f dangtel\u012f.<br \/>\nVamzdis plieninis, lygus<br \/>\nRankinis apsauginis u\u017eraktas<br \/>\nPradinis greitis yra apie 120 m\/s<br \/>\nPistoleto ilgis &#8211; 213 mm, svoris &#8211; 1040 g.<\/p>\n","protected":false},"featured_media":148328,"template":"","meta":{"_acf_changed":false},"product_brand":[],"product_cat":[1143],"product_tag":[],"class_list":{"0":"post-148223","1":"product","2":"type-product","3":"status-publish","4":"has-post-thumbnail","6":"product_cat-rankinis-ginklas","8":"first","9":"instock","10":"sale","11":"taxable","12":"shipping-taxable","13":"purchasable","14":"product-type-simple"},"acf":[],"_links":{"self":[{"href":"https:\/\/kingarms.ee\/lt\/wp-json\/wp\/v2\/product\/148223","targetHints":{"allow":["GET"]}}],"collection":[{"href":"https:\/\/kingarms.ee\/lt\/wp-json\/wp\/v2\/product"}],"about":[{"href":"https:\/\/kingarms.ee\/lt\/wp-json\/wp\/v2\/types\/product"}],"wp:featuredmedia":[{"embeddable":true,"href":"https:\/\/kingarms.ee\/lt\/wp-json\/wp\/v2\/media\/148328"}],"wp:attachment":[{"href":"https:\/\/kingarms.ee\/lt\/wp-json\/wp\/v2\/media?parent=148223"}],"wp:term":[{"taxonomy":"product_brand","embeddable":true,"href":"https:\/\/kingarms.ee\/lt\/wp-json\/wp\/v2\/product_brand?post=148223"},{"taxonomy":"product_cat","embeddable":true,"href":"https:\/\/kingarms.ee\/lt\/wp-json\/wp\/v2\/product_cat?post=148223"},{"taxonomy":"product_tag","embeddable":true,"href":"https:\/\/kingarms.ee\/lt\/wp-json\/wp\/v2\/product_tag?post=148223"}],"curies":[{"name":"wp","href":"https:\/\/api.w.org\/{rel}","templated":true}]}}