{"id":148235,"date":"2025-04-27T13:18:10","date_gmt":"2025-04-27T10:18:10","guid":{"rendered":"https:\/\/kingarms.ee\/product\/pneumatinis-sautuvas-borner-ngt-kit\/"},"modified":"2025-04-27T13:19:22","modified_gmt":"2025-04-27T10:19:22","slug":"pneumatinis-sautuvas-borner-ngt-kit","status":"publish","type":"product","link":"https:\/\/kingarms.ee\/lt\/product\/pneumatinis-sautuvas-borner-ngt-kit\/","title":{"rendered":"Pneumatinis \u0161autuvas BORNER NGT KIT"},"content":{"rendered":"<p><img loading=\"lazy\" decoding=\"async\" class=\"alignnone size-full wp-image-148226\" src=\"https:\/\/kingarms.ee\/wp-content\/uploads\/2025\/04\/b0eea2f13e908c80e233b25ab27cbb45.jpeg\" alt=\"\" width=\"360\" height=\"270\" srcset=\"https:\/\/kingarms.ee\/wp-content\/uploads\/2025\/04\/b0eea2f13e908c80e233b25ab27cbb45.jpeg 360w, https:\/\/kingarms.ee\/wp-content\/uploads\/2025\/04\/b0eea2f13e908c80e233b25ab27cbb45-300x225.jpeg 300w, https:\/\/kingarms.ee\/wp-content\/uploads\/2025\/04\/b0eea2f13e908c80e233b25ab27cbb45-150x113.jpeg 150w\" sizes=\"auto, (max-width: 360px) 100vw, 360px\" \/><\/p>\n","protected":false},"excerpt":{"rendered":"<p>Pneumatinis \u0161autuvas BORNER NGT KIT<\/p>\n<p>Gamintojas Borner<br \/>\n1895 m. modelio Naganti revolverio prototipas<br \/>\nTipas Pneumatinis pistoletas<br \/>\nTipas Duj\u0173 balion\u0173 pneumatika<br \/>\nKalibras 4,5 mm<\/p>\n<p>Greitis 100 m\/s<br \/>\nAguon\u0173 tipas: \u0161vino rutuliukai<br \/>\nVamzd\u017eio tipas: skl\u0105stinis vamzdis<br \/>\nMokes\u010di\u0173 skai\u010dius 7 vnt.<br \/>\n\u0160audymo re\u017eimas: pusiau automatinis<br \/>\nEnergijos \u0161altinis Duj\u0173 balionas CO2 12 gram\u0173<br \/>\nApsaugin\u0117 eilut\u0117 Taip<br \/>\nDang\u010dio med\u017eiaga: metalas<br \/>\nR\u0117mo med\u017eiaga: metalas, plastikas<br \/>\nSpalva Juoda, ruda<br \/>\nVamzd\u017eio ilgis 114 mm<br \/>\nDydis 230 mm<br \/>\nSvoris 0,7 kg<\/p>\n","protected":false},"featured_media":148230,"template":"","meta":{"_acf_changed":false},"product_brand":[],"product_cat":[1143],"product_tag":[],"class_list":{"0":"post-148235","1":"product","2":"type-product","3":"status-publish","4":"has-post-thumbnail","6":"product_cat-rankinis-ginklas","8":"first","9":"instock","10":"taxable","11":"shipping-taxable","12":"purchasable","13":"product-type-simple"},"acf":[],"_links":{"self":[{"href":"https:\/\/kingarms.ee\/lt\/wp-json\/wp\/v2\/product\/148235","targetHints":{"allow":["GET"]}}],"collection":[{"href":"https:\/\/kingarms.ee\/lt\/wp-json\/wp\/v2\/product"}],"about":[{"href":"https:\/\/kingarms.ee\/lt\/wp-json\/wp\/v2\/types\/product"}],"wp:featuredmedia":[{"embeddable":true,"href":"https:\/\/kingarms.ee\/lt\/wp-json\/wp\/v2\/media\/148230"}],"wp:attachment":[{"href":"https:\/\/kingarms.ee\/lt\/wp-json\/wp\/v2\/media?parent=148235"}],"wp:term":[{"taxonomy":"product_brand","embeddable":true,"href":"https:\/\/kingarms.ee\/lt\/wp-json\/wp\/v2\/product_brand?post=148235"},{"taxonomy":"product_cat","embeddable":true,"href":"https:\/\/kingarms.ee\/lt\/wp-json\/wp\/v2\/product_cat?post=148235"},{"taxonomy":"product_tag","embeddable":true,"href":"https:\/\/kingarms.ee\/lt\/wp-json\/wp\/v2\/product_tag?post=148235"}],"curies":[{"name":"wp","href":"https:\/\/api.w.org\/{rel}","templated":true}]}}