{"id":148278,"date":"2025-04-27T13:41:15","date_gmt":"2025-04-27T10:42:04","guid":{"rendered":"https:\/\/kingarms.ee\/product\/pneumatinis-sautuvas-colt-1911-su-atatrankos-rinkiniu\/"},"modified":"2025-04-27T13:42:04","modified_gmt":"2025-04-27T10:42:04","slug":"pneumatinis-sautuvas-colt-1911-su-atatrankos-rinkiniu","status":"publish","type":"product","link":"https:\/\/kingarms.ee\/lt\/product\/pneumatinis-sautuvas-colt-1911-su-atatrankos-rinkiniu\/","title":{"rendered":"Pneumatinis \u0161autuvas Colt 1911 su atatrankos RINKINIU"},"content":{"rendered":"<p><img loading=\"lazy\" decoding=\"async\" class=\"alignnone size-full wp-image-148270\" src=\"https:\/\/kingarms.ee\/wp-content\/uploads\/2025\/04\/5aefda8948ee17ab4d52b62755b1a6e0.jpeg\" alt=\"\" width=\"1000\" height=\"750\" srcset=\"https:\/\/kingarms.ee\/wp-content\/uploads\/2025\/04\/5aefda8948ee17ab4d52b62755b1a6e0.jpeg 1000w, https:\/\/kingarms.ee\/wp-content\/uploads\/2025\/04\/5aefda8948ee17ab4d52b62755b1a6e0-300x225.jpeg 300w, https:\/\/kingarms.ee\/wp-content\/uploads\/2025\/04\/5aefda8948ee17ab4d52b62755b1a6e0-768x576.jpeg 768w, https:\/\/kingarms.ee\/wp-content\/uploads\/2025\/04\/5aefda8948ee17ab4d52b62755b1a6e0-500x375.jpeg 500w, https:\/\/kingarms.ee\/wp-content\/uploads\/2025\/04\/5aefda8948ee17ab4d52b62755b1a6e0-150x113.jpeg 150w\" sizes=\"auto, (max-width: 1000px) 100vw, 1000px\" \/><\/p>\n","protected":false},"excerpt":{"rendered":"<p>Pneumatinis \u0161autuvas Colt 1911 su atatrankos RINKINIU<\/p>\n<p>Gamintojas Borner<br \/>\nTipas Pneumatinis pistoletas<br \/>\nTipas Duj\u0173 balion\u0173 pneumatika<br \/>\nKalibras 4,5 mm<\/p>\n<p>Greitis 115 m\/s<br \/>\nM\u0117nulio tipas: apvalus 4,5 mm<br \/>\nVamzd\u017eio tipas: skl\u0105stinis vamzdis<br \/>\nSalvemaht 17 i\u0161girdo<br \/>\n\u0160audymo re\u017eimas: pusiau automatinis<br \/>\nEnergijos \u0161altinis Duj\u0173 balionas CO2 12 gram\u0173<br \/>\nGalimas at\u0161okimas<br \/>\nApsaugin\u0117 eilut\u0117 Taip<br \/>\nR\u0117mo med\u017eiaga: meta<br \/>\nSpalva Juoda, ruda<br \/>\nDydis 220 mm<br \/>\nSvoris 0,9 kg<\/p>\n","protected":false},"featured_media":148274,"template":"","meta":{"_acf_changed":false},"product_brand":[],"product_cat":[1143],"product_tag":[],"class_list":{"0":"post-148278","1":"product","2":"type-product","3":"status-publish","4":"has-post-thumbnail","6":"product_cat-rankinis-ginklas","8":"first","9":"instock","10":"sale","11":"taxable","12":"shipping-taxable","13":"purchasable","14":"product-type-simple"},"acf":[],"_links":{"self":[{"href":"https:\/\/kingarms.ee\/lt\/wp-json\/wp\/v2\/product\/148278","targetHints":{"allow":["GET"]}}],"collection":[{"href":"https:\/\/kingarms.ee\/lt\/wp-json\/wp\/v2\/product"}],"about":[{"href":"https:\/\/kingarms.ee\/lt\/wp-json\/wp\/v2\/types\/product"}],"wp:featuredmedia":[{"embeddable":true,"href":"https:\/\/kingarms.ee\/lt\/wp-json\/wp\/v2\/media\/148274"}],"wp:attachment":[{"href":"https:\/\/kingarms.ee\/lt\/wp-json\/wp\/v2\/media?parent=148278"}],"wp:term":[{"taxonomy":"product_brand","embeddable":true,"href":"https:\/\/kingarms.ee\/lt\/wp-json\/wp\/v2\/product_brand?post=148278"},{"taxonomy":"product_cat","embeddable":true,"href":"https:\/\/kingarms.ee\/lt\/wp-json\/wp\/v2\/product_cat?post=148278"},{"taxonomy":"product_tag","embeddable":true,"href":"https:\/\/kingarms.ee\/lt\/wp-json\/wp\/v2\/product_tag?post=148278"}],"curies":[{"name":"wp","href":"https:\/\/api.w.org\/{rel}","templated":true}]}}