{"id":148316,"date":"2025-04-27T13:47:55","date_gmt":"2025-04-27T10:49:41","guid":{"rendered":"https:\/\/kingarms.ee\/product\/pneumatinis-sautuvas-borner-tt-45-mm-kit\/"},"modified":"2025-04-27T13:49:41","modified_gmt":"2025-04-27T10:49:41","slug":"pneumatinis-sautuvas-borner-tt-45-mm-kit","status":"publish","type":"product","link":"https:\/\/kingarms.ee\/lt\/product\/pneumatinis-sautuvas-borner-tt-45-mm-kit\/","title":{"rendered":"Pneumatinis \u0161autuvas BORNER TT 4,5 mm KIT"},"content":{"rendered":"<p><img loading=\"lazy\" decoding=\"async\" class=\"alignnone size-full wp-image-148294\" src=\"https:\/\/kingarms.ee\/wp-content\/uploads\/2025\/04\/6b5bf1cc0d767e7be155e213e2f7a454.jpeg\" alt=\"\" width=\"1000\" height=\"750\" srcset=\"https:\/\/kingarms.ee\/wp-content\/uploads\/2025\/04\/6b5bf1cc0d767e7be155e213e2f7a454.jpeg 1000w, https:\/\/kingarms.ee\/wp-content\/uploads\/2025\/04\/6b5bf1cc0d767e7be155e213e2f7a454-300x225.jpeg 300w, https:\/\/kingarms.ee\/wp-content\/uploads\/2025\/04\/6b5bf1cc0d767e7be155e213e2f7a454-768x576.jpeg 768w, https:\/\/kingarms.ee\/wp-content\/uploads\/2025\/04\/6b5bf1cc0d767e7be155e213e2f7a454-500x375.jpeg 500w, https:\/\/kingarms.ee\/wp-content\/uploads\/2025\/04\/6b5bf1cc0d767e7be155e213e2f7a454-150x113.jpeg 150w\" sizes=\"auto, (max-width: 1000px) 100vw, 1000px\" \/><\/p>\n","protected":false},"excerpt":{"rendered":"<p>Pneumatinis \u0161autuvas BORNER TT 4,5 mm KIT<\/p>\n<p>Pneumatinis \u0161autuvas Colt 1911 su atatrankos RINKINIU<\/p>\n<p>Gamintojas Borner<br \/>\nTipas Pneumatinis pistoletas<br \/>\nTipas Duj\u0173 balion\u0173 pneumatika<br \/>\nKalibras 4,5 mm<\/p>\n<p>Greitis 115 m\/s<br \/>\nM\u0117nulio tipas: apvalus 4,5 mm<br \/>\nVamzd\u017eio tipas: skl\u0105stinis vamzdis<br \/>\nSalvemaht 16 m\u0117nesi\u0173<br \/>\n\u0160audymo re\u017eimas: pusiau automatinis<br \/>\nEnergijos \u0161altinis Duj\u0173 balionas CO2 12 gram\u0173<br \/>\nGalimas at\u0161okimas<br \/>\nApsaugin\u0117 eilut\u0117 Taip<br \/>\nR\u0117mo med\u017eiaga: metalas<br \/>\nSpalva Juoda, ruda<br \/>\nDydis 200 mm<br \/>\nSvoris 0,8 kg<\/p>\n","protected":false},"featured_media":148298,"template":"","meta":{"_acf_changed":false},"product_brand":[],"product_cat":[1143],"product_tag":[],"class_list":{"0":"post-148316","1":"product","2":"type-product","3":"status-publish","4":"has-post-thumbnail","6":"product_cat-rankinis-ginklas","8":"first","9":"instock","10":"sale","11":"taxable","12":"shipping-taxable","13":"purchasable","14":"product-type-simple"},"acf":[],"_links":{"self":[{"href":"https:\/\/kingarms.ee\/lt\/wp-json\/wp\/v2\/product\/148316","targetHints":{"allow":["GET"]}}],"collection":[{"href":"https:\/\/kingarms.ee\/lt\/wp-json\/wp\/v2\/product"}],"about":[{"href":"https:\/\/kingarms.ee\/lt\/wp-json\/wp\/v2\/types\/product"}],"wp:featuredmedia":[{"embeddable":true,"href":"https:\/\/kingarms.ee\/lt\/wp-json\/wp\/v2\/media\/148298"}],"wp:attachment":[{"href":"https:\/\/kingarms.ee\/lt\/wp-json\/wp\/v2\/media?parent=148316"}],"wp:term":[{"taxonomy":"product_brand","embeddable":true,"href":"https:\/\/kingarms.ee\/lt\/wp-json\/wp\/v2\/product_brand?post=148316"},{"taxonomy":"product_cat","embeddable":true,"href":"https:\/\/kingarms.ee\/lt\/wp-json\/wp\/v2\/product_cat?post=148316"},{"taxonomy":"product_tag","embeddable":true,"href":"https:\/\/kingarms.ee\/lt\/wp-json\/wp\/v2\/product_tag?post=148316"}],"curies":[{"name":"wp","href":"https:\/\/api.w.org\/{rel}","templated":true}]}}