{"id":148381,"date":"2018-08-31T11:09:03","date_gmt":"2025-05-02T11:11:02","guid":{"rendered":"https:\/\/kingarms.ee\/product\/to552-raudonas-zalias-taskas-taikinys-teta\/"},"modified":"2025-05-02T14:11:02","modified_gmt":"2025-05-02T11:11:02","slug":"to552-raudonas-zalias-taskas-taikinys-teta","status":"publish","type":"product","link":"https:\/\/kingarms.ee\/lt\/product\/to552-raudonas-zalias-taskas-taikinys-teta\/","title":{"rendered":"To552 raudonas \/ \u017ealias ta\u0161kas taikinys (teta)<br><br>"},"content":{"rendered":"<p><a href=\"https:\/\/kingarms.ee\/wp-content\/uploads\/2018\/04\/1152209281_1.jpg\"><img loading=\"lazy\" decoding=\"async\" class=\"alignnone size-medium wp-image-2636\" src=\"https:\/\/kingarms.ee\/wp-content\/uploads\/2018\/04\/1152209281_1-300x200.jpg\" alt=\"\" width=\"300\" height=\"200\"><\/a><\/p>\n","protected":false},"excerpt":{"rendered":"<p>To552 raudonas \/ \u017ealias ta\u0161kas taikinys (teta)<\/p>\n<p>Theta Optics to552 precision sight yra su dviem AA baterijomis, kuri\u0173 dizainas yra modeliuojamas holografiniu skerspj\u016bviu.<\/p>\n<p> Vartotojas gali pasirinkti raudon\u0105 arba \u017eali\u0105 ta\u0161k\u0105.<\/p>\n<p> Produktas leid\u017eia dirbti dien\u0105 ar nakt\u012f.<\/p>\n<p> Ta\u0161k\u0105 galima reguliuoti vertikaliai ir horizontaliai.<\/p>\n<p> Taip pat galima reguliuoti intensyvum\u0105.<\/p>\n<p> Tiksl\u016bs taikikliai, skirti montuoti ant standartinio 22 mm UIP b\u0117gio.<\/p>\n<p> Visas korpusas yra metalinis ir patvarus.<\/p>\n<p>Teta optika siekia ne tik teikti auk\u0161tos kokyb\u0117s optin\u0119 \u012frang\u0105, bet ir nuolat praturtinti inovatyvius sprendimus, kurie da\u017eniausiai yra auk\u0161tesn\u0117s kokyb\u0117s produktai.<\/p>\n<p> Prie\u0161 parduodant, kiekvieno produkto kokyb\u0117s bandymai atliekami.<\/p>\n<p> Teta optika yra puikus sprendimas ie\u0161kantiems kokybi\u0161ko produkto u\u017e priimtin\u0105 kain\u0105.<\/p>\n<p>\u012e komplekt\u0105 \u012feina:<\/p>\n<p>&#8211; tikslus taikinys<\/p>\n<p>&#8211; baterijos<\/p>\n<p>&#8211; valymo \u0161luost\u0117s<\/p>\n<p>&#8211; valymo \u0161luost\u0117s<\/p>\n","protected":false},"featured_media":106336,"template":"","meta":{"_acf_changed":false},"product_brand":[],"product_cat":[1205],"product_tag":[],"class_list":{"0":"post-148381","1":"product","2":"type-product","3":"status-publish","4":"has-post-thumbnail","6":"product_cat-vaizdai-lt","8":"first","9":"instock","10":"purchasable","11":"product-type-simple"},"acf":[],"_links":{"self":[{"href":"https:\/\/kingarms.ee\/lt\/wp-json\/wp\/v2\/product\/148381","targetHints":{"allow":["GET"]}}],"collection":[{"href":"https:\/\/kingarms.ee\/lt\/wp-json\/wp\/v2\/product"}],"about":[{"href":"https:\/\/kingarms.ee\/lt\/wp-json\/wp\/v2\/types\/product"}],"wp:featuredmedia":[{"embeddable":true,"href":"https:\/\/kingarms.ee\/lt\/wp-json\/wp\/v2\/media\/106336"}],"wp:attachment":[{"href":"https:\/\/kingarms.ee\/lt\/wp-json\/wp\/v2\/media?parent=148381"}],"wp:term":[{"taxonomy":"product_brand","embeddable":true,"href":"https:\/\/kingarms.ee\/lt\/wp-json\/wp\/v2\/product_brand?post=148381"},{"taxonomy":"product_cat","embeddable":true,"href":"https:\/\/kingarms.ee\/lt\/wp-json\/wp\/v2\/product_cat?post=148381"},{"taxonomy":"product_tag","embeddable":true,"href":"https:\/\/kingarms.ee\/lt\/wp-json\/wp\/v2\/product_tag?post=148381"}],"curies":[{"name":"wp","href":"https:\/\/api.w.org\/{rel}","templated":true}]}}