{"id":148384,"date":"2018-08-31T11:08:54","date_gmt":"2025-05-02T13:05:51","guid":{"rendered":"https:\/\/kingarms.ee\/product\/ploksteliu-laikiklis-su-kisenemis-multicam\/"},"modified":"2025-05-02T16:05:51","modified_gmt":"2025-05-02T13:05:51","slug":"ploksteliu-laikiklis-su-kisenemis-multicam","status":"publish","type":"product","link":"https:\/\/kingarms.ee\/lt\/product\/ploksteliu-laikiklis-su-kisenemis-multicam\/","title":{"rendered":"Plok\u0161teli\u0173 laikiklis su ki\u0161en\u0117mis-Multicam<br><br>"},"content":{"rendered":"<p><a href=\"https:\/\/kingarms.ee\/wp-content\/uploads\/2018\/03\/1152209121_1.jpg\"><img loading=\"lazy\" decoding=\"async\" class=\"alignnone size-medium wp-image-2389\" src=\"https:\/\/kingarms.ee\/wp-content\/uploads\/2018\/03\/1152209121_1-300x200.jpg\" alt=\"\" width=\"300\" height=\"200\"><\/a><\/p>\n","protected":false},"excerpt":{"rendered":"<p>Plok\u0161teli\u0173 laikiklis su ki\u0161en\u0117mis-Multicam<\/p>\n<p>TAKTILIVE LIEMEN\u0116<\/p>\n<p>Pritvirtinta anga su reguliuojamu Velcro ir spaustuku<\/p>\n<p>GREITAS ATLEIDIMAS PER METALINIUS KABELIUS<\/p>\n<p>PRIEKINIAI IR GALINIAI MOLLE DIR\u017dAI<\/p>\n<p>Reguliuojami pe\u010di\u0173 dir\u017eeliai su Velcro<\/p>\n<p>1 admin krep\u0161ys pistoleto \u017eurnalui KAHTI ir kablio ir kilpos srities pleistras<\/p>\n<p>3 kartus dvigubas \u0161autuvas laiko krep\u0161ys su elastinga ir Velcro<\/p>\n<p>1 vertikalus didelio naudojimo krep\u0161ys su dviguba portaline lazda<\/p>\n<p>1 KLAPSUGA RAADIOKOTT<\/p>\n<p>Visi krep\u0161iai yra nuimami ir pakeisti MOLLE SYSTM<\/p>\n<p>PARUO\u0160TI BALISTIKURAS (NE\u012eSKAI\u010cIUOTA)<\/p>\n<p>VIENAS DYDIS, REGULIUOJAMAS<\/p>\n<p>MULTICAM SPALVA<\/p>\n","protected":false},"featured_media":106154,"template":"","meta":{"_acf_changed":false},"product_brand":[],"product_cat":[1235],"product_tag":[],"class_list":{"0":"post-148384","1":"product","2":"type-product","3":"status-publish","4":"has-post-thumbnail","6":"product_cat-liemeneles-ir-dirzai","8":"first","9":"onbackorder","10":"product-type-simple"},"acf":[],"_links":{"self":[{"href":"https:\/\/kingarms.ee\/lt\/wp-json\/wp\/v2\/product\/148384","targetHints":{"allow":["GET"]}}],"collection":[{"href":"https:\/\/kingarms.ee\/lt\/wp-json\/wp\/v2\/product"}],"about":[{"href":"https:\/\/kingarms.ee\/lt\/wp-json\/wp\/v2\/types\/product"}],"wp:featuredmedia":[{"embeddable":true,"href":"https:\/\/kingarms.ee\/lt\/wp-json\/wp\/v2\/media\/106154"}],"wp:attachment":[{"href":"https:\/\/kingarms.ee\/lt\/wp-json\/wp\/v2\/media?parent=148384"}],"wp:term":[{"taxonomy":"product_brand","embeddable":true,"href":"https:\/\/kingarms.ee\/lt\/wp-json\/wp\/v2\/product_brand?post=148384"},{"taxonomy":"product_cat","embeddable":true,"href":"https:\/\/kingarms.ee\/lt\/wp-json\/wp\/v2\/product_cat?post=148384"},{"taxonomy":"product_tag","embeddable":true,"href":"https:\/\/kingarms.ee\/lt\/wp-json\/wp\/v2\/product_tag?post=148384"}],"curies":[{"name":"wp","href":"https:\/\/api.w.org\/{rel}","templated":true}]}}