{"id":148405,"date":"2018-08-31T11:08:37","date_gmt":"2018-08-31T08:08:37","guid":{"rendered":"https:\/\/kingarms.ee\/product\/ismanusis-ikroviklis-omnicharger\/"},"modified":"2025-05-02T16:42:50","modified_gmt":"2025-05-02T13:42:50","slug":"ismanusis-ikroviklis-omnicharger","status":"publish","type":"product","link":"https:\/\/kingarms.ee\/lt\/product\/ismanusis-ikroviklis-omnicharger\/","title":{"rendered":"I\u0161manusis \u012fkroviklis-OmniCharger<br><br>"},"content":{"rendered":"<p><a href=\"https:\/\/kingarms.ee\/wp-content\/uploads\/2018\/08\/1152221174_1-300x200.jpg\"><img loading=\"lazy\" decoding=\"async\" class=\"alignnone size-medium wp-image-26349\" src=\"https:\/\/kingarms.ee\/wp-content\/uploads\/2018\/08\/1152221174_1-300x200.jpg\" alt=\"\" width=\"300\" height=\"200\" srcset=\"https:\/\/kingarms.ee\/wp-content\/uploads\/2018\/08\/1152221174_1-300x200.jpg 300w, https:\/\/kingarms.ee\/wp-content\/uploads\/2018\/08\/1152221174_1-150x100.jpg 150w, https:\/\/kingarms.ee\/wp-content\/uploads\/2018\/08\/1152221174_1-500x333.jpg 500w, https:\/\/kingarms.ee\/wp-content\/uploads\/2018\/08\/1152221174_1-768x512.jpg 768w, https:\/\/kingarms.ee\/wp-content\/uploads\/2018\/08\/1152221174_1.jpg 800w\" sizes=\"auto, (max-width: 300px) 100vw, 300px\" \/><\/a><\/p>\n","protected":false},"excerpt":{"rendered":"<p>Nutikas laadija-OmniCharger<\/p>\n<p>Kompakti\u0161kas, paprastas naudoti, universalus i\u0161manusis \u012fkroviklis i\u0161 Specnaarm.<\/p>\n<p> \u012ekrovikliu galima \u012fkrauti Lilon, LiPo, LiFe, Ni-Cd, Ni-MH, PB tipo baterijas.<\/p>\n<p>Funkcija:<\/p>\n<p>Mm-134 mm-86 mm-26 mm<\/p>\n<p>\u012evesties srov\u0117s diapazonas: DC 11.0~18.0 V<\/p>\n<p>I\u0161\u0117jimo galia:<\/p>\n<p>&#8211; Maksimali \u012fkrovimo galia 50 V<\/p>\n<p>&#8211; Maksimali i\u0161krovimo galia 5 V<\/p>\n<p>\u012ekrovimo srov\u0117s diapazonas: 0,1~5,0 A<\/p>\n<p>I\u0161leidimo diapazonas: 0,1~1,0 A<\/p>\n<p>Balansavimas: 300 mAh \/ elementas<\/p>\n<p>Palaikom\u0173 NiCD \/ NiMH element\u0173 skai\u010dius: 1 ~ 15 element\u0173<\/p>\n<p>Palaikom\u0173 Li-Po \/ Fe \/ jon\u0173 element\u0173 skai\u010dius: 1 ~ 6 elementai<\/p>\n<p>Palaikomi Pb elementai: 2~20V<\/p>\n<p>\u012ekroviklio atminties vietos: ne daugiau kaip 5 baterijos<\/p>\n<p>Akumuliatoriaus \u012fkrovimo \/ i\u0161krovimo ciklo parinktis<\/p>\n<p>4 programavimo mygtukai<\/p>\n<p>Integruotos jungtys:<\/p>\n<p>&#8211; balansavimo jungtys 2s, 3s, 4s, 5s, 6s<\/p>\n<p>&#8211; Auksin\u0117 4 mm jungtis<\/p>\n<p>&#8211; Temperat\u016bros matuoklio jungtis<\/p>\n","protected":false},"featured_media":112304,"template":"","meta":{"_acf_changed":false},"product_brand":[],"product_cat":[1193],"product_tag":[],"class_list":{"0":"post-148405","1":"product","2":"type-product","3":"status-publish","4":"has-post-thumbnail","6":"product_cat-ikrovikliai","8":"first","9":"instock","10":"purchasable","11":"product-type-simple"},"acf":[],"_links":{"self":[{"href":"https:\/\/kingarms.ee\/lt\/wp-json\/wp\/v2\/product\/148405","targetHints":{"allow":["GET"]}}],"collection":[{"href":"https:\/\/kingarms.ee\/lt\/wp-json\/wp\/v2\/product"}],"about":[{"href":"https:\/\/kingarms.ee\/lt\/wp-json\/wp\/v2\/types\/product"}],"wp:featuredmedia":[{"embeddable":true,"href":"https:\/\/kingarms.ee\/lt\/wp-json\/wp\/v2\/media\/112304"}],"wp:attachment":[{"href":"https:\/\/kingarms.ee\/lt\/wp-json\/wp\/v2\/media?parent=148405"}],"wp:term":[{"taxonomy":"product_brand","embeddable":true,"href":"https:\/\/kingarms.ee\/lt\/wp-json\/wp\/v2\/product_brand?post=148405"},{"taxonomy":"product_cat","embeddable":true,"href":"https:\/\/kingarms.ee\/lt\/wp-json\/wp\/v2\/product_cat?post=148405"},{"taxonomy":"product_tag","embeddable":true,"href":"https:\/\/kingarms.ee\/lt\/wp-json\/wp\/v2\/product_tag?post=148405"}],"curies":[{"name":"wp","href":"https:\/\/api.w.org\/{rel}","templated":true}]}}